{"id":26301,"date":"2025-04-03T09:22:39","date_gmt":"2025-04-03T09:22:39","guid":{"rendered":"https:\/\/esquell.eu\/product\/jeu-de-4-feuilles-abrasives-320-1000-1200-2000\/"},"modified":"2025-12-22T11:14:18","modified_gmt":"2025-12-22T11:14:18","slug":"jeu-de-4-feuilles-abrasives-320-1000-1200-2000","status":"publish","type":"product","link":"https:\/\/esquell.eu\/fr\/produit\/jeu-de-4-feuilles-abrasives-320-1000-1200-2000\/","title":{"rendered":"Lamelles de pon\u00e7age rectangulaires. Diff\u00e9rents grains"},"content":{"rendered":"<p>Feuilles abrasives pour m\u00e9taux \/ bijoux \/ argile m\u00e9tallique<\/p>\n<p>Rectangulaire. Diverses granulom\u00e9tries <\/p>\n","protected":false},"excerpt":{"rendered":"<p>Jeu de 4 bandes abrasives<\/p>\n<p>Grit 320<br \/>\nGrit 1000<br \/>\nGrit 1200<br \/>\nGrit 2000<\/p>\n","protected":false},"featured_media":26315,"comment_status":"closed","ping_status":"closed","template":"","meta":{"_acf_changed":false,"_seopress_robots_primary_cat":"none","_seopress_titles_title":"","_seopress_titles_desc":"","_seopress_robots_index":""},"more":[],"product_brand":[6363],"product_cat":[6366],"product_tag":[6645,19838,6646,6847,7016,6923,6638,8074,7339,6404,6378,6390,6405,6376,6565,7867,6575,17750,20229,14399,20234,6393,6372,7578,10060,14832,7598,6402,6641,6958,6389,7360,6716,6409,11346,6935,7770,13649,7652,6655,17652,7043,6374,6798,10110,11839,6785,6635,6653,6933,6712,6651,11278,6659,6801,6369,20228,21862,6789,7042,7851,11024,9875,10064,6708,6759,8701,10137,6661,6567,6643,6636,20233,6657,11371,11373,6665,7092,6710,14032,12633,20230,8861,10199,8743,7094,6925,6805,6663,13827,19916,20232,6787,6803,6667,7032],"class_list":{"0":"post-26301","1":"product","2":"type-product","3":"status-publish","4":"has-post-thumbnail","6":"product_brand-bm","7":"product_cat-poncage-limage-et-polissage","8":"product_tag-a","9":"product_tag-abrasifs","10":"product_tag-acheter","11":"product_tag-acier-inoxydable","12":"product_tag-amende-2","13":"product_tag-amsterdam","14":"product_tag-anneaux","15":"product_tag-antique","16":"product_tag-argent-malleable","17":"product_tag-argile-argentee","18":"product_tag-argile-metallique","19":"product_tag-argile-metallique-2","20":"product_tag-artclay","21":"product_tag-artclaysilver","22":"product_tag-atelier","23":"product_tag-atelier-de-bijouterie","24":"product_tag-ateliers","25":"product_tag-bande-abrasive","26":"product_tag-bande-abrasive-2","27":"product_tag-bandeau","28":"product_tag-batons-de-poncage","29":"product_tag-belgique","30":"product_tag-bijoux","31":"product_tag-bijoux-commemoratifs","32":"product_tag-bijoux-commemoratifs-2","33":"product_tag-bijoux-datelier","34":"product_tag-bijoux-en-frene","35":"product_tag-bon-marche","36":"product_tag-boucles-doreilles","37":"product_tag-boutique","38":"product_tag-boutique-en-ligne","39":"product_tag-bracelets","40":"product_tag-breloques","41":"product_tag-bricolage","42":"product_tag-briller","43":"product_tag-bruxelles","44":"product_tag-camps","45":"product_tag-cereales","46":"product_tag-description-du-travail","47":"product_tag-drenthe","48":"product_tag-empreinte-digitale-2","49":"product_tag-enschede","50":"product_tag-faire","51":"product_tag-faire-2","52":"product_tag-fait","53":"product_tag-finition-2","54":"product_tag-flevoland","55":"product_tag-fournitures","56":"product_tag-frise","57":"product_tag-gentilhomme","58":"product_tag-gratuit","59":"product_tag-groningue","60":"product_tag-grossier","61":"product_tag-gueldre","62":"product_tag-il","63":"product_tag-largent","64":"product_tag-lattes-de-poncage","65":"product_tag-lattes-de-poncage-2","66":"product_tag-limbourg","67":"product_tag-maastricht","68":"product_tag-manuel","69":"product_tag-materiaux","70":"product_tag-memoire","71":"product_tag-memoire-2","72":"product_tag-mercerie","73":"product_tag-metal","74":"product_tag-metal-3","75":"product_tag-metal-precieux","76":"product_tag-nord","77":"product_tag-offrir","78":"product_tag-ou","79":"product_tag-outils","80":"product_tag-outils-de-poncage-2","81":"product_tag-overijssel","82":"product_tag-papier-de-verre","83":"product_tag-patin-de-poncage","84":"product_tag-pays-bas-2","85":"product_tag-pendentif-2","86":"product_tag-pendentifs","87":"product_tag-perles-6","88":"product_tag-pieces-de-bijouterie-3","89":"product_tag-planche-a-poncer","90":"product_tag-polissage","91":"product_tag-polissage-du-miroir","92":"product_tag-poncage","93":"product_tag-pont","94":"product_tag-rotterdam","95":"product_tag-soi","96":"product_tag-sud","97":"product_tag-tampons-de-poncage","98":"product_tag-tres","99":"product_tag-ultra","100":"product_tag-utrecht","101":"product_tag-votre","102":"product_tag-zelande","103":"product_tag-zwolle","104":"product_shipping_class-standard","105":"pa_korrel-20224","106":"pa_korrel-20221","107":"pa_korrel-20222","108":"pa_korrel-20223","109":"pa_korrel-20220","110":"pa_korrel-20225","111":"pa_korrel-20226","112":"pa_korrel-set-320-1000-1200-2000","114":"first","115":"instock","116":"sale","117":"taxable","118":"shipping-taxable","119":"purchasable","120":"product-type-variable"},"acf":[],"_links":{"self":[{"href":"https:\/\/esquell.eu\/fr\/wp-json\/wp\/v2\/product\/26301","targetHints":{"allow":["GET"]}}],"collection":[{"href":"https:\/\/esquell.eu\/fr\/wp-json\/wp\/v2\/product"}],"about":[{"href":"https:\/\/esquell.eu\/fr\/wp-json\/wp\/v2\/types\/product"}],"replies":[{"embeddable":true,"href":"https:\/\/esquell.eu\/fr\/wp-json\/wp\/v2\/comments?post=26301"}],"wp:featuredmedia":[{"embeddable":true,"href":"https:\/\/esquell.eu\/fr\/wp-json\/wp\/v2\/media\/26315"}],"wp:attachment":[{"href":"https:\/\/esquell.eu\/fr\/wp-json\/wp\/v2\/media?parent=26301"}],"wp:term":[{"taxonomy":"more","embeddable":true,"href":"https:\/\/esquell.eu\/fr\/wp-json\/wp\/v2\/more?post=26301"},{"taxonomy":"product_brand","embeddable":true,"href":"https:\/\/esquell.eu\/fr\/wp-json\/wp\/v2\/product_brand?post=26301"},{"taxonomy":"product_cat","embeddable":true,"href":"https:\/\/esquell.eu\/fr\/wp-json\/wp\/v2\/product_cat?post=26301"},{"taxonomy":"product_tag","embeddable":true,"href":"https:\/\/esquell.eu\/fr\/wp-json\/wp\/v2\/product_tag?post=26301"}],"curies":[{"name":"wp","href":"https:\/\/api.w.org\/{rel}","templated":true}]}}