{"id":26275,"date":"2025-04-03T09:22:39","date_gmt":"2025-04-03T09:22:39","guid":{"rendered":"https:\/\/esquell.eu\/product\/brosse-a-polir-en-acier-inoxydable-lot-de-2-1x-a-poils-longs-et-1x-a-poils-courts\/"},"modified":"2026-02-14T10:22:43","modified_gmt":"2026-02-14T10:22:43","slug":"brosse-a-polir-en-acier-inoxydable-lot-de-2-1x-a-poils-longs-et-1x-a-poils-courts","status":"publish","type":"product","link":"https:\/\/esquell.eu\/fr\/produit\/brosse-a-polir-en-acier-inoxydable-lot-de-2-1x-a-poils-longs-et-1x-a-poils-courts\/","title":{"rendered":"Brosse \u00e0 polir en acier inoxydable Lot de 2, 1x \u00e0 poils longs et 1x \u00e0 poils courts."},"content":{"rendered":"<p>Jeu de 2 brosses de polissage en acier.1x poils longs, 1x poils courts<\/p>\n<p>Brosse \u00e0 polir pour \u00e9liminer l&rsquo;oxydation et la ternissure sur les m\u00e9taux. Apr\u00e8s avoir chauff\u00e9 l&rsquo;argile m\u00e9tallique, vous pouvez utiliser ce pinceau pour polir le m\u00e9tal et la couleur du m\u00e9tal appara\u00eetra. La finition est alors mate. Pour obtenir une finition brillante, poncez, polissez et lustrez avec d&rsquo;autres moyens tels que des tampons \u00e0 poncer, des tampons \u00e0 polir, des disques \u00e0 polir, de la p\u00e2te \u00e0 polir et une plume d&rsquo;agate ou de l&rsquo;acier bronze.   <\/p>\n","protected":false},"excerpt":{"rendered":"<p>Jeu de 2 brosses de polissage en acier.1x poils longs, 1x poils courts<\/p>\n<p>&nbsp;<\/p>\n<p>Brosse \u00e0 polir pour \u00e9liminer l&rsquo;oxydation et la ternissure sur les m\u00e9taux. Apr\u00e8s avoir chauff\u00e9 l&rsquo;argile m\u00e9tallique, vous pouvez utiliser ce pinceau pour polir le m\u00e9tal et la couleur du m\u00e9tal appara\u00eetra. La finition est alors mate. Pour obtenir une finition brillante, poncez, polissez et lustrez avec d&rsquo;autres moyens tels que des tampons \u00e0 poncer, des tampons \u00e0 polir, des disques \u00e0 polir, de la p\u00e2te \u00e0 polir et une plume d&rsquo;agate ou de l&rsquo;acier bronze.   <\/p>\n","protected":false},"featured_media":26276,"comment_status":"closed","ping_status":"closed","template":"","meta":{"_acf_changed":false,"_seopress_robots_primary_cat":"none","_seopress_titles_title":"","_seopress_titles_desc":"","_seopress_robots_index":""},"more":[],"product_brand":[6382],"product_cat":[6366,6809],"product_tag":[7409,7016,6372,8179,14586,14591,6650,14587,8682,6759,6536,7933,10185,8861,7506,8301,8304,14589],"class_list":{"0":"post-26275","1":"product","2":"type-product","3":"status-publish","4":"has-post-thumbnail","6":"product_brand-acs","7":"product_cat-poncage-limage-et-polissage","8":"product_cat-vente","9":"product_tag-acier","10":"product_tag-amende-2","11":"product_tag-bijoux","12":"product_tag-brosse","13":"product_tag-brosse-a-polir-2","14":"product_tag-brosses-2","15":"product_tag-cuivre","16":"product_tag-exactement","17":"product_tag-laiton","18":"product_tag-metal","19":"product_tag-petit","20":"product_tag-petit-2","21":"product_tag-polir-3","22":"product_tag-polissage","23":"product_tag-pour","24":"product_tag-precision","25":"product_tag-travail","26":"product_tag-travaux","27":"product_shipping_class-standard","29":"first","30":"instock","31":"sale","32":"taxable","33":"shipping-taxable","34":"purchasable","35":"product-type-simple"},"acf":[],"_links":{"self":[{"href":"https:\/\/esquell.eu\/fr\/wp-json\/wp\/v2\/product\/26275","targetHints":{"allow":["GET"]}}],"collection":[{"href":"https:\/\/esquell.eu\/fr\/wp-json\/wp\/v2\/product"}],"about":[{"href":"https:\/\/esquell.eu\/fr\/wp-json\/wp\/v2\/types\/product"}],"replies":[{"embeddable":true,"href":"https:\/\/esquell.eu\/fr\/wp-json\/wp\/v2\/comments?post=26275"}],"wp:featuredmedia":[{"embeddable":true,"href":"https:\/\/esquell.eu\/fr\/wp-json\/wp\/v2\/media\/26276"}],"wp:attachment":[{"href":"https:\/\/esquell.eu\/fr\/wp-json\/wp\/v2\/media?parent=26275"}],"wp:term":[{"taxonomy":"more","embeddable":true,"href":"https:\/\/esquell.eu\/fr\/wp-json\/wp\/v2\/more?post=26275"},{"taxonomy":"product_brand","embeddable":true,"href":"https:\/\/esquell.eu\/fr\/wp-json\/wp\/v2\/product_brand?post=26275"},{"taxonomy":"product_cat","embeddable":true,"href":"https:\/\/esquell.eu\/fr\/wp-json\/wp\/v2\/product_cat?post=26275"},{"taxonomy":"product_tag","embeddable":true,"href":"https:\/\/esquell.eu\/fr\/wp-json\/wp\/v2\/product_tag?post=26275"}],"curies":[{"name":"wp","href":"https:\/\/api.w.org\/{rel}","templated":true}]}}