{"id":26258,"date":"2025-04-03T09:22:39","date_gmt":"2025-04-03T09:22:39","guid":{"rendered":"https:\/\/esquell.eu\/product\/chiffon-de-polissage-petit\/"},"modified":"2025-04-03T09:22:39","modified_gmt":"2025-04-03T09:22:39","slug":"chiffon-de-polissage-petit","status":"publish","type":"product","link":"https:\/\/esquell.eu\/fr\/produit\/chiffon-de-polissage-petit\/","title":{"rendered":"Chiffon de polissage petit"},"content":{"rendered":"<div class=\"product-addition-content\">\n<p>Chiffon de polissage petit.<\/p>\n<p>Polir les bijoux \u00e0 l&rsquo;aide d&rsquo;un chiffon de polissage leur donnera un \u00e9clat suppl\u00e9mentaire.<\/p>\n<p>Utilisez le chiffon de polissage en dernier lieu, apr\u00e8s avoir utilis\u00e9 les tampons \u00e0 poncer et les autres produits de polissage.<\/p>\n<p>Vous pouvez \u00e9galement utiliser le chiffon de polissage pour l&rsquo;entretien. Sous l&rsquo;influence de l&rsquo;acide, l&rsquo;argent noircit avec le temps. Avec le chiffon de polissage, vous pouvez redonner de l&rsquo;\u00e9clat \u00e0 vos bijoux.  <\/p>\n<p>Le drap de polissage peut \u00eatre fourni dans une autre couleur.<\/p>\n<\/div>\n","protected":false},"excerpt":{"rendered":"<p>Chiffon de polissage petit.<\/p>\n<p>Polir les bijoux \u00e0 l&rsquo;aide d&rsquo;un chiffon de polissage leur donnera un \u00e9clat suppl\u00e9mentaire.<\/p>\n<p>Utilisez le chiffon de polissage en dernier lieu, apr\u00e8s avoir utilis\u00e9 les tampons \u00e0 poncer et les autres produits de polissage.<\/p>\n<p>Vous pouvez \u00e9galement utiliser le chiffon de polissage pour l&rsquo;entretien. Sous l&rsquo;influence de l&rsquo;acide, l&rsquo;argent noircit avec le temps. Avec le chiffon de polissage, vous pouvez redonner de l&rsquo;\u00e9clat \u00e0 vos bijoux.  <\/p>\n<p>Le drap de polissage peut \u00eatre fourni dans une autre couleur.<\/p>\n","protected":false},"featured_media":7368,"comment_status":"closed","ping_status":"closed","template":"","meta":{"_acf_changed":false,"_seopress_robots_primary_cat":"none","_seopress_titles_title":"","_seopress_titles_desc":"","_seopress_robots_index":""},"more":[],"product_brand":[6398],"product_cat":[6366],"product_tag":[10294,19775,11359,11352,11358,6369,11356,11354,8861,10153,11340],"class_list":{"0":"post-26258","1":"product","2":"type-product","3":"status-publish","4":"has-post-thumbnail","6":"product_brand-l1","7":"product_cat-poncage-limage-et-polissage","8":"product_tag-brillant-3","9":"product_tag-briller-2","10":"product_tag-chiffon-de-nettoyage","11":"product_tag-chiffon-de-polissage","12":"product_tag-entretien","13":"product_tag-largent","14":"product_tag-oxygene","15":"product_tag-pate-a-polir","16":"product_tag-polissage","17":"product_tag-polissage-2","18":"product_tag-sombre","19":"product_shipping_class-standard","21":"first","22":"instock","23":"taxable","24":"shipping-taxable","25":"purchasable","26":"product-type-simple"},"acf":[],"_links":{"self":[{"href":"https:\/\/esquell.eu\/fr\/wp-json\/wp\/v2\/product\/26258","targetHints":{"allow":["GET"]}}],"collection":[{"href":"https:\/\/esquell.eu\/fr\/wp-json\/wp\/v2\/product"}],"about":[{"href":"https:\/\/esquell.eu\/fr\/wp-json\/wp\/v2\/types\/product"}],"replies":[{"embeddable":true,"href":"https:\/\/esquell.eu\/fr\/wp-json\/wp\/v2\/comments?post=26258"}],"wp:featuredmedia":[{"embeddable":true,"href":"https:\/\/esquell.eu\/fr\/wp-json\/wp\/v2\/media\/7368"}],"wp:attachment":[{"href":"https:\/\/esquell.eu\/fr\/wp-json\/wp\/v2\/media?parent=26258"}],"wp:term":[{"taxonomy":"more","embeddable":true,"href":"https:\/\/esquell.eu\/fr\/wp-json\/wp\/v2\/more?post=26258"},{"taxonomy":"product_brand","embeddable":true,"href":"https:\/\/esquell.eu\/fr\/wp-json\/wp\/v2\/product_brand?post=26258"},{"taxonomy":"product_cat","embeddable":true,"href":"https:\/\/esquell.eu\/fr\/wp-json\/wp\/v2\/product_cat?post=26258"},{"taxonomy":"product_tag","embeddable":true,"href":"https:\/\/esquell.eu\/fr\/wp-json\/wp\/v2\/product_tag?post=26258"}],"curies":[{"name":"wp","href":"https:\/\/api.w.org\/{rel}","templated":true}]}}