{"id":26193,"date":"2025-04-03T09:22:39","date_gmt":"2025-04-03T09:22:39","guid":{"rendered":"https:\/\/esquell.eu\/product\/brosse-a-polir-en-acier-inoxydable-a-poils-courts-f-030\/"},"modified":"2025-12-22T11:13:45","modified_gmt":"2025-12-22T11:13:45","slug":"brosse-a-polir-en-acier-inoxydable-a-poils-courts-f-030","status":"publish","type":"product","link":"https:\/\/esquell.eu\/fr\/produit\/brosse-a-polir-en-acier-inoxydable-a-poils-courts-f-030\/","title":{"rendered":"Brosse \u00e0 polir en acier inoxydable \u00e0 poils courts (F-030)"},"content":{"rendered":"<p>Brosse \u00e0 polir pour \u00e9liminer l&rsquo;oxydation et la calamine sur les m\u00e9taux.<\/p>\n<p>Apr\u00e8s avoir chauff\u00e9 l&rsquo;argile m\u00e9tallique, vous pouvez utiliser ce pinceau pour polir le m\u00e9tal et la couleur argent\u00e9e appara\u00eetra. Pour une finition brillante, continuez \u00e0 poncer, polir et lustrer avec d&rsquo;autres moyens et outils tels que des tampons de pon\u00e7age et de polissage, de la p\u00e2te \u00e0 polir, des disques de polissage sur l&rsquo;outil rotatif ou dremel ou similaire. <\/p>\n","protected":false},"excerpt":{"rendered":"<p>Brosse \u00e0 polir pour \u00e9liminer l&rsquo;oxydation et la calamine sur les m\u00e9taux.<\/p>\n<p>Apr\u00e8s avoir chauff\u00e9 l&rsquo;argile m\u00e9tallique, vous pouvez utiliser ce pinceau pour polir le m\u00e9tal et la couleur argent\u00e9e appara\u00eetra. Pour une finition brillante, continuez \u00e0 poncer, polir et lustrer avec d&rsquo;autres moyens et outils tels que des tampons de pon\u00e7age et de polissage, de la p\u00e2te \u00e0 polir, des disques de polissage sur l&rsquo;outil rotatif ou dremel ou similaire. <\/p>\n","protected":false},"featured_media":26194,"comment_status":"closed","ping_status":"closed","template":"","meta":{"_acf_changed":false,"_seopress_robots_primary_cat":"none","_seopress_titles_title":"","_seopress_titles_desc":"","_seopress_robots_index":""},"more":[],"product_brand":[6382],"product_cat":[6366],"product_tag":[7409,6386,7016,8238,6372,6642,6409,8179,14586,14591,6650,8222,14587,10080,6381,10354,8682,6640,6759,7933,6536,10185,8861,7506,8301,8304,14589],"class_list":{"0":"post-26193","1":"product","2":"type-product","3":"status-publish","4":"has-post-thumbnail","6":"product_brand-acs","7":"product_cat-poncage-limage-et-polissage","8":"product_tag-acier","9":"product_tag-aida","10":"product_tag-amende-2","11":"product_tag-benelux","12":"product_tag-bijoux","13":"product_tag-bijoux-2","14":"product_tag-bricolage","15":"product_tag-brosse","16":"product_tag-brosse-a-polir-2","17":"product_tag-brosses-2","18":"product_tag-cuivre","19":"product_tag-eu","20":"product_tag-exactement","21":"product_tag-fabrication-de-bijoux-2","22":"product_tag-japon","23":"product_tag-leurope-2","24":"product_tag-laiton","25":"product_tag-maison","26":"product_tag-metal","27":"product_tag-petit-2","28":"product_tag-petit","29":"product_tag-polir-3","30":"product_tag-polissage","31":"product_tag-pour","32":"product_tag-precision","33":"product_tag-travail","34":"product_tag-travaux","35":"product_shipping_class-standard","37":"first","38":"instock","39":"taxable","40":"shipping-taxable","41":"purchasable","42":"product-type-simple"},"acf":[],"_links":{"self":[{"href":"https:\/\/esquell.eu\/fr\/wp-json\/wp\/v2\/product\/26193","targetHints":{"allow":["GET"]}}],"collection":[{"href":"https:\/\/esquell.eu\/fr\/wp-json\/wp\/v2\/product"}],"about":[{"href":"https:\/\/esquell.eu\/fr\/wp-json\/wp\/v2\/types\/product"}],"replies":[{"embeddable":true,"href":"https:\/\/esquell.eu\/fr\/wp-json\/wp\/v2\/comments?post=26193"}],"wp:featuredmedia":[{"embeddable":true,"href":"https:\/\/esquell.eu\/fr\/wp-json\/wp\/v2\/media\/26194"}],"wp:attachment":[{"href":"https:\/\/esquell.eu\/fr\/wp-json\/wp\/v2\/media?parent=26193"}],"wp:term":[{"taxonomy":"more","embeddable":true,"href":"https:\/\/esquell.eu\/fr\/wp-json\/wp\/v2\/more?post=26193"},{"taxonomy":"product_brand","embeddable":true,"href":"https:\/\/esquell.eu\/fr\/wp-json\/wp\/v2\/product_brand?post=26193"},{"taxonomy":"product_cat","embeddable":true,"href":"https:\/\/esquell.eu\/fr\/wp-json\/wp\/v2\/product_cat?post=26193"},{"taxonomy":"product_tag","embeddable":true,"href":"https:\/\/esquell.eu\/fr\/wp-json\/wp\/v2\/product_tag?post=26193"}],"curies":[{"name":"wp","href":"https:\/\/api.w.org\/{rel}","templated":true}]}}