{"id":26168,"date":"2025-04-03T09:22:26","date_gmt":"2025-04-03T09:22:26","guid":{"rendered":"https:\/\/esquell.eu\/product\/mandrin-de-percage\/"},"modified":"2025-04-03T09:22:26","modified_gmt":"2025-04-03T09:22:26","slug":"mandrin-de-percage","status":"publish","type":"product","link":"https:\/\/esquell.eu\/fr\/produit\/mandrin-de-percage\/","title":{"rendered":"Mandrin de per\u00e7age"},"content":{"rendered":"<div class=\"product-addition-content\">\n<p>Mandrin de per\u00e7age<\/p>\n<p>Mandrin pour perceuse \u00e0 main. Convient \u00e0 diff\u00e9rentes tailles de forets. Micro-outil.  <\/p>\n<p>Cette perceuse \u00e0 main permet de percer de petits trous dans l&rsquo;argile m\u00e9tallique s\u00e8che ou cuite.<\/p>\n<p>A l&rsquo;exclusion des m\u00e8ches<\/p>\n<\/div>\n","protected":false},"excerpt":{"rendered":"<p>Mandrin de per\u00e7age<\/p>\n<p>Mandrin pour perceuse \u00e0 main. Convient \u00e0 diff\u00e9rentes tailles de forets. Micro-outil.  <\/p>\n<p>Cette perceuse \u00e0 main permet de percer de petits trous dans l&rsquo;argile m\u00e9tallique s\u00e8che ou cuite.<\/p>\n<p>A l&rsquo;exclusion des m\u00e8ches<\/p>\n","protected":false},"featured_media":7385,"comment_status":"closed","ping_status":"closed","template":"","meta":{"_acf_changed":false,"_seopress_robots_primary_cat":"none","_seopress_titles_title":"","_seopress_titles_desc":"","_seopress_robots_index":""},"more":[],"product_brand":[6398],"product_cat":[6366],"product_tag":[6470,6476,6645,6646,6397,7024,6923,6931,7096,6473,6404,7500,6530,7141,8400,6378,6390,6947,6565,8422,6393,6372,10050,20113,6402,6958,8735,6389,6941,6409,6412,6528,6935,17999,6738,8424,6650,7104,7652,6655,8289,6374,6798,6785,14887,20107,20109,13164,20099,6653,6933,6651,6659,7648,20098,6801,6369,6634,6472,6403,7215,7026,6789,7042,20028,20111,20103,7851,11935,7031,6661,6567,6643,6399,7405,6636,6726,6657,6391,6665,20102,20105,17279,7029,7094,10131,6925,6805,6663,9282,20112,6787,6803,6408,6807,6667],"class_list":{"0":"post-26168","1":"product","2":"type-product","3":"status-publish","4":"has-post-thumbnail","6":"product_brand-l1","7":"product_cat-poncage-limage-et-polissage","8":"product_tag-6470","9":"product_tag-6476","10":"product_tag-a","11":"product_tag-acheter","12":"product_tag-allemagne","13":"product_tag-almere","14":"product_tag-amsterdam","15":"product_tag-anvers","16":"product_tag-apeldoorn","17":"product_tag-argile-2","18":"product_tag-argile-argentee","19":"product_tag-argile-argentee-3","20":"product_tag-argile-bronzee","21":"product_tag-argile-cuivree","22":"product_tag-argile-jaune","23":"product_tag-argile-metallique","24":"product_tag-argile-metallique-2","25":"product_tag-arnhem","26":"product_tag-atelier","27":"product_tag-aussie","28":"product_tag-belgique","29":"product_tag-bijoux","30":"product_tag-bijoux-6","31":"product_tag-bijoux-9","32":"product_tag-bon-marche","33":"product_tag-boutique","34":"product_tag-boutique-2","35":"product_tag-boutique-en-ligne","36":"product_tag-brabant","37":"product_tag-bricolage","38":"product_tag-bronze","39":"product_tag-bronze-2","40":"product_tag-bruxelles","41":"product_tag-conception","42":"product_tag-cool","43":"product_tag-cooltools","44":"product_tag-cuivre","45":"product_tag-cuivre-2","46":"product_tag-description-du-travail","47":"product_tag-drenthe","48":"product_tag-explication","49":"product_tag-faire","50":"product_tag-faire-2","51":"product_tag-flevoland","52":"product_tag-foret-3","53":"product_tag-foret-5","54":"product_tag-forets-a-main","55":"product_tag-fr-artclaysilvershop","56":"product_tag-frace","57":"product_tag-frise","58":"product_tag-gentilhomme","59":"product_tag-groningue","60":"product_tag-gueldre","61":"product_tag-idees","62":"product_tag-idees-2","63":"product_tag-il","64":"product_tag-largent","65":"product_tag-largent-3","66":"product_tag-lart","67":"product_tag-lor","68":"product_tag-lor-2","69":"product_tag-lelystad","70":"product_tag-limbourg","71":"product_tag-maastricht","72":"product_tag-mandrin-de-percage","73":"product_tag-mandrin-de-percage-3","74":"product_tag-mandrin-pour-perceuse-a-main","75":"product_tag-manuel","76":"product_tag-meches","77":"product_tag-metal-2","78":"product_tag-nord","79":"product_tag-offrir","80":"product_tag-ou","81":"product_tag-outil","82":"product_tag-outil-2","83":"product_tag-outils","84":"product_tag-outils-2","85":"product_tag-overijssel","86":"product_tag-pays-bas","87":"product_tag-pays-bas-2","88":"product_tag-perceuse-a-main-2","89":"product_tag-petit-trou","90":"product_tag-petits-trous","91":"product_tag-pmc","92":"product_tag-pont","93":"product_tag-precieux","94":"product_tag-rotterdam","95":"product_tag-soi","96":"product_tag-sud","97":"product_tag-trou","98":"product_tag-tutoriels","99":"product_tag-utrecht","100":"product_tag-votre","101":"product_tag-vous","102":"product_tag-vous-2","103":"product_tag-zelande","104":"product_shipping_class-standard","106":"first","107":"instock","108":"taxable","109":"shipping-taxable","110":"purchasable","111":"product-type-simple"},"acf":[],"_links":{"self":[{"href":"https:\/\/esquell.eu\/fr\/wp-json\/wp\/v2\/product\/26168","targetHints":{"allow":["GET"]}}],"collection":[{"href":"https:\/\/esquell.eu\/fr\/wp-json\/wp\/v2\/product"}],"about":[{"href":"https:\/\/esquell.eu\/fr\/wp-json\/wp\/v2\/types\/product"}],"replies":[{"embeddable":true,"href":"https:\/\/esquell.eu\/fr\/wp-json\/wp\/v2\/comments?post=26168"}],"wp:featuredmedia":[{"embeddable":true,"href":"https:\/\/esquell.eu\/fr\/wp-json\/wp\/v2\/media\/7385"}],"wp:attachment":[{"href":"https:\/\/esquell.eu\/fr\/wp-json\/wp\/v2\/media?parent=26168"}],"wp:term":[{"taxonomy":"more","embeddable":true,"href":"https:\/\/esquell.eu\/fr\/wp-json\/wp\/v2\/more?post=26168"},{"taxonomy":"product_brand","embeddable":true,"href":"https:\/\/esquell.eu\/fr\/wp-json\/wp\/v2\/product_brand?post=26168"},{"taxonomy":"product_cat","embeddable":true,"href":"https:\/\/esquell.eu\/fr\/wp-json\/wp\/v2\/product_cat?post=26168"},{"taxonomy":"product_tag","embeddable":true,"href":"https:\/\/esquell.eu\/fr\/wp-json\/wp\/v2\/product_tag?post=26168"}],"curies":[{"name":"wp","href":"https:\/\/api.w.org\/{rel}","templated":true}]}}