{"id":26166,"date":"2025-04-03T09:22:26","date_gmt":"2025-04-03T09:22:26","guid":{"rendered":"https:\/\/esquell.eu\/product\/mandrin-de-percage-avec-jeu-de-meches-et-de-fraises-micro-outil\/"},"modified":"2025-04-03T09:22:26","modified_gmt":"2025-04-03T09:22:26","slug":"mandrin-de-percage-avec-jeu-de-meches-et-de-fraises-micro-outil","status":"publish","type":"product","link":"https:\/\/esquell.eu\/fr\/produit\/mandrin-de-percage-avec-jeu-de-meches-et-de-fraises-micro-outil\/","title":{"rendered":"Mandrin de per\u00e7age avec jeu de m\u00e8ches et de fraises micro outil"},"content":{"rendered":"<div class=\"product-addition-content\">\n<p>Jeu de mini perceuses \u00e0 main avec 4 m\u00e8ches et 6 fraises. Micro-outil <\/p>\n<p>Micro-foret, micro-outil<\/p>\n<p>Fraises et forets HSS<\/p>\n<p>Convient pour faire des trous dans la p\u00e2te d&rsquo;argent et la p\u00e2te d&rsquo;argent cuite. Les fraises conviennent \u00e9galement \u00e0 la fabrication de bo\u00eetiers de sertissage pour la zircone. <\/p>\n<\/div>\n","protected":false},"excerpt":{"rendered":"<p>Jeu de mini perceuses \u00e0 main avec 4 m\u00e8ches et 6 fraises. Micro-outil <\/p>\n<p>Micro-foret, micro-outil<\/p>\n<p>Fraises et forets HSS<\/p>\n<p>Convient pour faire des trous dans l&rsquo;arguile d&rsquo;argent et l&rsquo;arguile d&rsquo;argent bord\u00e9e. Les fraises conviennent \u00e9galement \u00e0 la fabrication de bo\u00eetes pour le zircon. <\/p>\n","protected":false},"featured_media":7383,"comment_status":"closed","ping_status":"closed","template":"","meta":{"_acf_changed":false,"_seopress_robots_primary_cat":"none","_seopress_titles_title":"","_seopress_titles_desc":"","_seopress_robots_index":""},"more":[],"product_brand":[6398],"product_cat":[7504,10216,6366],"product_tag":[6470,6476,6645,6646,6945,6397,7024,6923,6931,6388,6404,20110,7141,20106,6390,6947,6405,6949,6575,6393,6372,6402,6958,8735,6389,6941,6409,6528,6412,6935,12215,17999,8226,6650,7104,7652,6655,6798,6374,14887,6635,14609,20108,6653,6933,6651,6659,6951,7648,20098,6801,6369,6472,6403,7215,6930,7026,6789,6426,20028,20104,6708,9105,6661,6643,6399,7405,14506,6726,6657,6665,6391,20102,17279,6644,7094,6922,6954,10488,6925,6805,6919,6663,9282,20100,6787,7102,6803,6807,6667],"class_list":{"0":"post-26166","1":"product","2":"type-product","3":"status-publish","4":"has-post-thumbnail","6":"product_brand-l1","7":"product_cat-argile","8":"product_cat-metal","9":"product_cat-poncage-limage-et-polissage","10":"product_tag-6470","11":"product_tag-6476","12":"product_tag-a","13":"product_tag-acheter","14":"product_tag-alkmaar","15":"product_tag-allemagne","16":"product_tag-almere","17":"product_tag-amsterdam","18":"product_tag-anvers","19":"product_tag-argile","20":"product_tag-argile-argentee","21":"product_tag-argile-bronzee-2","22":"product_tag-argile-cuivree","23":"product_tag-argile-metal","24":"product_tag-argile-metallique-2","25":"product_tag-arnhem","26":"product_tag-artclay","27":"product_tag-assen","28":"product_tag-ateliers","29":"product_tag-belgique","30":"product_tag-bijoux","31":"product_tag-bon-marche","32":"product_tag-boutique","33":"product_tag-boutique-2","34":"product_tag-boutique-en-ligne","35":"product_tag-brabant","36":"product_tag-bricolage","37":"product_tag-bronze-2","38":"product_tag-bronze","39":"product_tag-bruxelles","40":"product_tag-classes","41":"product_tag-conception","42":"product_tag-cours","43":"product_tag-cuivre","44":"product_tag-cuivre-2","45":"product_tag-description-du-travail","46":"product_tag-drenthe","47":"product_tag-faire-2","48":"product_tag-faire","49":"product_tag-foret-3","50":"product_tag-fournitures","51":"product_tag-fraisage","52":"product_tag-freezjes","53":"product_tag-frise","54":"product_tag-gentilhomme","55":"product_tag-groningue","56":"product_tag-gueldre","57":"product_tag-heerenveen","58":"product_tag-idees","59":"product_tag-idees-2","60":"product_tag-il","61":"product_tag-largent","62":"product_tag-lart","63":"product_tag-lor","64":"product_tag-lor-2","65":"product_tag-leeuwarden","66":"product_tag-lelystad","67":"product_tag-limbourg","68":"product_tag-malleable","69":"product_tag-mandrin-de-percage","70":"product_tag-mandrin-de-percage-2","71":"product_tag-mercerie","72":"product_tag-micro","73":"product_tag-nord","74":"product_tag-ou","75":"product_tag-outil","76":"product_tag-outil-2","77":"product_tag-outil-rotatif","78":"product_tag-outils-2","79":"product_tag-overijssel","80":"product_tag-pays-bas-2","81":"product_tag-pays-bas","82":"product_tag-perceuse-a-main-2","83":"product_tag-petits-trous","84":"product_tag-pieces","85":"product_tag-pont","86":"product_tag-pur","87":"product_tag-pur-2","88":"product_tag-rotatif","89":"product_tag-rotterdam","90":"product_tag-soi","91":"product_tag-sterling","92":"product_tag-sud","93":"product_tag-trou","94":"product_tag-tutoriel","95":"product_tag-utrecht","96":"product_tag-vasieres","97":"product_tag-votre","98":"product_tag-vous-2","99":"product_tag-zelande","100":"product_shipping_class-standard","102":"first","103":"instock","104":"taxable","105":"shipping-taxable","106":"purchasable","107":"product-type-simple"},"acf":[],"_links":{"self":[{"href":"https:\/\/esquell.eu\/fr\/wp-json\/wp\/v2\/product\/26166","targetHints":{"allow":["GET"]}}],"collection":[{"href":"https:\/\/esquell.eu\/fr\/wp-json\/wp\/v2\/product"}],"about":[{"href":"https:\/\/esquell.eu\/fr\/wp-json\/wp\/v2\/types\/product"}],"replies":[{"embeddable":true,"href":"https:\/\/esquell.eu\/fr\/wp-json\/wp\/v2\/comments?post=26166"}],"wp:featuredmedia":[{"embeddable":true,"href":"https:\/\/esquell.eu\/fr\/wp-json\/wp\/v2\/media\/7383"}],"wp:attachment":[{"href":"https:\/\/esquell.eu\/fr\/wp-json\/wp\/v2\/media?parent=26166"}],"wp:term":[{"taxonomy":"more","embeddable":true,"href":"https:\/\/esquell.eu\/fr\/wp-json\/wp\/v2\/more?post=26166"},{"taxonomy":"product_brand","embeddable":true,"href":"https:\/\/esquell.eu\/fr\/wp-json\/wp\/v2\/product_brand?post=26166"},{"taxonomy":"product_cat","embeddable":true,"href":"https:\/\/esquell.eu\/fr\/wp-json\/wp\/v2\/product_cat?post=26166"},{"taxonomy":"product_tag","embeddable":true,"href":"https:\/\/esquell.eu\/fr\/wp-json\/wp\/v2\/product_tag?post=26166"}],"curies":[{"name":"wp","href":"https:\/\/api.w.org\/{rel}","templated":true}]}}