{"id":26144,"date":"2025-04-03T09:22:26","date_gmt":"2025-04-03T09:22:26","guid":{"rendered":"https:\/\/esquell.eu\/product\/fraise-pour-toiture-fraise-de-differentes-tailles-pour-le-sertissage-de-pierres-dans-le-metal-et-largile-argentee-sechee\/"},"modified":"2025-04-03T09:22:26","modified_gmt":"2025-04-03T09:22:26","slug":"fraise-pour-toiture-fraise-de-differentes-tailles-pour-le-sertissage-de-pierres-dans-le-metal-et-largile-dargent-sechee","status":"publish","type":"product","link":"https:\/\/esquell.eu\/fr\/produit\/fraise-pour-toiture-fraise-de-differentes-tailles-pour-le-sertissage-de-pierres-dans-le-metal-et-largile-dargent-sechee\/","title":{"rendered":"Fraise pour toiture, fraise de diff\u00e9rentes tailles Pour le sertissage de pierres dans le m\u00e9tal et l&rsquo;argile argent\u00e9e s\u00e9ch\u00e9e"},"content":{"rendered":"<p>Les cong\u00e9lateurs Busch\u00ae conviennent au sertissage des pierres.<\/p>\n<p>Arbre 2,35 mm<\/p>\n<p>Lorsqu&rsquo;il est utilis\u00e9 dans l&rsquo;argile m\u00e9tallique \/ arguile d&rsquo;argent :<\/p>\n<p>Peut \u00eatre utilis\u00e9 \u00e0 la fois dans l&rsquo;argile s\u00e9ch\u00e9e et dans l&rsquo;argile m\u00e9tallique cuite. Lorsque vous utilisez l&rsquo;argile s\u00e9ch\u00e9e, nettoyez toujours les fraises entre les utilisations avec une brosse fine pour les garder bien aiguis\u00e9es. <\/p>\n","protected":false},"excerpt":{"rendered":"<p>Les cong\u00e9lateurs Busch\u00ae conviennent au sertissage des pierres.<\/p>\n<p>Arbre 2,35 mm<\/p>\n<p>&nbsp;<\/p>\n<p>Lorsqu&rsquo;il est utilis\u00e9 dans l&rsquo;argile m\u00e9tallique \/ arguile d&rsquo;argent :<\/p>\n<p>Peut \u00eatre utilis\u00e9 \u00e0 la fois dans l&rsquo;argile s\u00e9ch\u00e9e et dans l&rsquo;argile m\u00e9tallique cuite. Lorsque vous utilisez l&rsquo;argile s\u00e9ch\u00e9e, nettoyez toujours les fraises entre les utilisations avec une brosse fine pour les garder bien aiguis\u00e9es. <\/p>\n<p>&nbsp;<\/p>\n","protected":false},"featured_media":0,"comment_status":"closed","ping_status":"closed","template":"","meta":{"_acf_changed":false,"_seopress_robots_primary_cat":"none","_seopress_titles_title":"","_seopress_titles_desc":"","_seopress_robots_index":""},"more":[],"product_brand":[6363],"product_cat":[7504,10216,6366],"product_tag":[9296,8450,6939,7409,14502,6404,6420,7028,6378,6376,6982,6372,6409,17258,14611,8318,17256,6486,14458,6647,6374,6635,14609,6481,8232,7398,9836,6652,6399,7405,6636,6428,8053,7506,7426,17253,6482],"class_list":{"0":"post-26144","1":"product","2":"type-product","3":"status-publish","5":"product_brand-bm","6":"product_cat-argile","7":"product_cat-metal","8":"product_cat-poncage-limage-et-polissage","9":"product_tag-9296","10":"product_tag-8450","11":"product_tag-acheter-2","12":"product_tag-acier","13":"product_tag-arbre-2","14":"product_tag-argile-argentee","15":"product_tag-argile-bronze","16":"product_tag-argile-cuivreuse","17":"product_tag-argile-metallique","18":"product_tag-artclaysilver","19":"product_tag-bijoutier","20":"product_tag-bijoux","21":"product_tag-bricolage","22":"product_tag-busch","23":"product_tag-cutter-3","24":"product_tag-cz","25":"product_tag-declaration-dargent","26":"product_tag-diamant","27":"product_tag-dremel","28":"product_tag-en-ligne","29":"product_tag-faire","30":"product_tag-fournitures","31":"product_tag-fraisage","32":"product_tag-galets","33":"product_tag-marque","34":"product_tag-mettre","35":"product_tag-multitool","36":"product_tag-orfevres","37":"product_tag-outil","38":"product_tag-outil-2","39":"product_tag-outils","40":"product_tag-pierre","41":"product_tag-pierre-3","42":"product_tag-pour","43":"product_tag-reglage","44":"product_tag-routeur-de-toit","45":"product_tag-zircone","46":"product_shipping_class-standard","47":"pa_diameter-2mm","48":"pa_diameter-3mm","49":"pa_diameter-4mm","50":"pa_diameter-5mm","51":"pa_diameter-6mm","52":"pa_diameter-7mm","53":"pa_diameter-8mm","55":"first","56":"instock","57":"taxable","58":"shipping-taxable","59":"purchasable","60":"product-type-variable"},"acf":[],"_links":{"self":[{"href":"https:\/\/esquell.eu\/fr\/wp-json\/wp\/v2\/product\/26144","targetHints":{"allow":["GET"]}}],"collection":[{"href":"https:\/\/esquell.eu\/fr\/wp-json\/wp\/v2\/product"}],"about":[{"href":"https:\/\/esquell.eu\/fr\/wp-json\/wp\/v2\/types\/product"}],"replies":[{"embeddable":true,"href":"https:\/\/esquell.eu\/fr\/wp-json\/wp\/v2\/comments?post=26144"}],"wp:attachment":[{"href":"https:\/\/esquell.eu\/fr\/wp-json\/wp\/v2\/media?parent=26144"}],"wp:term":[{"taxonomy":"more","embeddable":true,"href":"https:\/\/esquell.eu\/fr\/wp-json\/wp\/v2\/more?post=26144"},{"taxonomy":"product_brand","embeddable":true,"href":"https:\/\/esquell.eu\/fr\/wp-json\/wp\/v2\/product_brand?post=26144"},{"taxonomy":"product_cat","embeddable":true,"href":"https:\/\/esquell.eu\/fr\/wp-json\/wp\/v2\/product_cat?post=26144"},{"taxonomy":"product_tag","embeddable":true,"href":"https:\/\/esquell.eu\/fr\/wp-json\/wp\/v2\/product_tag?post=26144"}],"curies":[{"name":"wp","href":"https:\/\/api.w.org\/{rel}","templated":true}]}}