{"id":26123,"date":"2025-04-03T09:22:26","date_gmt":"2025-04-03T09:22:26","guid":{"rendered":"https:\/\/esquell.eu\/product\/tampons-de-poncage-m3-set-3-petits-tampons-320-1500\/"},"modified":"2026-02-14T10:22:38","modified_gmt":"2026-02-14T10:22:38","slug":"tampons-de-poncage-m3-set-3-petits-tampons-320-1500","status":"publish","type":"product","link":"https:\/\/esquell.eu\/fr\/produit\/tampons-de-poncage-m3-set-3-petits-tampons-320-1500\/","title":{"rendered":"Tampons de pon\u00e7age M3 set 3 petits tampons 320-1500"},"content":{"rendered":"<p>Tampons \u00e0 poncer petits Lot de 3. grossiers, moyens et fins. Pour la finition de l&rsquo;argile argent\u00e9e.  <\/p>\n<p>Ordre d&rsquo;utilisation de grossier \u00e0 fin : rouge, bleu, vert.<\/p>\n<p>Convient parfaitement \u00e0 l&rsquo;argile m\u00e9tallique, \u00e0 l&rsquo;argile argent\u00e9e, \u00e0 l&rsquo;argile bronze, \u00e0 l&rsquo;argile cuivre, \u00e0 la r\u00e9sine UV, \u00e0 la r\u00e9sine, \u00e0 l&rsquo;argile polym\u00e8re, etc.<\/p>\n<p>Pour le pon\u00e7age \u00e0 sec et \u00e0 l&rsquo;eau.<\/p>\n<p>Les tampons peuvent \u00eatre utilis\u00e9s plusieurs fois.<\/p>\n","protected":false},"excerpt":{"rendered":"<p>Tampons \u00e0 poncer petits Lot de 3. grossiers, moyens et fins. Pour la finition de l&rsquo;argile argent\u00e9e.  <\/p>\n<p>Ordre d&rsquo;utilisation de grossier \u00e0 fin : rouge, bleu, vert.<\/p>\n<p>&nbsp;<\/p>\n<p>Convient parfaitement \u00e0 l&rsquo;argile m\u00e9tallique, \u00e0 l&rsquo;argile argent\u00e9e, \u00e0 l&rsquo;argile bronze, \u00e0 l&rsquo;argile cuivre, \u00e0 la r\u00e9sine UV, \u00e0 la r\u00e9sine, \u00e0 l&rsquo;argile polym\u00e8re, etc.<\/p>\n<p>Pour le pon\u00e7age \u00e0 sec et \u00e0 l&rsquo;eau.<\/p>\n<p>&nbsp;<\/p>\n<p>Les tampons peuvent \u00eatre utilis\u00e9s plusieurs fois.<\/p>\n<p>&nbsp;<\/p>\n<p>&nbsp;<\/p>\n","protected":false},"featured_media":26124,"comment_status":"closed","ping_status":"closed","template":"","meta":{"_acf_changed":false,"_seopress_robots_primary_cat":"none","_seopress_titles_title":"","_seopress_titles_desc":"","_seopress_robots_index":""},"more":[],"product_brand":[13825],"product_cat":[7504,10216,6366],"product_tag":[6404,6378,6390,6372,10197,11839,13828,8861,10199,8743,13830,13827],"class_list":{"0":"post-26123","1":"product","2":"type-product","3":"status-publish","4":"has-post-thumbnail","6":"product_brand-vanesch","7":"product_cat-argile","8":"product_cat-metal","9":"product_cat-poncage-limage-et-polissage","10":"product_tag-argile-argentee","11":"product_tag-argile-metallique","12":"product_tag-argile-metallique-2","13":"product_tag-bijoux","14":"product_tag-brillant-2","15":"product_tag-finition-2","16":"product_tag-m3","17":"product_tag-polissage","18":"product_tag-polissage-du-miroir","19":"product_tag-poncage","20":"product_tag-softback","21":"product_tag-tampons-de-poncage","22":"product_shipping_class-standard","24":"first","25":"instock","26":"taxable","27":"shipping-taxable","28":"purchasable","29":"product-type-simple"},"acf":[],"_links":{"self":[{"href":"https:\/\/esquell.eu\/fr\/wp-json\/wp\/v2\/product\/26123","targetHints":{"allow":["GET"]}}],"collection":[{"href":"https:\/\/esquell.eu\/fr\/wp-json\/wp\/v2\/product"}],"about":[{"href":"https:\/\/esquell.eu\/fr\/wp-json\/wp\/v2\/types\/product"}],"replies":[{"embeddable":true,"href":"https:\/\/esquell.eu\/fr\/wp-json\/wp\/v2\/comments?post=26123"}],"wp:featuredmedia":[{"embeddable":true,"href":"https:\/\/esquell.eu\/fr\/wp-json\/wp\/v2\/media\/26124"}],"wp:attachment":[{"href":"https:\/\/esquell.eu\/fr\/wp-json\/wp\/v2\/media?parent=26123"}],"wp:term":[{"taxonomy":"more","embeddable":true,"href":"https:\/\/esquell.eu\/fr\/wp-json\/wp\/v2\/more?post=26123"},{"taxonomy":"product_brand","embeddable":true,"href":"https:\/\/esquell.eu\/fr\/wp-json\/wp\/v2\/product_brand?post=26123"},{"taxonomy":"product_cat","embeddable":true,"href":"https:\/\/esquell.eu\/fr\/wp-json\/wp\/v2\/product_cat?post=26123"},{"taxonomy":"product_tag","embeddable":true,"href":"https:\/\/esquell.eu\/fr\/wp-json\/wp\/v2\/product_tag?post=26123"}],"curies":[{"name":"wp","href":"https:\/\/api.w.org\/{rel}","templated":true}]}}