{"id":26121,"date":"2025-04-03T09:22:26","date_gmt":"2025-04-03T09:22:26","guid":{"rendered":"https:\/\/esquell.eu\/product\/produit-de-polissage-blanc-rouge-4000\/"},"modified":"2025-04-03T09:22:26","modified_gmt":"2025-04-03T09:22:26","slug":"produit-de-polissage-blanc-rouge-4000","status":"publish","type":"product","link":"https:\/\/esquell.eu\/fr\/produit\/produit-de-polissage-blanc-rouge-4000\/","title":{"rendered":"Produit de polissage blanc rouge #4000"},"content":{"rendered":"<p>Produit de polissage #4000<\/p>\n<p>Fabriqu\u00e9 au Japon<\/p>\n<p>Une p\u00e2te \u00e0 polir de qualit\u00e9 s\u00e9lectionn\u00e9e pour une finition ultra claire de l&rsquo;argent. M\u00e9lange uniforme et fabrication sous un contr\u00f4le de qualit\u00e9 strict. Adh\u00e9sion exceptionnelle aux produits de polissage, aux brosses et aux feutres. Les rayures capillaires disparaissent facilement. Finition tr\u00e8s brillante.    <\/p>\n","protected":false},"excerpt":{"rendered":"<p>Produit de polissage #4000<\/p>\n<p>Fabriqu\u00e9 au Japon<\/p>\n<p>Une p\u00e2te \u00e0 polir de qualit\u00e9 s\u00e9lectionn\u00e9e pour une finition ultra claire de l&rsquo;argent. M\u00e9lange uniforme et fabrication sous un contr\u00f4le de qualit\u00e9 strict. Adh\u00e9sion exceptionnelle aux produits de polissage, aux brosses et aux feutres. Les rayures capillaires disparaissent facilement. Finition tr\u00e8s brillante.    <\/p>\n<p>&nbsp;<\/p>\n","protected":false},"featured_media":7399,"comment_status":"closed","ping_status":"closed","template":"","meta":{"_acf_changed":false,"_seopress_robots_primary_cat":"none","_seopress_titles_title":"","_seopress_titles_desc":"","_seopress_robots_index":""},"more":[],"product_brand":[6382],"product_cat":[6366],"product_tag":[11652,20026,10132,10197,7188,14559,10198,6381,7242,6369,10200,8701,11354,10185,13868,10199,8603,14881,20071],"class_list":{"0":"post-26121","1":"product","2":"type-product","3":"status-publish","4":"has-post-thumbnail","6":"product_brand-acs","7":"product_cat-poncage-limage-et-polissage","8":"product_tag-bloc","9":"product_tag-brillant-6","10":"product_tag-brillant","11":"product_tag-brillant-2","12":"product_tag-clair","13":"product_tag-compose","14":"product_tag-finition","15":"product_tag-japon","16":"product_tag-japonais","17":"product_tag-largent","18":"product_tag-lisse","19":"product_tag-metal-3","20":"product_tag-pate-a-polir","21":"product_tag-polir-3","22":"product_tag-polissage-3","23":"product_tag-polissage-du-miroir","24":"product_tag-professionnel-3","25":"product_tag-sac-plat","26":"product_tag-super","27":"product_shipping_class-standard","29":"first","30":"instock","31":"taxable","32":"shipping-taxable","33":"purchasable","34":"product-type-simple"},"acf":[],"_links":{"self":[{"href":"https:\/\/esquell.eu\/fr\/wp-json\/wp\/v2\/product\/26121","targetHints":{"allow":["GET"]}}],"collection":[{"href":"https:\/\/esquell.eu\/fr\/wp-json\/wp\/v2\/product"}],"about":[{"href":"https:\/\/esquell.eu\/fr\/wp-json\/wp\/v2\/types\/product"}],"replies":[{"embeddable":true,"href":"https:\/\/esquell.eu\/fr\/wp-json\/wp\/v2\/comments?post=26121"}],"wp:featuredmedia":[{"embeddable":true,"href":"https:\/\/esquell.eu\/fr\/wp-json\/wp\/v2\/media\/7399"}],"wp:attachment":[{"href":"https:\/\/esquell.eu\/fr\/wp-json\/wp\/v2\/media?parent=26121"}],"wp:term":[{"taxonomy":"more","embeddable":true,"href":"https:\/\/esquell.eu\/fr\/wp-json\/wp\/v2\/more?post=26121"},{"taxonomy":"product_brand","embeddable":true,"href":"https:\/\/esquell.eu\/fr\/wp-json\/wp\/v2\/product_brand?post=26121"},{"taxonomy":"product_cat","embeddable":true,"href":"https:\/\/esquell.eu\/fr\/wp-json\/wp\/v2\/product_cat?post=26121"},{"taxonomy":"product_tag","embeddable":true,"href":"https:\/\/esquell.eu\/fr\/wp-json\/wp\/v2\/product_tag?post=26121"}],"curies":[{"name":"wp","href":"https:\/\/api.w.org\/{rel}","templated":true}]}}