{"id":26080,"date":"2025-04-03T09:22:26","date_gmt":"2025-04-03T09:22:26","guid":{"rendered":"https:\/\/esquell.eu\/product\/brosse-a-polir-en-laiton-a-poils-courts-f-2061-acs\/"},"modified":"2026-02-14T10:21:58","modified_gmt":"2026-02-14T10:21:58","slug":"brosse-a-polir-en-laiton-a-poils-courts-f-2061-acs","status":"publish","type":"product","link":"https:\/\/esquell.eu\/fr\/produit\/brosse-a-polir-en-laiton-a-poils-courts-f-2061-acs\/","title":{"rendered":"Brosse \u00e0 polir en laiton \u00e0 poils courts (F-2061) ACS"},"content":{"rendered":"<p>La brosse \u00e0 polir en laiton donne un \u00e9clat plus fonc\u00e9 et plus chaud \u00e0 l&rsquo;argent que la brosse \u00e0 polir en acier.<br \/>\nBrosse \u00e0 polir pour enlever l&rsquo;oxydation et la ternissure sur les m\u00e9taux.<\/p>\n<p>Apr\u00e8s avoir chauff\u00e9 l&rsquo;argile m\u00e9tallique, vous pouvez utiliser cette brosse pour polir le m\u00e9tal et la couleur argent\u00e9e appara\u00eetra.<br \/>\nPour obtenir une finition brillante, poncez, polissez et polissez avec d&rsquo;autres moyens et outils tels que des tampons de pon\u00e7age et de polissage, de la p\u00e2te \u00e0 polir, des disques de polissage sur l&rsquo;outil rotatif ou dremel ou similaire.<\/p>\n","protected":false},"excerpt":{"rendered":"<p>La brosse \u00e0 polir en laiton donne \u00e0 l&rsquo;argent un \u00e9clat plus sombre et plus chaud que la brosse \u00e0 polir en acier.<br \/>\nBrosse \u00e0 polir pour \u00e9liminer l&rsquo;oxydation et la ternissure sur les m\u00e9taux.<\/p>\n<p>Apr\u00e8s avoir chauff\u00e9 l&rsquo;argile m\u00e9tallique, vous pouvez utiliser ce pinceau pour polir le m\u00e9tal et la couleur argent\u00e9e appara\u00eetra. Pour une finition brillante, continuez \u00e0 poncer, polir et lustrer avec d&rsquo;autres moyens et outils tels que des tampons de pon\u00e7age et de polissage, de la p\u00e2te \u00e0 polir, des disques de polissage sur l&rsquo;outil rotatif ou dremel ou similaire. <\/p>\n","protected":false},"featured_media":26085,"comment_status":"closed","ping_status":"closed","template":"","meta":{"_acf_changed":false,"_seopress_robots_primary_cat":"none","_seopress_titles_title":"","_seopress_titles_desc":"","_seopress_robots_index":""},"more":[],"product_brand":[6382],"product_cat":[7396,6366],"product_tag":[7409,6386,7016,8238,6372,6642,6409,8179,14586,14591,6650,8222,14587,10080,6381,10354,8682,6640,6759,6536,7933,10185,8861,7506,8301,8304,14589],"class_list":{"0":"post-26080","1":"product","2":"type-product","3":"status-publish","4":"has-post-thumbnail","6":"product_brand-acs","7":"product_cat-outils-pour-anneaux","8":"product_cat-poncage-limage-et-polissage","9":"product_tag-acier","10":"product_tag-aida","11":"product_tag-amende-2","12":"product_tag-benelux","13":"product_tag-bijoux","14":"product_tag-bijoux-2","15":"product_tag-bricolage","16":"product_tag-brosse","17":"product_tag-brosse-a-polir-2","18":"product_tag-brosses-2","19":"product_tag-cuivre","20":"product_tag-eu","21":"product_tag-exactement","22":"product_tag-fabrication-de-bijoux-2","23":"product_tag-japon","24":"product_tag-leurope-2","25":"product_tag-laiton","26":"product_tag-maison","27":"product_tag-metal","28":"product_tag-petit","29":"product_tag-petit-2","30":"product_tag-polir-3","31":"product_tag-polissage","32":"product_tag-pour","33":"product_tag-precision","34":"product_tag-travail","35":"product_tag-travaux","36":"product_shipping_class-standard","38":"first","39":"instock","40":"taxable","41":"shipping-taxable","42":"purchasable","43":"product-type-simple"},"acf":[],"_links":{"self":[{"href":"https:\/\/esquell.eu\/fr\/wp-json\/wp\/v2\/product\/26080","targetHints":{"allow":["GET"]}}],"collection":[{"href":"https:\/\/esquell.eu\/fr\/wp-json\/wp\/v2\/product"}],"about":[{"href":"https:\/\/esquell.eu\/fr\/wp-json\/wp\/v2\/types\/product"}],"replies":[{"embeddable":true,"href":"https:\/\/esquell.eu\/fr\/wp-json\/wp\/v2\/comments?post=26080"}],"wp:featuredmedia":[{"embeddable":true,"href":"https:\/\/esquell.eu\/fr\/wp-json\/wp\/v2\/media\/26085"}],"wp:attachment":[{"href":"https:\/\/esquell.eu\/fr\/wp-json\/wp\/v2\/media?parent=26080"}],"wp:term":[{"taxonomy":"more","embeddable":true,"href":"https:\/\/esquell.eu\/fr\/wp-json\/wp\/v2\/more?post=26080"},{"taxonomy":"product_brand","embeddable":true,"href":"https:\/\/esquell.eu\/fr\/wp-json\/wp\/v2\/product_brand?post=26080"},{"taxonomy":"product_cat","embeddable":true,"href":"https:\/\/esquell.eu\/fr\/wp-json\/wp\/v2\/product_cat?post=26080"},{"taxonomy":"product_tag","embeddable":true,"href":"https:\/\/esquell.eu\/fr\/wp-json\/wp\/v2\/product_tag?post=26080"}],"curies":[{"name":"wp","href":"https:\/\/api.w.org\/{rel}","templated":true}]}}