{"id":26066,"date":"2025-04-03T09:22:26","date_gmt":"2025-04-03T09:22:26","guid":{"rendered":"https:\/\/esquell.eu\/product\/mini-limes-diamantees-lot-de-6\/"},"modified":"2025-04-03T09:22:26","modified_gmt":"2025-04-03T09:22:26","slug":"mini-limes-diamantees-lot-de-6","status":"publish","type":"product","link":"https:\/\/esquell.eu\/fr\/produit\/mini-limes-diamantees-lot-de-6\/","title":{"rendered":"Mini limes diamant\u00e9es Lot de 6"},"content":{"rendered":"<p>Mini limes Diamant set de 6<\/p>\n<p>Pour dremel ou autre outil multifonction, outil rotatif.<\/p>\n<p>Convient \u00e9galement \u00e0 notre outil multifonction sans fil.<\/p>\n<p>Taille de l&rsquo;arbre 2,35 mm<\/p>\n<p>Il peut \u00e9galement \u00eatre utilis\u00e9 comme outil manuel pour l&rsquo;argile s\u00e9ch\u00e9e. Combinez ensuite les fraises avec le mandrin de la perceuse. <\/p>\n","protected":false},"excerpt":{"rendered":"<p>Mini limes Diamant set de 6<\/p>\n<p>Pour dremel ou autre outil multifonction, outil rotatif.<\/p>\n<p>Convient \u00e9galement \u00e0 notre <a href=\"?ObjectPath=\/Shops\/83636376\/Products\/TO0128\">outil multifonction sans fil<\/a>.<\/p>\n<p>Taille de l&rsquo;arbre 2,35 mm<\/p>\n<p>Il peut \u00e9galement \u00eatre utilis\u00e9 comme outil manuel pour l&rsquo;argile s\u00e9ch\u00e9e. Combinez ensuite les fraises avec le <a href=\"https:\/\/www.esquell.nl\/p\/boorhouder\">mandrin de la perceuse<\/a>. <\/p>\n<p>&nbsp;<\/p>\n","protected":false},"featured_media":4286,"comment_status":"closed","ping_status":"closed","template":"","meta":{"_acf_changed":false,"_seopress_robots_primary_cat":"none","_seopress_titles_title":"","_seopress_titles_desc":"","_seopress_robots_index":""},"more":[],"product_brand":[6398],"product_cat":[6366],"product_tag":[6470,6476,6645,6939,6646,7929,7098,6638,6931,14502,7339,6388,6741,6406,6420,7028,6378,13610,6393,20031,6718,6372,18576,20027,18889,7792,9795,6402,8737,7814,6641,6941,6935,6819,14304,6649,8240,14611,6655,6647,6724,9797,6815,15037,6785,14609,6653,6933,8864,6712,6651,6659,14613,6550,6369,7030,6789,20028,10137,9333,9105,17835,20033,6821,20035,14500,9836,6661,6937,6643,15039,6657,6816,6391,6665,7933,7094,10521,8301,6749,20032,14496,7774,9896,10488,14495,20030,6407,6919,6663,20029,8314,14589,6787,19030,6720],"class_list":{"0":"post-26066","1":"product","2":"type-product","3":"status-publish","4":"has-post-thumbnail","6":"product_brand-l1","7":"product_cat-poncage-limage-et-polissage","8":"product_tag-6470","9":"product_tag-6476","10":"product_tag-a","11":"product_tag-acheter-2","12":"product_tag-acheter","13":"product_tag-acrylique","14":"product_tag-anneau","15":"product_tag-anneaux","16":"product_tag-anvers","17":"product_tag-arbre-2","18":"product_tag-argent-malleable","19":"product_tag-argile","20":"product_tag-argile-3","21":"product_tag-argile-aurifere","22":"product_tag-argile-bronze","23":"product_tag-argile-cuivreuse","24":"product_tag-argile-metallique","25":"product_tag-asseccoires","26":"product_tag-belgique","27":"product_tag-bible-en-argile-argentee","28":"product_tag-bijoux-3","29":"product_tag-bijoux","30":"product_tag-bijoux-en-epoxy","31":"product_tag-bijoux-en-porcelaine","32":"product_tag-bijoux-en-resine-2","33":"product_tag-bijoux-en-verre","34":"product_tag-bloc-de-metal","35":"product_tag-bon-marche","36":"product_tag-boucle-doreille-2","37":"product_tag-boucles-doreilles-2","38":"product_tag-boucles-doreilles","39":"product_tag-brabant","40":"product_tag-bruxelles","41":"product_tag-cernit","42":"product_tag-clous-doreilles-3","43":"product_tag-commande","44":"product_tag-construction-de-modeles","45":"product_tag-cutter-3","46":"product_tag-drenthe","47":"product_tag-en-ligne","48":"product_tag-envoyer","49":"product_tag-epoxy","50":"product_tag-fimo","51":"product_tag-flandres","52":"product_tag-flevoland","53":"product_tag-fraisage","54":"product_tag-frise","55":"product_tag-gentilhomme","56":"product_tag-goujons","57":"product_tag-gratuit","58":"product_tag-groningue","59":"product_tag-gueldre","60":"product_tag-hss","61":"product_tag-largent-2","62":"product_tag-largent","63":"product_tag-liege","64":"product_tag-limbourg","65":"product_tag-mandrin-de-percage","66":"product_tag-metal-precieux","67":"product_tag-metaux-precieux","68":"product_tag-micro","69":"product_tag-micro-outil","70":"product_tag-micro-outils","71":"product_tag-mini","72":"product_tag-mini-outil","73":"product_tag-minitool","74":"product_tag-multitool","75":"product_tag-nord","76":"product_tag-ostende","77":"product_tag-ou","78":"product_tag-outils-a-main","79":"product_tag-overijssel","80":"product_tag-pate-polymere","81":"product_tag-pays-bas","82":"product_tag-pays-bas-2","83":"product_tag-petit-2","84":"product_tag-pont","85":"product_tag-precis","86":"product_tag-precision","87":"product_tag-professionnel","88":"product_tag-professionnel-6","89":"product_tag-rechargeable-3","90":"product_tag-resine","91":"product_tag-resine-acrylique","92":"product_tag-rotatif","93":"product_tag-sans-fil","94":"product_tag-securise","95":"product_tag-silverclay-co-uk","96":"product_tag-sterling","97":"product_tag-sud","98":"product_tag-travail-3","99":"product_tag-travail-de-precision","100":"product_tag-travaux","101":"product_tag-utrecht","102":"product_tag-zilverklei-be","103":"product_tag-zilverkleinederland","104":"product_shipping_class-standard","106":"first","107":"instock","108":"taxable","109":"shipping-taxable","110":"purchasable","111":"product-type-simple"},"acf":[],"_links":{"self":[{"href":"https:\/\/esquell.eu\/fr\/wp-json\/wp\/v2\/product\/26066","targetHints":{"allow":["GET"]}}],"collection":[{"href":"https:\/\/esquell.eu\/fr\/wp-json\/wp\/v2\/product"}],"about":[{"href":"https:\/\/esquell.eu\/fr\/wp-json\/wp\/v2\/types\/product"}],"replies":[{"embeddable":true,"href":"https:\/\/esquell.eu\/fr\/wp-json\/wp\/v2\/comments?post=26066"}],"wp:featuredmedia":[{"embeddable":true,"href":"https:\/\/esquell.eu\/fr\/wp-json\/wp\/v2\/media\/4286"}],"wp:attachment":[{"href":"https:\/\/esquell.eu\/fr\/wp-json\/wp\/v2\/media?parent=26066"}],"wp:term":[{"taxonomy":"more","embeddable":true,"href":"https:\/\/esquell.eu\/fr\/wp-json\/wp\/v2\/more?post=26066"},{"taxonomy":"product_brand","embeddable":true,"href":"https:\/\/esquell.eu\/fr\/wp-json\/wp\/v2\/product_brand?post=26066"},{"taxonomy":"product_cat","embeddable":true,"href":"https:\/\/esquell.eu\/fr\/wp-json\/wp\/v2\/product_cat?post=26066"},{"taxonomy":"product_tag","embeddable":true,"href":"https:\/\/esquell.eu\/fr\/wp-json\/wp\/v2\/product_tag?post=26066"}],"curies":[{"name":"wp","href":"https:\/\/api.w.org\/{rel}","templated":true}]}}