{"id":26064,"date":"2025-04-03T09:22:26","date_gmt":"2025-04-03T09:22:26","guid":{"rendered":"https:\/\/esquell.eu\/product\/limes-pliables-bandes-abrasives-flexibles-set-de-5\/"},"modified":"2026-02-14T10:22:19","modified_gmt":"2026-02-14T10:22:19","slug":"limes-pliables-bandes-abrasives-flexibles-set-de-5","status":"publish","type":"product","link":"https:\/\/esquell.eu\/fr\/produit\/limes-pliables-bandes-abrasives-flexibles-set-de-5\/","title":{"rendered":"Limes pliables. bandes abrasives flexibles Set de 5"},"content":{"rendered":"<div class=\"product-addition-content\">\n<p>Limes \u00e0 poncer pliables B\u00e2tons de pon\u00e7age flexibles fabriqu\u00e9s avec un noyau en aluminium. Ces limes \u00e0 poncer sont pliables ! <\/p>\n<p>Courbez les dossiers pour qu&rsquo;ils s&rsquo;adaptent \u00e0 n&rsquo;importe quel espace ou forme.<\/p>\n<p>Chaque paquet contient 5 limes \u00e0 poncer, 1 de chaque grain : brun grain 100, gris fonc\u00e9 grain 120, beige grain 220, blanc grain 320 et noir grain 400. Pour l&rsquo;affinage de l&rsquo;argile m\u00e9tallique et la finition de tous les m\u00e9taux. <\/p>\n<p>Ces tampons conviennent particuli\u00e8rement bien au fa\u00e7onnage de l&rsquo;argile m\u00e9tallique s\u00e8che non cuite<\/p>\n<\/div>\n","protected":false},"excerpt":{"rendered":"<p>Limes \u00e0 poncer pliables B\u00e2tons de pon\u00e7age flexibles fabriqu\u00e9s avec un noyau en aluminium. Ces limes \u00e0 poncer sont pliables ! <\/p>\n<p>&nbsp;<\/p>\n<p>Courbez les dossiers pour qu&rsquo;ils s&rsquo;adaptent \u00e0 n&rsquo;importe quel espace ou forme.<\/p>\n<p>&nbsp;<\/p>\n<p>Chaque paquet contient 5 limes \u00e0 poncer, 1 de chaque grain : brun grain 100, gris fonc\u00e9 grain 120, beige grain 220, blanc grain 320 et noir grain 400. Pour l&rsquo;affinage de l&rsquo;argile m\u00e9tallique et la finition de tous les m\u00e9taux. <\/p>\n<p>Ces tampons conviennent particuli\u00e8rement bien au fa\u00e7onnage de l&rsquo;argile m\u00e9tallique s\u00e8che non cuite<\/p>\n","protected":false},"featured_media":26067,"comment_status":"closed","ping_status":"closed","template":"","meta":{"_acf_changed":false,"_seopress_robots_primary_cat":"none","_seopress_titles_title":"","_seopress_titles_desc":"","_seopress_robots_index":""},"more":[],"product_brand":[6736],"product_cat":[7504,6366],"product_tag":[7675,7409,9048,6386,20024,7339,6473,6404,7500,6406,6420,7028,15021,6405,7567,6376,8422,6982,6372,6409,10197,20026,7546,14660,11636,7498,6743,10344,9051,9797,11087,6374,12392,14315,11839,7513,7679,11633,6381,6550,6634,6472,7287,14662,6559,10200,14490,7031,20023,20025,6652,7422,7279,9055,7029,8861,8743,7486,8736,6418,7774,9894,6407,6411,7055],"class_list":{"0":"post-26064","1":"product","2":"type-product","3":"status-publish","4":"has-post-thumbnail","6":"product_brand-des-outils-sympas","7":"product_cat-argile","8":"product_cat-poncage-limage-et-polissage","9":"product_tag-achats","10":"product_tag-acier","11":"product_tag-agate","12":"product_tag-aida","13":"product_tag-aiguille-de-polissage","14":"product_tag-argent-malleable","15":"product_tag-argile-2","16":"product_tag-argile-argentee","17":"product_tag-argile-argentee-3","18":"product_tag-argile-aurifere","19":"product_tag-argile-bronze","20":"product_tag-argile-cuivreuse","21":"product_tag-argiles","22":"product_tag-artclay","23":"product_tag-artclayacademy","24":"product_tag-artclaysilver","25":"product_tag-aussie","26":"product_tag-bijoutier","27":"product_tag-bijoux","28":"product_tag-bricolage","29":"product_tag-brillant-2","30":"product_tag-brillant-6","31":"product_tag-bronze-3","32":"product_tag-brune","33":"product_tag-byoux","34":"product_tag-cuivre-3","35":"product_tag-distributeur","36":"product_tag-emballage-en-fil-metallique","37":"product_tag-epingle-en-agate","38":"product_tag-epoxy","39":"product_tag-et","40":"product_tag-faire","41":"product_tag-fil-de-fer-2","42":"product_tag-fimo-pate-polymere","43":"product_tag-finition-2","44":"product_tag-flechir","45":"product_tag-google","46":"product_tag-hommes","47":"product_tag-japon","48":"product_tag-largent-2","49":"product_tag-largent-3","50":"product_tag-lart","51":"product_tag-lor-3","52":"product_tag-laiton-3","53":"product_tag-lignes-dartisanat","54":"product_tag-lisse","55":"product_tag-lisse-2","56":"product_tag-metal-2","57":"product_tag-moderne-2","58":"product_tag-motifs-2","59":"product_tag-orfevres","60":"product_tag-outils-de-bijouterie","61":"product_tag-pierre-2","62":"product_tag-pierre-dagate","63":"product_tag-pmc","64":"product_tag-polissage","65":"product_tag-poncage","66":"product_tag-porcelaine","67":"product_tag-presomptueux","68":"product_tag-promethee","69":"product_tag-resine","70":"product_tag-resine-2","71":"product_tag-silverclay-co-uk","72":"product_tag-tempete-de-sable","73":"product_tag-verre","74":"product_shipping_class-standard","76":"first","77":"instock","78":"taxable","79":"shipping-taxable","80":"purchasable","81":"product-type-simple"},"acf":[],"_links":{"self":[{"href":"https:\/\/esquell.eu\/fr\/wp-json\/wp\/v2\/product\/26064","targetHints":{"allow":["GET"]}}],"collection":[{"href":"https:\/\/esquell.eu\/fr\/wp-json\/wp\/v2\/product"}],"about":[{"href":"https:\/\/esquell.eu\/fr\/wp-json\/wp\/v2\/types\/product"}],"replies":[{"embeddable":true,"href":"https:\/\/esquell.eu\/fr\/wp-json\/wp\/v2\/comments?post=26064"}],"wp:featuredmedia":[{"embeddable":true,"href":"https:\/\/esquell.eu\/fr\/wp-json\/wp\/v2\/media\/26067"}],"wp:attachment":[{"href":"https:\/\/esquell.eu\/fr\/wp-json\/wp\/v2\/media?parent=26064"}],"wp:term":[{"taxonomy":"more","embeddable":true,"href":"https:\/\/esquell.eu\/fr\/wp-json\/wp\/v2\/more?post=26064"},{"taxonomy":"product_brand","embeddable":true,"href":"https:\/\/esquell.eu\/fr\/wp-json\/wp\/v2\/product_brand?post=26064"},{"taxonomy":"product_cat","embeddable":true,"href":"https:\/\/esquell.eu\/fr\/wp-json\/wp\/v2\/product_cat?post=26064"},{"taxonomy":"product_tag","embeddable":true,"href":"https:\/\/esquell.eu\/fr\/wp-json\/wp\/v2\/product_tag?post=26064"}],"curies":[{"name":"wp","href":"https:\/\/api.w.org\/{rel}","templated":true}]}}