{"id":26045,"date":"2025-04-03T09:22:26","date_gmt":"2025-04-03T09:22:26","guid":{"rendered":"https:\/\/esquell.eu\/product\/hagerty-silver-clean-pour-une-utilisation-professionnelle\/"},"modified":"2025-12-22T11:13:59","modified_gmt":"2025-12-22T11:13:59","slug":"hagerty-silver-clean-pour-une-utilisation-professionnelle","status":"publish","type":"product","link":"https:\/\/esquell.eu\/fr\/produit\/hagerty-silver-clean-pour-une-utilisation-professionnelle\/","title":{"rendered":"Hagerty Silver Clean pour une utilisation professionnelle."},"content":{"rendered":"<div class=\"product-addition-content\">\n<p><strong>Quels bijoux nettoyez-vous avec Silver Clean ?<\/strong><\/p>\n<p>Ce produit nettoyant redonne de l&rsquo;\u00e9clat aux bagues, bracelets et autres bijoux en argent et en plaqu\u00e9 argent ternis. Le bain nettoyant prot\u00e8ge et purifie les broches, colliers, boucles d&rsquo;oreilles et autres objets pr\u00e9cieux. Il nettoie et entretient en profondeur la surface en argent ou en plaqu\u00e9 argent. Le bain a \u00e9galement un parfum d\u00e9licat et laisse les bijoux resplendissants.   <\/p>\n<p><strong>Comment ce nettoyant nettoie-t-il vos bijoux en argent ?<\/strong><\/p>\n<p>Dans l&#8217;emballage, vous trouverez un bain d&rsquo;immersion. Ce bain d&rsquo;immersion contient un petit panier dans lequel vous pouvez placer les bijoux pour une utilisation facile. Les humectants p\u00e9n\u00e8trent la salet\u00e9 et garantissent un nettoyage efficace. Le bain donne des r\u00e9sultats presque imm\u00e9diats et n&rsquo;\u00e9rafle ni ne tache les bijoux en argent et en plaqu\u00e9 argent.   <\/p>\n<p><strong>Instructions pour le nettoyage de l&rsquo;argent :<\/strong><\/p>\n<p>Dans l&#8217;emballage, vous trouverez le panier d&rsquo;immersion et le bain d&rsquo;immersion :<\/p>\n<p>Placez les bijoux dans le panier et plongez-les dans le bain ;<\/p>\n<p>Laissez reposer pendant 2 minutes.<\/p>\n<p>Utilisez une \u00e9ponge douce imbib\u00e9e de produit sur les parties tr\u00e8s sales ;<\/p>\n<p>Rincez \u00e0 l&rsquo;eau chaude et s\u00e9chez avec un chiffon doux ;<\/p>\n<p>Nettoyez votre argenterie dans un endroit a\u00e9r\u00e9 et utilisez des gants ;<\/p>\n<p>Avant toute utilisation, lisez les consignes de s\u00e9curit\u00e9.<\/p>\n<\/div>\n","protected":false},"excerpt":{"rendered":"<p><strong>Quels bijoux nettoyez-vous avec Silver Clean ?<\/strong><\/p>\n<p>Ce produit nettoyant redonne de l&rsquo;\u00e9clat aux bagues, bracelets et autres bijoux en argent et en plaqu\u00e9 argent ternis. Le bain nettoyant prot\u00e8ge et purifie les broches, colliers, boucles d&rsquo;oreilles et autres objets pr\u00e9cieux. Il nettoie et entretient en profondeur la surface en argent ou en plaqu\u00e9 argent. Le bain a \u00e9galement un parfum d\u00e9licat et laisse les bijoux resplendissants.   <\/p>\n<p>&nbsp;<\/p>\n<p><strong>Comment ce nettoyant nettoie-t-il vos bijoux en argent ?<\/strong><\/p>\n<p>Dans l&#8217;emballage, vous trouverez un bain d&rsquo;immersion. Ce bain d&rsquo;immersion contient un petit panier dans lequel vous pouvez placer les bijoux pour une utilisation facile. Les humectants p\u00e9n\u00e8trent la salet\u00e9 et garantissent un nettoyage efficace. Le bain donne des r\u00e9sultats presque imm\u00e9diats et n&rsquo;\u00e9rafle ni ne tache les bijoux en argent et en plaqu\u00e9 argent.   <\/p>\n<p>&nbsp;<\/p>\n<p><strong>Instructions pour le nettoyage de l&rsquo;argent :<\/strong><\/p>\n<p>Dans l&#8217;emballage, vous trouverez le panier d&rsquo;immersion et le bain d&rsquo;immersion :<\/p>\n<p>Placez les bijoux dans le panier et plongez-les dans le bain ;<\/p>\n<p>Laissez reposer pendant 2 minutes.<\/p>\n<p>Utilisez une \u00e9ponge douce imbib\u00e9e de produit sur les parties tr\u00e8s sales ;<\/p>\n<p>Rincez \u00e0 l&rsquo;eau chaude et s\u00e9chez avec un chiffon doux ;<\/p>\n<p>Nettoyez votre argenterie dans un endroit a\u00e9r\u00e9 et utilisez des gants ;<\/p>\n<p>Avant toute utilisation, lisez les consignes de s\u00e9curit\u00e9.<\/p>\n","protected":false},"featured_media":26046,"comment_status":"closed","ping_status":"closed","template":"","meta":{"_acf_changed":false,"_seopress_robots_primary_cat":"none","_seopress_titles_title":"","_seopress_titles_desc":"","_seopress_robots_index":""},"more":[],"product_brand":[6363],"product_cat":[6366],"product_tag":[17130,7572,6372,19992,6369,6634,8186,14555,7506,8603,6749,19994,19996],"class_list":{"0":"post-26045","1":"product","2":"type-product","3":"status-publish","4":"has-post-thumbnail","6":"product_brand-bm","7":"product_cat-poncage-limage-et-polissage","8":"product_tag-argent-2","9":"product_tag-avec","10":"product_tag-bijoux","11":"product_tag-hagarty","12":"product_tag-largent","13":"product_tag-largent-3","14":"product_tag-nettoyage","15":"product_tag-nettoyeur","16":"product_tag-pour","17":"product_tag-professionnel-3","18":"product_tag-professionnel","19":"product_tag-propre-3","20":"product_tag-silverclean","21":"product_shipping_class-standard","23":"first","24":"instock","25":"taxable","26":"shipping-taxable","27":"purchasable","28":"product-type-simple"},"acf":[],"_links":{"self":[{"href":"https:\/\/esquell.eu\/fr\/wp-json\/wp\/v2\/product\/26045","targetHints":{"allow":["GET"]}}],"collection":[{"href":"https:\/\/esquell.eu\/fr\/wp-json\/wp\/v2\/product"}],"about":[{"href":"https:\/\/esquell.eu\/fr\/wp-json\/wp\/v2\/types\/product"}],"replies":[{"embeddable":true,"href":"https:\/\/esquell.eu\/fr\/wp-json\/wp\/v2\/comments?post=26045"}],"wp:featuredmedia":[{"embeddable":true,"href":"https:\/\/esquell.eu\/fr\/wp-json\/wp\/v2\/media\/26046"}],"wp:attachment":[{"href":"https:\/\/esquell.eu\/fr\/wp-json\/wp\/v2\/media?parent=26045"}],"wp:term":[{"taxonomy":"more","embeddable":true,"href":"https:\/\/esquell.eu\/fr\/wp-json\/wp\/v2\/more?post=26045"},{"taxonomy":"product_brand","embeddable":true,"href":"https:\/\/esquell.eu\/fr\/wp-json\/wp\/v2\/product_brand?post=26045"},{"taxonomy":"product_cat","embeddable":true,"href":"https:\/\/esquell.eu\/fr\/wp-json\/wp\/v2\/product_cat?post=26045"},{"taxonomy":"product_tag","embeddable":true,"href":"https:\/\/esquell.eu\/fr\/wp-json\/wp\/v2\/product_tag?post=26045"}],"curies":[{"name":"wp","href":"https:\/\/api.w.org\/{rel}","templated":true}]}}