{"id":26012,"date":"2025-04-03T09:22:12","date_gmt":"2025-04-03T09:22:12","guid":{"rendered":"https:\/\/esquell.eu\/product\/lime-avec-manche-semi-circulaire-215-mm-f-0095\/"},"modified":"2026-02-14T10:44:31","modified_gmt":"2026-02-14T10:44:31","slug":"lime-avec-manche-semi-circulaire-215-mm-f-0095","status":"publish","type":"product","link":"https:\/\/esquell.eu\/fr\/produit\/lime-avec-manche-semi-circulaire-215-mm-f-0095\/","title":{"rendered":"Lime avec manche semi-circulaire 215 mm (F-0095)"},"content":{"rendered":"<p>Lime avec manche semi-circulaire 215 mm Coupe 1 semi-douce<\/p>\n<p>Pour la finition des argiles m\u00e9talliques s\u00e9ch\u00e9es et cuites.<\/p>\n","protected":false},"excerpt":{"rendered":"<p>Lime avec manche semi-circulaire 215 mm Coupe 1 semi-douce<\/p>\n<p>Pour la finition des argiles m\u00e9talliques s\u00e9ch\u00e9es et cuites.<\/p>\n","protected":false},"featured_media":26013,"comment_status":"closed","ping_status":"closed","template":"","meta":{"_acf_changed":false,"_seopress_robots_primary_cat":"none","_seopress_titles_title":"","_seopress_titles_desc":"","_seopress_robots_index":""},"more":[],"product_brand":[6382],"product_cat":[7504,10216,6366],"product_tag":[11988,9296,6386,6388,6473,6741,6404,7028,6378,6390,15021,6405,6376,6396,8238,19931,13299,6372,17723,8240,6650,19925,19928,9797,8222,6374,14618,10192,6635,6381,6369,6550,6634,6472,8220,10354,6400,8232,19923,7275,6652,6636,6391,7029,6418,7774,9894,6443,19929,6407],"class_list":{"0":"post-26012","1":"product","2":"type-product","3":"status-publish","4":"has-post-thumbnail","6":"product_brand-acs","7":"product_cat-argile","8":"product_cat-metal","9":"product_cat-poncage-limage-et-polissage","10":"product_tag-11988","11":"product_tag-9296","12":"product_tag-aida","13":"product_tag-argile","14":"product_tag-argile-2","15":"product_tag-argile-3","16":"product_tag-argile-argentee","17":"product_tag-argile-cuivreuse","18":"product_tag-argile-metallique","19":"product_tag-argile-metallique-2","20":"product_tag-argiles","21":"product_tag-artclay","22":"product_tag-artclaysilver","23":"product_tag-belgique-2","24":"product_tag-benelux","25":"product_tag-besoin","26":"product_tag-bijouterie","27":"product_tag-bijoux","28":"product_tag-capuchon-3","29":"product_tag-construction-de-modeles","30":"product_tag-cuivre","31":"product_tag-dfm","32":"product_tag-doux-5","33":"product_tag-epoxy","34":"product_tag-eu","35":"product_tag-faire","36":"product_tag-fichier","37":"product_tag-fichiers","38":"product_tag-fournitures","39":"product_tag-japon","40":"product_tag-largent","41":"product_tag-largent-2","42":"product_tag-largent-3","43":"product_tag-lart","44":"product_tag-leurope","45":"product_tag-leurope-2","46":"product_tag-luxembourg","47":"product_tag-marque","48":"product_tag-metalclayshop","49":"product_tag-moitie","50":"product_tag-orfevres","51":"product_tag-outils","52":"product_tag-pays-bas","53":"product_tag-pmc","54":"product_tag-promethee","55":"product_tag-resine","56":"product_tag-resine-2","57":"product_tag-resine-uv","58":"product_tag-sculpture-3","59":"product_tag-silverclay-co-uk","60":"product_shipping_class-standard","62":"first","63":"instock","64":"taxable","65":"shipping-taxable","66":"purchasable","67":"product-type-simple"},"acf":[],"_links":{"self":[{"href":"https:\/\/esquell.eu\/fr\/wp-json\/wp\/v2\/product\/26012","targetHints":{"allow":["GET"]}}],"collection":[{"href":"https:\/\/esquell.eu\/fr\/wp-json\/wp\/v2\/product"}],"about":[{"href":"https:\/\/esquell.eu\/fr\/wp-json\/wp\/v2\/types\/product"}],"replies":[{"embeddable":true,"href":"https:\/\/esquell.eu\/fr\/wp-json\/wp\/v2\/comments?post=26012"}],"wp:featuredmedia":[{"embeddable":true,"href":"https:\/\/esquell.eu\/fr\/wp-json\/wp\/v2\/media\/26013"}],"wp:attachment":[{"href":"https:\/\/esquell.eu\/fr\/wp-json\/wp\/v2\/media?parent=26012"}],"wp:term":[{"taxonomy":"more","embeddable":true,"href":"https:\/\/esquell.eu\/fr\/wp-json\/wp\/v2\/more?post=26012"},{"taxonomy":"product_brand","embeddable":true,"href":"https:\/\/esquell.eu\/fr\/wp-json\/wp\/v2\/product_brand?post=26012"},{"taxonomy":"product_cat","embeddable":true,"href":"https:\/\/esquell.eu\/fr\/wp-json\/wp\/v2\/product_cat?post=26012"},{"taxonomy":"product_tag","embeddable":true,"href":"https:\/\/esquell.eu\/fr\/wp-json\/wp\/v2\/product_tag?post=26012"}],"curies":[{"name":"wp","href":"https:\/\/api.w.org\/{rel}","templated":true}]}}