{"id":26010,"date":"2025-04-03T09:22:12","date_gmt":"2025-04-03T09:22:12","guid":{"rendered":"https:\/\/esquell.eu\/product\/eve-polish-cloth-2400-4000-12000-set-of-3-9881\/"},"modified":"2025-04-03T09:22:12","modified_gmt":"2025-04-03T09:22:12","slug":"eve-polish-cloth-2400-4000-12000-set-of-3-9881","status":"publish","type":"product","link":"https:\/\/esquell.eu\/fr\/produit\/eve-polish-cloth-2400-4000-12000-set-of-3-9881\/","title":{"rendered":"EVE Polish cloth #2400\/#4000\/#12000 Set of 3 (9881)"},"content":{"rendered":"<p>Ce set de lingettes textiles est tr\u00e8s flexible et extra fjin impr\u00e9gn\u00e9 de diamant pour le polissage de tous les types de m\u00e9tal et d&rsquo;acrylique, comme la r\u00e9sine UV.<br \/>\nLe set se compose des trois rainures #2400, #4000, #12000. Les dimensions sont 140x75mm. <\/p>\n","protected":false},"excerpt":{"rendered":"<p>Ce set de lingettes textiles est tr\u00e8s flexible et impr\u00e9gn\u00e9 de diamants extra fjin pour le polissage de tous les types de m\u00e9tal et d&rsquo;acrylique, comme la r\u00e9sine UV. Le set comprend les trois rainures #2400, #4000, #12000. Les dimensions sont de 140x75mm.  <\/p>\n","protected":false},"featured_media":7432,"comment_status":"closed","ping_status":"closed","template":"","meta":{"_acf_changed":false,"_seopress_robots_primary_cat":"none","_seopress_titles_title":"","_seopress_titles_desc":"","_seopress_robots_index":""},"more":[],"product_brand":[6363],"product_cat":[6366],"product_tag":[19918,7016,10772,7098,6638,6388,6404,15021,6376,6372,19920,6641,10132,8358,8592,6412,6528,7546,13649,6819,6794,19924,19926,6962,8240,6650,7498,7640,9797,6374,6815,10198,11839,7510,6635,6369,6550,6634,6403,7287,19914,19798,10200,14490,6640,6759,13293,10082,6637,7313,6652,7310,7353,7405,6636,6726,7422,6816,6774,19921,10185,8861,10153,19930,19927,19922,7774,6443,6766,8314,14589,19916,19919,9892,19913,6408,19910],"class_list":{"0":"post-26010","1":"product","2":"type-product","3":"status-publish","4":"has-post-thumbnail","6":"product_brand-bm","7":"product_cat-poncage-limage-et-polissage","8":"product_tag-acrylique-2","9":"product_tag-amende-2","10":"product_tag-amende-3","11":"product_tag-anneau","12":"product_tag-anneaux","13":"product_tag-argile","14":"product_tag-argile-argentee","15":"product_tag-argiles","16":"product_tag-artclaysilver","17":"product_tag-bijoux","18":"product_tag-boches","19":"product_tag-boucles-doreilles","20":"product_tag-brillant","21":"product_tag-broche-2","22":"product_tag-broche-3","23":"product_tag-bronze","24":"product_tag-bronze-2","25":"product_tag-bronze-3","26":"product_tag-cereales","27":"product_tag-cernit","28":"product_tag-chaine","29":"product_tag-chiffon-de-polissage-3","30":"product_tag-chiffons-eva","31":"product_tag-collier","32":"product_tag-construction-de-modeles","33":"product_tag-cuivre","34":"product_tag-cuivre-3","35":"product_tag-diamant-2","36":"product_tag-epoxy","37":"product_tag-faire","38":"product_tag-fimo","39":"product_tag-finition","40":"product_tag-finition-2","41":"product_tag-flexible","42":"product_tag-fournitures","43":"product_tag-largent","44":"product_tag-largent-2","45":"product_tag-largent-3","46":"product_tag-lor","47":"product_tag-lor-3","48":"product_tag-linges","49":"product_tag-lingettes","50":"product_tag-lisse","51":"product_tag-lisse-2","52":"product_tag-maison","53":"product_tag-metal","54":"product_tag-metallurgie-3","55":"product_tag-orfevre-3","56":"product_tag-orfevre","57":"product_tag-orfevre-2","58":"product_tag-orfevres","59":"product_tag-orfevres-2","60":"product_tag-orfevres-3","61":"product_tag-outil-2","62":"product_tag-outils","63":"product_tag-outils-2","64":"product_tag-outils-de-bijouterie","65":"product_tag-pate-polymere","66":"product_tag-pendentif","67":"product_tag-percies","68":"product_tag-polir-3","69":"product_tag-polissage","70":"product_tag-polissage-2","71":"product_tag-politique","72":"product_tag-polycloth","73":"product_tag-precis-3","74":"product_tag-resine","75":"product_tag-resine-uv","76":"product_tag-supplementaires","77":"product_tag-travail-de-precision","78":"product_tag-travaux","79":"product_tag-tres","80":"product_tag-types-de-metaux","81":"product_tag-uv","82":"product_tag-veille","83":"product_tag-vous","84":"product_tag-zone","85":"product_shipping_class-standard","87":"first","88":"instock","89":"taxable","90":"shipping-taxable","91":"purchasable","92":"product-type-simple"},"acf":[],"_links":{"self":[{"href":"https:\/\/esquell.eu\/fr\/wp-json\/wp\/v2\/product\/26010","targetHints":{"allow":["GET"]}}],"collection":[{"href":"https:\/\/esquell.eu\/fr\/wp-json\/wp\/v2\/product"}],"about":[{"href":"https:\/\/esquell.eu\/fr\/wp-json\/wp\/v2\/types\/product"}],"replies":[{"embeddable":true,"href":"https:\/\/esquell.eu\/fr\/wp-json\/wp\/v2\/comments?post=26010"}],"wp:featuredmedia":[{"embeddable":true,"href":"https:\/\/esquell.eu\/fr\/wp-json\/wp\/v2\/media\/7432"}],"wp:attachment":[{"href":"https:\/\/esquell.eu\/fr\/wp-json\/wp\/v2\/media?parent=26010"}],"wp:term":[{"taxonomy":"more","embeddable":true,"href":"https:\/\/esquell.eu\/fr\/wp-json\/wp\/v2\/more?post=26010"},{"taxonomy":"product_brand","embeddable":true,"href":"https:\/\/esquell.eu\/fr\/wp-json\/wp\/v2\/product_brand?post=26010"},{"taxonomy":"product_cat","embeddable":true,"href":"https:\/\/esquell.eu\/fr\/wp-json\/wp\/v2\/product_cat?post=26010"},{"taxonomy":"product_tag","embeddable":true,"href":"https:\/\/esquell.eu\/fr\/wp-json\/wp\/v2\/product_tag?post=26010"}],"curies":[{"name":"wp","href":"https:\/\/api.w.org\/{rel}","templated":true}]}}