{"id":26005,"date":"2025-04-03T09:22:12","date_gmt":"2025-04-03T09:22:12","guid":{"rendered":"https:\/\/esquell.eu\/product\/plateau-de-poncage-en-diamant-double-face-grain-300-et-600\/"},"modified":"2026-03-23T20:24:21","modified_gmt":"2026-03-23T20:24:21","slug":"plateau-de-poncage-en-diamant-double-face-grain-300-et-600","status":"publish","type":"product","link":"https:\/\/esquell.eu\/fr\/produit\/plateau-de-poncage-en-diamant-double-face-grain-300-et-600\/","title":{"rendered":"Plateau de pon\u00e7age en diamant. Double face, grain 300 et 600."},"content":{"rendered":"<p>Plateau de pon\u00e7age en diamant.<\/p>\n<p>Double face, grain 300 et 600.<\/p>\n<p>Durable.<\/p>\n<p>Plateau de pon\u00e7age pratique pour poncer l&rsquo;argile s\u00e9ch\u00e9e et les m\u00e9taux.<\/p>\n<p>Double face et r\u00e9utilisable.<\/p>\n","protected":false},"excerpt":{"rendered":"<p>Plateau de pon\u00e7age en diamant.<\/p>\n<p>Double face, grain 300 et 600.<\/p>\n<p>Durable.<\/p>\n<p>&nbsp;<\/p>\n<p>Plateau de pon\u00e7age pratique pour poncer l&rsquo;argile s\u00e9ch\u00e9e et les m\u00e9taux.<\/p>\n<p>Double face et r\u00e9utilisable.<\/p>\n<p>Apr\u00e8s utilisation, brossez les r\u00e9sidus de m\u00e9tal ou d&rsquo;argile et la plaque peut \u00eatre r\u00e9utilis\u00e9e.<\/p>\n<p>Double face : grain #300 #600<br \/>\nDimensions : 50x83x1mm<\/p>\n","protected":false},"featured_media":26006,"comment_status":"closed","ping_status":"closed","template":"","meta":{"_acf_changed":false,"_seopress_robots_primary_cat":"none","_seopress_titles_title":"","_seopress_titles_desc":"","_seopress_robots_index":""},"more":[],"product_brand":[6382],"product_cat":[7504,10216,6366],"product_tag":[19907,6847,6386,7045,7024,6923,8074,6931,6378,6405,7027,6393,6396,6372,6389,6796,6935,7770,13649,9997,7640,8292,9380,6743,19903,19901,14511,17652,7043,7766,6374,10110,6401,6933,6651,6951,7120,11992,6381,6930,7026,6559,19893,6426,6759,19886,6652,7405,15152,19897,6391,19895,6927,7094,11233,8061,10146,19899,19905,6667,7032],"class_list":{"0":"post-26005","1":"product","2":"type-product","3":"status-publish","4":"has-post-thumbnail","6":"product_brand-acs","7":"product_cat-argile","8":"product_cat-metal","9":"product_cat-poncage-limage-et-polissage","10":"product_tag-19907","11":"product_tag-acier-inoxydable","12":"product_tag-aida","13":"product_tag-almelo","14":"product_tag-almere","15":"product_tag-amsterdam","16":"product_tag-antique","17":"product_tag-anvers","18":"product_tag-argile-metallique","19":"product_tag-artclay","20":"product_tag-avantageux-2","21":"product_tag-belgique","22":"product_tag-belgique-2","23":"product_tag-bijoux","24":"product_tag-boutique-en-ligne","25":"product_tag-boutique-en-ligne-2","26":"product_tag-bruxelles","27":"product_tag-camps","28":"product_tag-cereales","29":"product_tag-daimond","30":"product_tag-diamant-2","31":"product_tag-diamant-3","32":"product_tag-differents","33":"product_tag-distributeur","34":"product_tag-double-face","35":"product_tag-durable-3","36":"product_tag-ebavurage","37":"product_tag-empreinte-digitale-2","38":"product_tag-enschede","39":"product_tag-etreilen","40":"product_tag-faire","41":"product_tag-fait","42":"product_tag-france","43":"product_tag-gentilhomme","44":"product_tag-groningue","45":"product_tag-heerenveen","46":"product_tag-hoogeveen","47":"product_tag-inoxydable","48":"product_tag-japon","49":"product_tag-leeuwarden","50":"product_tag-lelystad","51":"product_tag-lignes-dartisanat","52":"product_tag-lille","53":"product_tag-malleable","54":"product_tag-metal","55":"product_tag-mures","56":"product_tag-orfevres","57":"product_tag-outil-2","58":"product_tag-paris","59":"product_tag-patin-de-poncage-2","60":"product_tag-pays-bas","61":"product_tag-plateau-de-poncage","62":"product_tag-plomb","63":"product_tag-pont","64":"product_tag-reutilisable","65":"product_tag-sortie","66":"product_tag-supprimer","67":"product_tag-tapis-de-poncage","68":"product_tag-utiliser-2","69":"product_tag-zelande","70":"product_tag-zwolle","71":"product_shipping_class-standard","73":"first","74":"instock","75":"taxable","76":"shipping-taxable","77":"purchasable","78":"product-type-simple"},"acf":[],"_links":{"self":[{"href":"https:\/\/esquell.eu\/fr\/wp-json\/wp\/v2\/product\/26005","targetHints":{"allow":["GET"]}}],"collection":[{"href":"https:\/\/esquell.eu\/fr\/wp-json\/wp\/v2\/product"}],"about":[{"href":"https:\/\/esquell.eu\/fr\/wp-json\/wp\/v2\/types\/product"}],"replies":[{"embeddable":true,"href":"https:\/\/esquell.eu\/fr\/wp-json\/wp\/v2\/comments?post=26005"}],"wp:featuredmedia":[{"embeddable":true,"href":"https:\/\/esquell.eu\/fr\/wp-json\/wp\/v2\/media\/26006"}],"wp:attachment":[{"href":"https:\/\/esquell.eu\/fr\/wp-json\/wp\/v2\/media?parent=26005"}],"wp:term":[{"taxonomy":"more","embeddable":true,"href":"https:\/\/esquell.eu\/fr\/wp-json\/wp\/v2\/more?post=26005"},{"taxonomy":"product_brand","embeddable":true,"href":"https:\/\/esquell.eu\/fr\/wp-json\/wp\/v2\/product_brand?post=26005"},{"taxonomy":"product_cat","embeddable":true,"href":"https:\/\/esquell.eu\/fr\/wp-json\/wp\/v2\/product_cat?post=26005"},{"taxonomy":"product_tag","embeddable":true,"href":"https:\/\/esquell.eu\/fr\/wp-json\/wp\/v2\/product_tag?post=26005"}],"curies":[{"name":"wp","href":"https:\/\/api.w.org\/{rel}","templated":true}]}}