{"id":25991,"date":"2025-04-03T09:22:12","date_gmt":"2025-04-03T09:22:12","guid":{"rendered":"https:\/\/esquell.eu\/product\/art-clay-pro-lingettes-de-polissage-10-pieces-f-0853\/"},"modified":"2026-02-14T10:44:03","modified_gmt":"2026-02-14T10:44:03","slug":"art-clay-pro-lingettes-de-polissage-10-pieces-f-0853","status":"publish","type":"product","link":"https:\/\/esquell.eu\/fr\/produit\/art-clay-pro-lingettes-de-polissage-10-pieces-f-0853\/","title":{"rendered":"Art Clay Pro Lingettes de polissage, 10 pi\u00e8ces F-0853"},"content":{"rendered":"<p>Ces tampons de polissage sont destin\u00e9s au polissage et au brillantage du platine, de l&rsquo;or, de l&rsquo;argent, du laiton, du cuivre et d&rsquo;autres m\u00e9taux.<br \/>\nCes tampons sont parfaits pour mettre en valeur une finition antique, pour des retouches rapides et pour \u00e9liminer facilement les ternissures sur les vieux bijoux, m\u00eame sans utiliser de p\u00e2te \u00e0 polir.<br \/>\nPolir avec un peu d&rsquo;eau si n\u00e9cessaire et \u00e9liminer les ternissures sur les pi\u00e8ces de bijoux en m\u00e9tal.<br \/>\nLes carr\u00e9s de 5 cm sont faits de mousse cellulaire \u00e9troitement li\u00e9e avec des micro-abrasifs li\u00e9s de fa\u00e7on permanente.<br \/>\n* Ne pas utiliser pour les bijoux en plaqu\u00e9 or.<\/p>\n","protected":false},"excerpt":{"rendered":"<p>Ces tampons de polissage sont destin\u00e9s \u00e0 polir et \u00e0 faire briller le platine, l&rsquo;or, l&rsquo;argent, le laiton, le cuivre et d&rsquo;autres m\u00e9taux. Ces tampons sont parfaits pour mettre en valeur une finition antique, faire des retouches rapides et \u00e9liminer facilement les ternissures sur les vieux bijoux, m\u00eame sans utiliser de p\u00e2te \u00e0 polir. Polissez avec un peu d&rsquo;eau si n\u00e9cessaire et \u00e9liminez les ternissures sur les parties m\u00e9talliques des bijoux. Les carr\u00e9s de 5 cm sont constitu\u00e9s d&rsquo;une mousse cellulaire \u00e9troitement li\u00e9e \u00e0 des micro-abrasifs permanents. * Ne pas utiliser pour les bijoux plaqu\u00e9s or.    <\/p>\n","protected":false},"featured_media":25993,"comment_status":"closed","ping_status":"closed","template":"","meta":{"_acf_changed":false,"_seopress_robots_primary_cat":"none","_seopress_titles_title":"","_seopress_titles_desc":"","_seopress_robots_index":""},"more":[],"product_brand":[6382],"product_cat":[6366],"product_tag":[9048,6404,6378,6405,6376,10136,7572,6393,6396,6372,6641,10197,6412,14680,11352,19879,14513,6650,9051,6401,7479,6369,9774,6403,14662,19798,19799,6400,6656,10145,11354,6391,9055,7029,10185,8861,10153,13868,13689,19801,19800],"class_list":{"0":"post-25991","1":"product","2":"type-product","3":"status-publish","4":"has-post-thumbnail","6":"product_brand-acs","7":"product_cat-poncage-limage-et-polissage","8":"product_tag-agate","9":"product_tag-argile-argentee","10":"product_tag-argile-metallique","11":"product_tag-artclay","12":"product_tag-artclaysilver","13":"product_tag-attaque","14":"product_tag-avec","15":"product_tag-belgique","16":"product_tag-belgique-2","17":"product_tag-bijoux","18":"product_tag-boucles-doreilles","19":"product_tag-brillant-2","20":"product_tag-bronze","21":"product_tag-bruneren","22":"product_tag-chiffon-de-polissage","23":"product_tag-chiffon-de-polissage-2","24":"product_tag-couche-doxydation","25":"product_tag-cuivre","26":"product_tag-epingle-en-agate","27":"product_tag-france","28":"product_tag-france-2","29":"product_tag-largent","30":"product_tag-leau","31":"product_tag-lor","32":"product_tag-laiton-3","33":"product_tag-lingettes","34":"product_tag-lingettes-de-polissage","35":"product_tag-luxembourg","36":"product_tag-luxembourg-2","37":"product_tag-oxydation","38":"product_tag-pate-a-polir","39":"product_tag-pays-bas","40":"product_tag-pierre-dagate","41":"product_tag-pmc","42":"product_tag-polir-3","43":"product_tag-polissage","44":"product_tag-polissage-2","45":"product_tag-polissage-3","46":"product_tag-resultat","47":"product_tag-tampons-de-polissage","48":"product_tag-tissu","49":"product_shipping_class-standard","51":"first","52":"instock","53":"taxable","54":"shipping-taxable","55":"purchasable","56":"product-type-simple"},"acf":[],"_links":{"self":[{"href":"https:\/\/esquell.eu\/fr\/wp-json\/wp\/v2\/product\/25991","targetHints":{"allow":["GET"]}}],"collection":[{"href":"https:\/\/esquell.eu\/fr\/wp-json\/wp\/v2\/product"}],"about":[{"href":"https:\/\/esquell.eu\/fr\/wp-json\/wp\/v2\/types\/product"}],"replies":[{"embeddable":true,"href":"https:\/\/esquell.eu\/fr\/wp-json\/wp\/v2\/comments?post=25991"}],"wp:featuredmedia":[{"embeddable":true,"href":"https:\/\/esquell.eu\/fr\/wp-json\/wp\/v2\/media\/25993"}],"wp:attachment":[{"href":"https:\/\/esquell.eu\/fr\/wp-json\/wp\/v2\/media?parent=25991"}],"wp:term":[{"taxonomy":"more","embeddable":true,"href":"https:\/\/esquell.eu\/fr\/wp-json\/wp\/v2\/more?post=25991"},{"taxonomy":"product_brand","embeddable":true,"href":"https:\/\/esquell.eu\/fr\/wp-json\/wp\/v2\/product_brand?post=25991"},{"taxonomy":"product_cat","embeddable":true,"href":"https:\/\/esquell.eu\/fr\/wp-json\/wp\/v2\/product_cat?post=25991"},{"taxonomy":"product_tag","embeddable":true,"href":"https:\/\/esquell.eu\/fr\/wp-json\/wp\/v2\/product_tag?post=25991"}],"curies":[{"name":"wp","href":"https:\/\/api.w.org\/{rel}","templated":true}]}}