{"id":25989,"date":"2025-04-03T09:22:12","date_gmt":"2025-04-03T09:22:12","guid":{"rendered":"https:\/\/esquell.eu\/product\/jeu-de-10-limes-diamantees-pour-les-zones-difficiles-dacces\/"},"modified":"2026-01-31T15:30:09","modified_gmt":"2026-01-31T15:30:09","slug":"jeu-de-10-limes-diamantees-pour-les-zones-difficiles-dacces","status":"publish","type":"product","link":"https:\/\/esquell.eu\/fr\/produit\/jeu-de-10-limes-diamantees-pour-les-zones-difficiles-dacces\/","title":{"rendered":"Jeu de 10 limes diamant\u00e9es pour les zones difficiles d&rsquo;acc\u00e8s."},"content":{"rendered":"<div class=\"product-addition-content\">\n<p>Jeu de 10 limes diamant\u00e9es diff\u00e9rentes de 140 mm de long.<\/p>\n<p>Sp\u00e9cialement pour les zones difficiles d&rsquo;acc\u00e8s et les formes angulaires, organiques et rondes sp\u00e9ciales.<\/p>\n<p>Pour le travail et la finition des m\u00e9taux (pr\u00e9cieux) et des argiles m\u00e9talliques.<\/p>\n<p>Pour r\u00e9aliser des rainures et des trous, pour limer et re-limer.<\/p>\n<p>Haute qualit\u00e9 pour un travail tr\u00e8s fin.<\/p>\n<p>Poign\u00e9es softgrip.<\/p>\n<\/div>\n","protected":false},"excerpt":{"rendered":"<p>Jeu de 10 limes diamant\u00e9es diff\u00e9rentes de 140 mm de long.<\/p>\n<p>Sp\u00e9cialement pour les zones difficiles d&rsquo;acc\u00e8s et les formes angulaires, organiques et rondes sp\u00e9ciales.<\/p>\n<p>Pour le travail et la finition des m\u00e9taux (pr\u00e9cieux) et des argiles m\u00e9talliques.<\/p>\n<p>Pour r\u00e9aliser des rainures et des trous, pour limer et re-limer.<\/p>\n<p>Haute qualit\u00e9 pour un travail tr\u00e8s fin.<\/p>\n<p>Poign\u00e9es softgrip.<\/p>\n","protected":false},"featured_media":7442,"comment_status":"closed","ping_status":"closed","template":"","meta":{"_acf_changed":false,"_seopress_robots_primary_cat":"none","_seopress_titles_title":"","_seopress_titles_desc":"","_seopress_robots_index":""},"more":[],"product_brand":[6398],"product_cat":[6366],"product_tag":[6470,6476,6645,6646,7409,6847,6923,7098,6638,6931,6388,6473,6404,6378,6390,6565,6393,6372,6402,18635,6641,6941,6792,6716,6409,6412,6528,6935,7770,6794,6772,11624,8240,8424,7871,6650,7104,7640,6655,6647,13016,6763,6374,7671,19877,10192,14553,19876,19881,6855,19883,6785,6635,6933,6651,6659,8241,9011,6761,6369,6634,6403,7215,6789,14554,11024,7031,8701,13260,16506,9105,19880,19878,6661,19882,6652,6937,6643,6399,7405,6636,6726,6657,6816,6391,6665,6774,6710,7029,7656,7094,10131,6925,6407,6919,6663,19874,8314,6787,6408,6667,7032],"class_list":{"0":"post-25989","1":"product","2":"type-product","3":"status-publish","4":"has-post-thumbnail","6":"product_brand-l1","7":"product_cat-poncage-limage-et-polissage","8":"product_tag-6470","9":"product_tag-6476","10":"product_tag-a","11":"product_tag-acheter","12":"product_tag-acier","13":"product_tag-acier-inoxydable","14":"product_tag-amsterdam","15":"product_tag-anneau","16":"product_tag-anneaux","17":"product_tag-anvers","18":"product_tag-argile","19":"product_tag-argile-2","20":"product_tag-argile-argentee","21":"product_tag-argile-metallique","22":"product_tag-argile-metallique-2","23":"product_tag-atelier","24":"product_tag-belgique","25":"product_tag-bijoux","26":"product_tag-bon-marche","27":"product_tag-bords-ornementaux","28":"product_tag-boucles-doreilles","29":"product_tag-brabant","30":"product_tag-bracelet","31":"product_tag-breloques","32":"product_tag-bricolage","33":"product_tag-bronze","34":"product_tag-bronze-2","35":"product_tag-bruxelles","36":"product_tag-camps","37":"product_tag-chaine","38":"product_tag-charme","39":"product_tag-coin-arriere","40":"product_tag-construction-de-modeles","41":"product_tag-cooltools","42":"product_tag-creatif","43":"product_tag-cuivre","44":"product_tag-cuivre-2","45":"product_tag-diamant-2","46":"product_tag-drenthe","47":"product_tag-en-ligne","48":"product_tag-equitable","49":"product_tag-facebook","50":"product_tag-faire","51":"product_tag-faire-soi-meme","52":"product_tag-fichier-2","53":"product_tag-fichiers","54":"product_tag-fichiers-2","55":"product_tag-fichiers-3","56":"product_tag-fichiers-de-precision","57":"product_tag-fixer","58":"product_tag-flandres-2","59":"product_tag-flevoland","60":"product_tag-fournitures","61":"product_tag-gentilhomme","62":"product_tag-groningue","63":"product_tag-gueldre","64":"product_tag-hobby","65":"product_tag-iles-wadden","66":"product_tag-instagram","67":"product_tag-largent","68":"product_tag-largent-3","69":"product_tag-lor","70":"product_tag-lor-2","71":"product_tag-limbourg","72":"product_tag-limes-diamantees","73":"product_tag-materiaux","74":"product_tag-metal-2","75":"product_tag-metal-3","76":"product_tag-metallurgie-2","77":"product_tag-metallurgie-4","78":"product_tag-micro","79":"product_tag-micro-fichier","80":"product_tag-microfichiers","81":"product_tag-nord","82":"product_tag-offrir-4","83":"product_tag-orfevres","84":"product_tag-ostende","85":"product_tag-ou","86":"product_tag-outil","87":"product_tag-outil-2","88":"product_tag-outils","89":"product_tag-outils-2","90":"product_tag-overijssel","91":"product_tag-pate-polymere","92":"product_tag-pays-bas","93":"product_tag-pays-bas-2","94":"product_tag-pendentif","95":"product_tag-pendentifs","96":"product_tag-pmc","97":"product_tag-polder-du-nord-est","98":"product_tag-pont","99":"product_tag-precieux","100":"product_tag-rotterdam","101":"product_tag-silverclay-co-uk","102":"product_tag-sterling","103":"product_tag-sud","104":"product_tag-supplementaires-2","105":"product_tag-travail-de-precision","106":"product_tag-utrecht","107":"product_tag-vous","108":"product_tag-zelande","109":"product_tag-zwolle","110":"product_shipping_class-standard","112":"first","113":"instock","114":"taxable","115":"shipping-taxable","116":"purchasable","117":"product-type-simple"},"acf":[],"_links":{"self":[{"href":"https:\/\/esquell.eu\/fr\/wp-json\/wp\/v2\/product\/25989","targetHints":{"allow":["GET"]}}],"collection":[{"href":"https:\/\/esquell.eu\/fr\/wp-json\/wp\/v2\/product"}],"about":[{"href":"https:\/\/esquell.eu\/fr\/wp-json\/wp\/v2\/types\/product"}],"replies":[{"embeddable":true,"href":"https:\/\/esquell.eu\/fr\/wp-json\/wp\/v2\/comments?post=25989"}],"wp:featuredmedia":[{"embeddable":true,"href":"https:\/\/esquell.eu\/fr\/wp-json\/wp\/v2\/media\/7442"}],"wp:attachment":[{"href":"https:\/\/esquell.eu\/fr\/wp-json\/wp\/v2\/media?parent=25989"}],"wp:term":[{"taxonomy":"more","embeddable":true,"href":"https:\/\/esquell.eu\/fr\/wp-json\/wp\/v2\/more?post=25989"},{"taxonomy":"product_brand","embeddable":true,"href":"https:\/\/esquell.eu\/fr\/wp-json\/wp\/v2\/product_brand?post=25989"},{"taxonomy":"product_cat","embeddable":true,"href":"https:\/\/esquell.eu\/fr\/wp-json\/wp\/v2\/product_cat?post=25989"},{"taxonomy":"product_tag","embeddable":true,"href":"https:\/\/esquell.eu\/fr\/wp-json\/wp\/v2\/product_tag?post=25989"}],"curies":[{"name":"wp","href":"https:\/\/api.w.org\/{rel}","templated":true}]}}