{"id":25978,"date":"2025-04-03T09:22:12","date_gmt":"2025-04-03T09:22:12","guid":{"rendered":"https:\/\/esquell.eu\/product\/roue-de-polissage-pour-outil-rotatif-arbre-3mm\/"},"modified":"2025-04-03T09:22:12","modified_gmt":"2025-04-03T09:22:12","slug":"roue-de-polissage-pour-outil-rotatif-arbre-3mm","status":"publish","type":"product","link":"https:\/\/esquell.eu\/fr\/produit\/roue-de-polissage-pour-outil-rotatif-arbre-3mm\/","title":{"rendered":"Roue de polissage pour outil rotatif. Arbre 3mm"},"content":{"rendered":"<p>Disque de polissage pour un outil multiple tel que dremel ou un appareil similaire<\/p>\n<p>La p\u00e2te \u00e0 polir peut \u00eatre appliqu\u00e9e sur le disque.<\/p>\n<p>Voir la deuxi\u00e8me photo pour plus de dimensions.<\/p>\n<p>P\u00e2te \u00e0 polir<\/p>\n<p>Combinez avec des pinces de serrage pour adapter la taille \u00e0 votre outil multiple.<\/p>\n","protected":false},"excerpt":{"rendered":"<p>Roue de polissage pour un outil multiple tel que dremel ou un appareil similaire<\/p>\n<p>Une p\u00e2te \u00e0 polir peut \u00eatre appliqu\u00e9e sur le disque.<\/p>\n<p>&nbsp;<\/p>\n<p>Voir la deuxi\u00e8me photo pour plus de dimensions.<\/p>\n<p>&nbsp;<\/p>\n<p><a href=\"https:\/\/www.esquell.nl\/p\/polijstpasta-voor-metalen-150-gram-acs-zf-311\">P\u00e2te \u00e0 polir<\/a><\/p>\n<p>&nbsp;<\/p>\n<p><a href=\"https:\/\/www.esquell.nl\/p\/set-van-spantangen-boorkopjes-passtukjes-voor-dremel-of-andere-multitool\">Regardez ici pour les pinces de serrage afin d&rsquo;adapter la taille \u00e0 votre outil multifonctionnel.<\/a><\/p>\n","protected":false},"featured_media":7435,"comment_status":"closed","ping_status":"closed","template":"","meta":{"_acf_changed":false,"_seopress_robots_primary_cat":"none","_seopress_titles_title":"","_seopress_titles_desc":"","_seopress_robots_index":""},"more":[],"product_brand":[6398],"product_cat":[6366],"product_tag":[9296,9299,7664,6939,14502,6404,6378,6390,6405,13610,6372,6409,10197,10294,6412,6649,6650,19844,6743,14458,6647,6374,6381,6369,6403,8701,10255,9836,6637,7313,6399,7405,19849,14493,19847,7422,13490,11354,6644,10088,8861,10488],"class_list":{"0":"post-25978","1":"product","2":"type-product","3":"status-publish","4":"has-post-thumbnail","6":"product_brand-l1","7":"product_cat-poncage-limage-et-polissage","8":"product_tag-9296","9":"product_tag-9299","10":"product_tag-7664","11":"product_tag-acheter-2","12":"product_tag-arbre-2","13":"product_tag-argile-argentee","14":"product_tag-argile-metallique","15":"product_tag-argile-metallique-2","16":"product_tag-artclay","17":"product_tag-asseccoires","18":"product_tag-bijoux","19":"product_tag-bricolage","20":"product_tag-brillant-2","21":"product_tag-brillant-3","22":"product_tag-bronze","23":"product_tag-commande","24":"product_tag-cuivre","25":"product_tag-disque-de-polissage","26":"product_tag-distributeur","27":"product_tag-dremel","28":"product_tag-en-ligne","29":"product_tag-faire","30":"product_tag-japon","31":"product_tag-largent","32":"product_tag-lor","33":"product_tag-metal-3","34":"product_tag-mm","35":"product_tag-multitool","36":"product_tag-orfevre","37":"product_tag-orfevre-2","38":"product_tag-outil","39":"product_tag-outil-2","40":"product_tag-outil-dorfevre-pelle","41":"product_tag-outil-de-polissage","42":"product_tag-outils-dorfevre-2","43":"product_tag-outils-de-bijouterie","44":"product_tag-outils-de-bijouterie-4","45":"product_tag-pate-a-polir","46":"product_tag-pieces","47":"product_tag-polir-2","48":"product_tag-polissage","49":"product_tag-rotatif","50":"product_shipping_class-standard","52":"first","53":"instock","54":"taxable","55":"shipping-taxable","56":"purchasable","57":"product-type-simple"},"acf":[],"_links":{"self":[{"href":"https:\/\/esquell.eu\/fr\/wp-json\/wp\/v2\/product\/25978","targetHints":{"allow":["GET"]}}],"collection":[{"href":"https:\/\/esquell.eu\/fr\/wp-json\/wp\/v2\/product"}],"about":[{"href":"https:\/\/esquell.eu\/fr\/wp-json\/wp\/v2\/types\/product"}],"replies":[{"embeddable":true,"href":"https:\/\/esquell.eu\/fr\/wp-json\/wp\/v2\/comments?post=25978"}],"wp:featuredmedia":[{"embeddable":true,"href":"https:\/\/esquell.eu\/fr\/wp-json\/wp\/v2\/media\/7435"}],"wp:attachment":[{"href":"https:\/\/esquell.eu\/fr\/wp-json\/wp\/v2\/media?parent=25978"}],"wp:term":[{"taxonomy":"more","embeddable":true,"href":"https:\/\/esquell.eu\/fr\/wp-json\/wp\/v2\/more?post=25978"},{"taxonomy":"product_brand","embeddable":true,"href":"https:\/\/esquell.eu\/fr\/wp-json\/wp\/v2\/product_brand?post=25978"},{"taxonomy":"product_cat","embeddable":true,"href":"https:\/\/esquell.eu\/fr\/wp-json\/wp\/v2\/product_cat?post=25978"},{"taxonomy":"product_tag","embeddable":true,"href":"https:\/\/esquell.eu\/fr\/wp-json\/wp\/v2\/product_tag?post=25978"}],"curies":[{"name":"wp","href":"https:\/\/api.w.org\/{rel}","templated":true}]}}