{"id":25974,"date":"2025-04-03T09:22:12","date_gmt":"2025-04-03T09:22:12","guid":{"rendered":"https:\/\/esquell.eu\/product\/fraises-diamantees-jeu-de-30-pieces-axe-de-235-mm-pour-le-meulage-le-poncage-le-polissage\/"},"modified":"2026-01-17T04:48:04","modified_gmt":"2026-01-17T04:48:04","slug":"fraises-diamantees-jeu-de-30-pieces-axe-de-235-mm-pour-le-meulage-le-poncage-le-polissage","status":"publish","type":"product","link":"https:\/\/esquell.eu\/fr\/produit\/fraises-diamantees-jeu-de-30-pieces-axe-de-235-mm-pour-le-meulage-le-poncage-le-polissage\/","title":{"rendered":"Fraises diamant\u00e9es. Jeu de 30 pi\u00e8ces. Axe de 2,35 mm pour le meulage, le pon\u00e7age, le polissage."},"content":{"rendered":"<div class=\"product-addition-content\">\n<p>Ce set de 30 pi\u00e8ces de petites fraises diamant\u00e9es sur une tige de 2,35 mm est particuli\u00e8rement adapt\u00e9 aux petits travaux de d\u00e9tail, ce qui en fait des outils id\u00e9aux pour la fabrication de bijoux.<\/p>\n<p>Convient au m\u00e9tal, \u00e0 la c\u00e9ramique, au plastique, \u00e0 l&rsquo;argile et au bois, entre autres.<\/p>\n<p>Fabriqu\u00e9 en acier HSS. Utilisation durable. Les diff\u00e9rentes extr\u00e9mit\u00e9s conviennent \u00e0 toutes sortes de travaux de pon\u00e7age, de limage et de polissage. Les petits coins et les trous peuvent \u00e9galement \u00eatre atteints   <\/p>\n<\/div>\n","protected":false},"excerpt":{"rendered":"<p>Ce set de 30 pi\u00e8ces de petites fraises diamant\u00e9es sur une tige de 2,35 mm est particuli\u00e8rement adapt\u00e9 aux petits travaux de d\u00e9tail, ce qui en fait des outils id\u00e9aux pour la fabrication de bijoux.<\/p>\n<p>Convient au m\u00e9tal, \u00e0 la c\u00e9ramique, au plastique, \u00e0 l&rsquo;argile et au bois, entre autres.<\/p>\n<p>Fabriqu\u00e9 en acier HSS. Utilisation durable. Les diff\u00e9rentes extr\u00e9mit\u00e9s conviennent \u00e0 toutes sortes de travaux de pon\u00e7age, de limage et de polissage. M\u00eame les petits coins et les trous peuvent \u00eatre atteints   <\/p>\n","protected":false},"featured_media":25984,"comment_status":"closed","ping_status":"closed","template":"","meta":{"_acf_changed":false,"_seopress_robots_primary_cat":"none","_seopress_titles_title":"","_seopress_titles_desc":"","_seopress_robots_index":""},"more":[],"product_brand":[6398],"product_cat":[7504,10216,6366],"product_tag":[6470,6476,6645,19838,7760,6646,6939,10187,6847,6386,6397,6638,6388,6404,7028,13610,6393,6372,11488,6402,6641,6389,19830,6409,10132,6412,6935,6579,6649,6706,8240,19845,6650,19840,7640,14458,6655,6647,9797,6374,10192,10198,11839,6855,6785,14609,6653,6933,6651,6659,14613,19836,6745,19833,6369,6403,7030,7768,6559,6789,14554,14490,9105,6821,9836,6661,6567,6637,7313,6652,7353,6937,6643,6399,7405,6636,19842,19827,6657,6391,6536,7933,8678,8861,8743,7094,7486,6471,7774,9894,10488,6407,6722,6919,6787,6720],"class_list":{"0":"post-25974","1":"product","2":"type-product","3":"status-publish","4":"has-post-thumbnail","6":"product_brand-l1","7":"product_cat-argile","8":"product_cat-metal","9":"product_cat-poncage-limage-et-polissage","10":"product_tag-6470","11":"product_tag-6476","12":"product_tag-a","13":"product_tag-abrasifs","14":"product_tag-achats-2","15":"product_tag-acheter","16":"product_tag-acheter-2","17":"product_tag-acier-2","18":"product_tag-acier-inoxydable","19":"product_tag-aida","20":"product_tag-allemagne","21":"product_tag-anneaux","22":"product_tag-argile","23":"product_tag-argile-argentee","24":"product_tag-argile-cuivreuse","25":"product_tag-asseccoires","26":"product_tag-belgique","27":"product_tag-bijoux","28":"product_tag-bois","29":"product_tag-bon-marche","30":"product_tag-boucles-doreilles","31":"product_tag-boutique-en-ligne","32":"product_tag-brabant-meridional","33":"product_tag-bricolage","34":"product_tag-brillant","35":"product_tag-bronze","36":"product_tag-bruxelles","37":"product_tag-certifie","38":"product_tag-commande","39":"product_tag-commerce-de-gros","40":"product_tag-construction-de-modeles","41":"product_tag-coupeurs-de-diamants","42":"product_tag-cuivre","43":"product_tag-detaillee","44":"product_tag-diamant-2","45":"product_tag-dremel","46":"product_tag-drenthe","47":"product_tag-en-ligne","48":"product_tag-epoxy","49":"product_tag-faire","50":"product_tag-fichiers","51":"product_tag-finition","52":"product_tag-finition-2","53":"product_tag-fixer","54":"product_tag-flevoland","55":"product_tag-fraisage","56":"product_tag-frise","57":"product_tag-gentilhomme","58":"product_tag-groningue","59":"product_tag-gueldre","60":"product_tag-hss","61":"product_tag-impression-3d-3","62":"product_tag-instructeur","63":"product_tag-kunststoffen","64":"product_tag-largent","65":"product_tag-lor","66":"product_tag-liege","67":"product_tag-liege-2","68":"product_tag-lignes-dartisanat","69":"product_tag-limbourg","70":"product_tag-limes-diamantees","71":"product_tag-lisse-2","72":"product_tag-micro","73":"product_tag-mini","74":"product_tag-multitool","75":"product_tag-nord","76":"product_tag-offrir","77":"product_tag-orfevre","78":"product_tag-orfevre-2","79":"product_tag-orfevres","80":"product_tag-orfevres-3","81":"product_tag-ostende","82":"product_tag-ou","83":"product_tag-outil","84":"product_tag-outil-2","85":"product_tag-outils","86":"product_tag-outils-a-main-2","87":"product_tag-outils-de-poncage","88":"product_tag-overijssel","89":"product_tag-pays-bas","90":"product_tag-petit","91":"product_tag-petit-2","92":"product_tag-plastique-2","93":"product_tag-polissage","94":"product_tag-poncage","95":"product_tag-pont","96":"product_tag-porcelaine","97":"product_tag-recycle","98":"product_tag-resine","99":"product_tag-resine-2","100":"product_tag-rotatif","101":"product_tag-silverclay-co-uk","102":"product_tag-silveribelgie","103":"product_tag-sterling","104":"product_tag-utrecht","105":"product_tag-zilverkleinederland","106":"product_shipping_class-standard","108":"first","109":"instock","110":"taxable","111":"shipping-taxable","112":"purchasable","113":"product-type-simple"},"acf":[],"_links":{"self":[{"href":"https:\/\/esquell.eu\/fr\/wp-json\/wp\/v2\/product\/25974","targetHints":{"allow":["GET"]}}],"collection":[{"href":"https:\/\/esquell.eu\/fr\/wp-json\/wp\/v2\/product"}],"about":[{"href":"https:\/\/esquell.eu\/fr\/wp-json\/wp\/v2\/types\/product"}],"replies":[{"embeddable":true,"href":"https:\/\/esquell.eu\/fr\/wp-json\/wp\/v2\/comments?post=25974"}],"wp:featuredmedia":[{"embeddable":true,"href":"https:\/\/esquell.eu\/fr\/wp-json\/wp\/v2\/media\/25984"}],"wp:attachment":[{"href":"https:\/\/esquell.eu\/fr\/wp-json\/wp\/v2\/media?parent=25974"}],"wp:term":[{"taxonomy":"more","embeddable":true,"href":"https:\/\/esquell.eu\/fr\/wp-json\/wp\/v2\/more?post=25974"},{"taxonomy":"product_brand","embeddable":true,"href":"https:\/\/esquell.eu\/fr\/wp-json\/wp\/v2\/product_brand?post=25974"},{"taxonomy":"product_cat","embeddable":true,"href":"https:\/\/esquell.eu\/fr\/wp-json\/wp\/v2\/product_cat?post=25974"},{"taxonomy":"product_tag","embeddable":true,"href":"https:\/\/esquell.eu\/fr\/wp-json\/wp\/v2\/product_tag?post=25974"}],"curies":[{"name":"wp","href":"https:\/\/api.w.org\/{rel}","templated":true}]}}