{"id":25969,"date":"2025-04-03T09:22:12","date_gmt":"2025-04-03T09:22:12","guid":{"rendered":"https:\/\/esquell.eu\/product\/art-clay-chiffon-de-polissage-pour-le-cuir-f-0104\/"},"modified":"2025-04-03T09:22:12","modified_gmt":"2025-04-03T09:22:12","slug":"art-clay-chiffon-de-polissage-pour-le-cuir-f-0104","status":"publish","type":"product","link":"https:\/\/esquell.eu\/fr\/produit\/art-clay-chiffon-de-polissage-pour-le-cuir-f-0104\/","title":{"rendered":"Art Clay chiffon de polissage pour le cuir ( F-0104 )"},"content":{"rendered":"<p>Chiffon de polissage en cuir, Chamois,.<\/p>\n<p>Taille 15*15 cm<\/p>\n<p>Tr\u00e8s durable, peut \u00eatre lav\u00e9 et r\u00e9utilis\u00e9.<\/p>\n<p>Pour polir les bijoux en or et en argent, entre autres.<\/p>\n<p>Tr\u00e8s appropri\u00e9 pour donner un \u00e9clat miroir \u00e0 l&rsquo;argent noirci \/ antique \/ sulfur\u00e9.<\/p>\n","protected":false},"excerpt":{"rendered":"<p>Chiffon de polissage en cuir, Chamois,.<\/p>\n<p>Taille 15*15 cm<\/p>\n<p>Tr\u00e8s durable, peut \u00eatre lav\u00e9 et r\u00e9utilis\u00e9.<\/p>\n<p>Pour polir les bijoux en or et en argent, entre autres.<\/p>\n<p>Tr\u00e8s appropri\u00e9 pour donner un \u00e9clat miroir \u00e0 l&rsquo;argent noirci \/ antique \/ sulfur\u00e9.<\/p>\n","protected":false},"featured_media":7441,"comment_status":"closed","ping_status":"closed","template":"","meta":{"_acf_changed":false,"_seopress_robots_primary_cat":"none","_seopress_titles_title":"","_seopress_titles_desc":"","_seopress_robots_index":""},"more":[],"product_brand":[6382],"product_cat":[6366],"product_tag":[9048,6404,6378,6405,6376,10136,7572,6393,6396,6372,6641,10197,6412,14680,19802,11352,19810,14513,9634,6650,7037,9051,6401,7479,19804,6369,9774,6403,14662,19798,19799,6400,6656,19797,10145,11354,6391,19803,9055,7029,10185,10153,13868,8861,19806,13689,11233,19808,19801,19800],"class_list":{"0":"post-25969","1":"product","2":"type-product","3":"status-publish","4":"has-post-thumbnail","6":"product_brand-acs","7":"product_cat-poncage-limage-et-polissage","8":"product_tag-agate","9":"product_tag-argile-argentee","10":"product_tag-argile-metallique","11":"product_tag-artclay","12":"product_tag-artclaysilver","13":"product_tag-attaque","14":"product_tag-avec","15":"product_tag-belgique","16":"product_tag-belgique-2","17":"product_tag-bijoux","18":"product_tag-boucles-doreilles","19":"product_tag-brillant-2","20":"product_tag-bronze","21":"product_tag-bruneren","22":"product_tag-chamois","23":"product_tag-chiffon-de-polissage","24":"product_tag-chiffon-de-polissage-pour-miroirs","25":"product_tag-couche-doxydation","26":"product_tag-cuir-3","27":"product_tag-cuivre","28":"product_tag-durable","29":"product_tag-epingle-en-agate","30":"product_tag-france","31":"product_tag-france-2","32":"product_tag-gemz","33":"product_tag-largent","34":"product_tag-leau","35":"product_tag-lor","36":"product_tag-laiton-3","37":"product_tag-lingettes","38":"product_tag-lingettes-de-polissage","39":"product_tag-luxembourg","40":"product_tag-luxembourg-2","41":"product_tag-noirci-2","42":"product_tag-oxydation","43":"product_tag-pate-a-polir","44":"product_tag-pays-bas","45":"product_tag-peau-de-chamois","46":"product_tag-pierre-dagate","47":"product_tag-pmc","48":"product_tag-polir-3","49":"product_tag-polissage-2","50":"product_tag-polissage-3","51":"product_tag-polissage","52":"product_tag-polissage-du-cuir","53":"product_tag-resultat","54":"product_tag-reutilisable","55":"product_tag-sulfurise","56":"product_tag-tampons-de-polissage","57":"product_tag-tissu","58":"product_shipping_class-standard","60":"first","61":"instock","62":"taxable","63":"shipping-taxable","64":"purchasable","65":"product-type-simple"},"acf":[],"_links":{"self":[{"href":"https:\/\/esquell.eu\/fr\/wp-json\/wp\/v2\/product\/25969","targetHints":{"allow":["GET"]}}],"collection":[{"href":"https:\/\/esquell.eu\/fr\/wp-json\/wp\/v2\/product"}],"about":[{"href":"https:\/\/esquell.eu\/fr\/wp-json\/wp\/v2\/types\/product"}],"replies":[{"embeddable":true,"href":"https:\/\/esquell.eu\/fr\/wp-json\/wp\/v2\/comments?post=25969"}],"wp:featuredmedia":[{"embeddable":true,"href":"https:\/\/esquell.eu\/fr\/wp-json\/wp\/v2\/media\/7441"}],"wp:attachment":[{"href":"https:\/\/esquell.eu\/fr\/wp-json\/wp\/v2\/media?parent=25969"}],"wp:term":[{"taxonomy":"more","embeddable":true,"href":"https:\/\/esquell.eu\/fr\/wp-json\/wp\/v2\/more?post=25969"},{"taxonomy":"product_brand","embeddable":true,"href":"https:\/\/esquell.eu\/fr\/wp-json\/wp\/v2\/product_brand?post=25969"},{"taxonomy":"product_cat","embeddable":true,"href":"https:\/\/esquell.eu\/fr\/wp-json\/wp\/v2\/product_cat?post=25969"},{"taxonomy":"product_tag","embeddable":true,"href":"https:\/\/esquell.eu\/fr\/wp-json\/wp\/v2\/product_tag?post=25969"}],"curies":[{"name":"wp","href":"https:\/\/api.w.org\/{rel}","templated":true}]}}