{"id":25931,"date":"2025-04-03T09:24:09","date_gmt":"2025-04-03T09:24:09","guid":{"rendered":"https:\/\/esquell.eu\/product\/moule-en-silicone-branche-avec-oiseau-et-fleurs\/"},"modified":"2025-04-03T09:24:09","modified_gmt":"2025-04-03T09:24:09","slug":"moule-en-silicone-branche-avec-oiseau-et-fleurs","status":"publish","type":"product","link":"https:\/\/esquell.eu\/fr\/produit\/moule-en-silicone-branche-avec-oiseau-et-fleurs\/","title":{"rendered":"Moule en silicone branche avec oiseau et fleurs"},"content":{"rendered":"<p>Moule en silicone pour brindilles, oiseaux et fleurs<\/p>\n<p>La taille du moule entier est d&rsquo;environ 6,4 * 6,7 cm. Voir la photo 2 pour toutes les tailles. <\/p>\n<p>Convient \u00e0 l&rsquo;arguile d&rsquo;argent, \u00e0 l&rsquo;argile m\u00e9tallique, \u00e0 l&rsquo;argile, \u00e0 la r\u00e9sine UV, \u00e0 la r\u00e9sine, \u00e0 l&rsquo;acrylique, \u00e0 l&rsquo;\u00e9poxy, etc.<\/p>\n","protected":false},"excerpt":{"rendered":"<p>Moule en silicone pour brindilles, oiseaux et fleurs<\/p>\n<p>La taille du moule entier est d&rsquo;environ 6,4 * 6,7 cm. Voir la photo 2 pour toutes les tailles. <\/p>\n<p>Convient \u00e0 l&rsquo;arguile d&rsquo;argent, \u00e0 l&rsquo;argile m\u00e9tallique, \u00e0 l&rsquo;argile, \u00e0 la r\u00e9sine UV, \u00e0 la r\u00e9sine, \u00e0 l&rsquo;acrylique, \u00e0 l&rsquo;\u00e9poxy, etc.<\/p>\n","protected":false},"featured_media":3964,"comment_status":"closed","ping_status":"closed","template":"","meta":{"_acf_changed":false,"_seopress_robots_primary_cat":"none","_seopress_titles_title":"","_seopress_titles_desc":"","_seopress_robots_index":""},"more":[],"product_brand":[],"product_cat":[15643],"product_tag":[6645,6646,7929,6945,7024,6923,7098,6638,6931,7096,6388,6473,6420,6530,7141,6378,6390,15655,6947,15653,6949,8422,6393,6372,6402,8350,6641,6941,6792,7360,8368,7582,6716,7116,6409,6412,6528,6935,7770,6819,6794,7762,9919,6962,8224,7871,7104,7047,6655,8503,7038,8492,9797,7766,6374,6815,6785,6653,9392,6933,6651,6659,6951,8241,7648,6369,6634,7215,6930,7026,6789,11024,8497,7031,7040,15646,9874,10552,15647,6661,6567,6937,6643,6657,15657,6816,6391,6665,6774,7092,15658,7029,7094,8736,6751,7774,9894,9896,15644,6443,6925,14735,15649,6407,6663,6787,9892,11627,6408,6667,15651,7032],"class_list":{"0":"post-25931","1":"product","2":"type-product","3":"status-publish","4":"has-post-thumbnail","6":"product_cat-moules","7":"product_tag-a","8":"product_tag-acheter","9":"product_tag-acrylique","10":"product_tag-alkmaar","11":"product_tag-almere","12":"product_tag-amsterdam","13":"product_tag-anneau","14":"product_tag-anneaux","15":"product_tag-anvers","16":"product_tag-apeldoorn","17":"product_tag-argile","18":"product_tag-argile-2","19":"product_tag-argile-bronze","20":"product_tag-argile-bronzee","21":"product_tag-argile-cuivree","22":"product_tag-argile-metallique","23":"product_tag-argile-metallique-2","24":"product_tag-argiles-3","25":"product_tag-arnhem","26":"product_tag-artclaysilver-co-uk-cooltools-2","27":"product_tag-assen","28":"product_tag-aussie","29":"product_tag-belgique","30":"product_tag-bijoux","31":"product_tag-bon-marche","32":"product_tag-boucle-doreille","33":"product_tag-boucles-doreilles","34":"product_tag-brabant","35":"product_tag-bracelet","36":"product_tag-bracelets","37":"product_tag-brachelet","38":"product_tag-breda","39":"product_tag-breloques","40":"product_tag-breloques-2","41":"product_tag-bricolage","42":"product_tag-bronze","43":"product_tag-bronze-2","44":"product_tag-bruxelles","45":"product_tag-camps","46":"product_tag-cernit","47":"product_tag-chaine","48":"product_tag-coevorden","49":"product_tag-colle","50":"product_tag-collier","51":"product_tag-conseils","52":"product_tag-creatif","53":"product_tag-cuivre-2","54":"product_tag-delft","55":"product_tag-drenthe","56":"product_tag-dronten","57":"product_tag-eindhoven","58":"product_tag-emmen","59":"product_tag-epoxy","60":"product_tag-etreilen","61":"product_tag-faire","62":"product_tag-fimo","63":"product_tag-flevoland","64":"product_tag-frise","65":"product_tag-gamme","66":"product_tag-gentilhomme","67":"product_tag-groningue","68":"product_tag-gueldre","69":"product_tag-heerenveen","70":"product_tag-hobby","71":"product_tag-idees","72":"product_tag-largent","73":"product_tag-largent-3","74":"product_tag-lor-2","75":"product_tag-leeuwarden","76":"product_tag-lelystad","77":"product_tag-limbourg","78":"product_tag-materiaux","79":"product_tag-meppel","80":"product_tag-metal-2","81":"product_tag-middelburg","82":"product_tag-modele-2","83":"product_tag-moule-2","84":"product_tag-moule-3","85":"product_tag-moules-moule","86":"product_tag-nord","87":"product_tag-offrir","88":"product_tag-ostende","89":"product_tag-ou","90":"product_tag-overijssel","91":"product_tag-paon-2","92":"product_tag-pate-polymere","93":"product_tag-pays-bas","94":"product_tag-pays-bas-2","95":"product_tag-pendentif","96":"product_tag-pendentif-2","97":"product_tag-plume-de-paon","98":"product_tag-pmc","99":"product_tag-pont","100":"product_tag-presomptueux","101":"product_tag-reduction","102":"product_tag-resine","103":"product_tag-resine-2","104":"product_tag-resine-acrylique","105":"product_tag-resine-epoxy","106":"product_tag-resine-uv","107":"product_tag-rotterdam","108":"product_tag-silicone","109":"product_tag-silicone-3","110":"product_tag-silverclay-co-uk","111":"product_tag-sud","112":"product_tag-utrecht","113":"product_tag-uv","114":"product_tag-uvresin","115":"product_tag-vous","116":"product_tag-zelande","117":"product_tag-zivlver-malleable-2","118":"product_tag-zwolle","119":"product_shipping_class-standard","121":"first","122":"instock","123":"taxable","124":"shipping-taxable","125":"purchasable","126":"product-type-simple"},"acf":[],"_links":{"self":[{"href":"https:\/\/esquell.eu\/fr\/wp-json\/wp\/v2\/product\/25931","targetHints":{"allow":["GET"]}}],"collection":[{"href":"https:\/\/esquell.eu\/fr\/wp-json\/wp\/v2\/product"}],"about":[{"href":"https:\/\/esquell.eu\/fr\/wp-json\/wp\/v2\/types\/product"}],"replies":[{"embeddable":true,"href":"https:\/\/esquell.eu\/fr\/wp-json\/wp\/v2\/comments?post=25931"}],"wp:featuredmedia":[{"embeddable":true,"href":"https:\/\/esquell.eu\/fr\/wp-json\/wp\/v2\/media\/3964"}],"wp:attachment":[{"href":"https:\/\/esquell.eu\/fr\/wp-json\/wp\/v2\/media?parent=25931"}],"wp:term":[{"taxonomy":"more","embeddable":true,"href":"https:\/\/esquell.eu\/fr\/wp-json\/wp\/v2\/more?post=25931"},{"taxonomy":"product_brand","embeddable":true,"href":"https:\/\/esquell.eu\/fr\/wp-json\/wp\/v2\/product_brand?post=25931"},{"taxonomy":"product_cat","embeddable":true,"href":"https:\/\/esquell.eu\/fr\/wp-json\/wp\/v2\/product_cat?post=25931"},{"taxonomy":"product_tag","embeddable":true,"href":"https:\/\/esquell.eu\/fr\/wp-json\/wp\/v2\/product_tag?post=25931"}],"curies":[{"name":"wp","href":"https:\/\/api.w.org\/{rel}","templated":true}]}}