{"id":25922,"date":"2025-04-03T09:24:09","date_gmt":"2025-04-03T09:24:09","guid":{"rendered":"https:\/\/esquell.eu\/product\/moules-en-silicone-pour-cles-trous-de-serrure-et-serrures\/"},"modified":"2025-11-20T23:51:07","modified_gmt":"2025-11-20T23:51:07","slug":"moules-en-silicone-pour-cles-trous-de-serrure-et-serrures","status":"publish","type":"product","link":"https:\/\/esquell.eu\/fr\/produit\/moules-en-silicone-pour-cles-trous-de-serrure-et-serrures\/","title":{"rendered":"Moules en silicone pour cl\u00e9s, trous de serrure et serrures"},"content":{"rendered":"<div class=\"product-addition-content\">\n<p>Moule en silicone avec cl\u00e9s, trou de serrure et serrure \u00e0 c\u0153ur.<\/p>\n<p>Dimensions du moule entier 5.6*7.4.<\/p>\n<p>Taille du trou de serrure 1,3<\/p>\n<p>Longueur de la cl\u00e9 4,4 et 4,7 cm<\/p>\n<p>Convient \u00e0 l&rsquo;argile argent\u00e9e, \u00e0 l&rsquo;argile m\u00e9tallique, \u00e0 l&rsquo;argile, \u00e0 la r\u00e9sine UV, \u00e0 la r\u00e9sine, \u00e0 l&rsquo;acrylique, \u00e0 l&rsquo;\u00e9poxy, etc.<\/p>\n<p>Avant d&rsquo;utiliser la p\u00e2te d&rsquo;argent, vaporisez d&rsquo;abord un produit antiadh\u00e9sif. Par exemple, de l&rsquo;huile d&rsquo;olive ou <strong>Coolslip<\/strong> <\/p>\n<\/div>\n","protected":false},"excerpt":{"rendered":"<p>Moule en silicone avec cl\u00e9s, trou de serrure et serrure \u00e0 c\u0153ur.<\/p>\n<p>Dimensions du moule entier 5.6*7.4.<\/p>\n<p>Taille du trou de serrure 1,3<\/p>\n<p>Longueur de la cl\u00e9 4,4 et 4,7 cm<\/p>\n<p>Convient \u00e0 l&rsquo;argile argent\u00e9e, \u00e0 l&rsquo;argile m\u00e9tallique, \u00e0 l&rsquo;argile, \u00e0 la r\u00e9sine UV, \u00e0 la r\u00e9sine, \u00e0 l&rsquo;acrylique, \u00e0 l&rsquo;\u00e9poxy, etc.<\/p>\n<p>Avant d&rsquo;utiliser la p\u00e2te d&rsquo;argent, vaporisez d&rsquo;abord un produit antiadh\u00e9sif. Par exemple, de l&rsquo;huile d&rsquo;olive ou <strong>Coolslip<\/strong> <\/p>\n","protected":false},"featured_media":25925,"comment_status":"closed","ping_status":"closed","template":"","meta":{"_acf_changed":false,"_seopress_robots_primary_cat":"none","_seopress_titles_title":"","_seopress_titles_desc":"","_seopress_robots_index":""},"more":[],"product_brand":[],"product_cat":[15643,6809],"product_tag":[7675,7760,6939,6638,12830,6388,6473,6741,6404,19715,6393,6396,6372,6658,7548,6641,8426,6409,19719,19713,15793,15806,6649,6647,6374,6635,6401,7479,6634,6472,6400,6656,15646,16283,9874,15097,6636,6391,6774,6710,16501,19723,14735,19717,19725,19721,6408],"class_list":{"0":"post-25922","1":"product","2":"type-product","3":"status-publish","4":"has-post-thumbnail","6":"product_cat-moules","7":"product_cat-vente","8":"product_tag-achats","9":"product_tag-achats-2","10":"product_tag-acheter-2","11":"product_tag-anneaux","12":"product_tag-anneaux-dargile","13":"product_tag-argile","14":"product_tag-argile-2","15":"product_tag-argile-3","16":"product_tag-argile-argentee","17":"product_tag-beldels","18":"product_tag-belgique","19":"product_tag-belgique-2","20":"product_tag-bijoux","21":"product_tag-bijoux-en-argile","22":"product_tag-bijoux-en-argile-2","23":"product_tag-boucles-doreilles","24":"product_tag-boucles-doreilles-en-argile","25":"product_tag-bricolage","26":"product_tag-cle","27":"product_tag-cles","28":"product_tag-coeur","29":"product_tag-coeur-2","30":"product_tag-commande","31":"product_tag-en-ligne","32":"product_tag-faire","33":"product_tag-fournitures","34":"product_tag-france","35":"product_tag-france-2","36":"product_tag-largent-3","37":"product_tag-lart","38":"product_tag-luxembourg","39":"product_tag-luxembourg-2","40":"product_tag-modele-2","41":"product_tag-modeles-4","42":"product_tag-moule-2","43":"product_tag-moules-2","44":"product_tag-outils","45":"product_tag-pays-bas","46":"product_tag-pendentif","47":"product_tag-pendentifs","48":"product_tag-serrure-3","49":"product_tag-shopping-google","50":"product_tag-silicone","51":"product_tag-symbolique","52":"product_tag-textures-dargile-2","53":"product_tag-trou-de-serrure","54":"product_tag-vous","55":"product_shipping_class-standard","57":"first","58":"outofstock","59":"sale","60":"taxable","61":"shipping-taxable","62":"purchasable","63":"product-type-simple"},"acf":[],"_links":{"self":[{"href":"https:\/\/esquell.eu\/fr\/wp-json\/wp\/v2\/product\/25922","targetHints":{"allow":["GET"]}}],"collection":[{"href":"https:\/\/esquell.eu\/fr\/wp-json\/wp\/v2\/product"}],"about":[{"href":"https:\/\/esquell.eu\/fr\/wp-json\/wp\/v2\/types\/product"}],"replies":[{"embeddable":true,"href":"https:\/\/esquell.eu\/fr\/wp-json\/wp\/v2\/comments?post=25922"}],"wp:featuredmedia":[{"embeddable":true,"href":"https:\/\/esquell.eu\/fr\/wp-json\/wp\/v2\/media\/25925"}],"wp:attachment":[{"href":"https:\/\/esquell.eu\/fr\/wp-json\/wp\/v2\/media?parent=25922"}],"wp:term":[{"taxonomy":"more","embeddable":true,"href":"https:\/\/esquell.eu\/fr\/wp-json\/wp\/v2\/more?post=25922"},{"taxonomy":"product_brand","embeddable":true,"href":"https:\/\/esquell.eu\/fr\/wp-json\/wp\/v2\/product_brand?post=25922"},{"taxonomy":"product_cat","embeddable":true,"href":"https:\/\/esquell.eu\/fr\/wp-json\/wp\/v2\/product_cat?post=25922"},{"taxonomy":"product_tag","embeddable":true,"href":"https:\/\/esquell.eu\/fr\/wp-json\/wp\/v2\/product_tag?post=25922"}],"curies":[{"name":"wp","href":"https:\/\/api.w.org\/{rel}","templated":true}]}}