{"id":25914,"date":"2025-04-03T09:24:09","date_gmt":"2025-04-03T09:24:09","guid":{"rendered":"https:\/\/esquell.eu\/product\/moule-en-silicone-mer-et-plage-1\/"},"modified":"2026-01-10T14:35:01","modified_gmt":"2026-01-10T14:35:01","slug":"moule-en-silicone-mer-et-plage-1","status":"publish","type":"product","link":"https:\/\/esquell.eu\/fr\/produit\/moule-en-silicone-mer-et-plage-1\/","title":{"rendered":"Moule \u00e0 fleurs en silicone"},"content":{"rendered":"<div class=\"product-addition-content\">\n<p>Moule en silicone avec diff\u00e9rentes fleurs.<\/p>\n<p>Dimensions du moule entier : environ 5,3 cm de diam\u00e8tre.<\/p>\n<p>Le diam\u00e8tre de la fleur centrale est d&rsquo;environ 1,5 cm.<\/p>\n<p>Convient \u00e0 la p\u00e2te d&rsquo;argent, \u00e0 la p\u00e2te m\u00e9tallique, \u00e0 l&rsquo;argile, \u00e0 la r\u00e9sine UV, \u00e0 la r\u00e9sine, \u00e0 l&rsquo;acrylique, \u00e0 l&rsquo;\u00e9poxy, etc.<\/p>\n<\/div>\n","protected":false},"excerpt":{"rendered":"<p>Moule en silicone avec diff\u00e9rentes fleurs.<\/p>\n<p>Dimensions du moule entier : environ 5,3 cm de diam\u00e8tre.<\/p>\n<p>Le diam\u00e8tre de la fleur centrale est d&rsquo;environ 1,5 cm.<\/p>\n<p>Convient \u00e0 la p\u00e2te d&rsquo;argent, \u00e0 la p\u00e2te m\u00e9tallique, \u00e0 l&rsquo;argile, \u00e0 la r\u00e9sine UV, \u00e0 la r\u00e9sine, \u00e0 l&rsquo;acrylique, \u00e0 l&rsquo;\u00e9poxy, etc.<\/p>\n","protected":false},"featured_media":29033,"comment_status":"closed","ping_status":"closed","template":"","meta":{"_acf_changed":false,"_seopress_robots_primary_cat":"none","_seopress_titles_title":"","_seopress_titles_desc":"","_seopress_robots_index":""},"more":[],"product_brand":[6398],"product_cat":[15643,11931],"product_tag":[6645,6646,7929,6945,7024,6923,7098,6638,6931,7096,19695,6388,6473,6420,7141,6378,6390,15655,6947,15653,6949,8422,12481,19683,18579,19684,18587,6393,6372,6402,8350,6641,19698,19699,6941,6792,7360,8368,7582,6716,7116,6409,6412,6528,6935,7770,19697,6819,6794,7762,9919,6962,8224,19696,7871,7104,7047,6655,8503,7038,8492,9797,7766,6374,6815,6837,21898,6833,6785,6653,9392,6933,6651,6659,6951,8241,7648,6369,6634,7215,6930,7026,6789,11024,8497,7031,7040,15646,19681,9874,10552,15097,15647,6661,6567,6937,6643,6657,19693,19687,6816,6391,6665,6774,7092,19685,19654,7029,19689,7094,8736,6751,7774,9894,9896,15644,6925,14735,15649,6407,6663,6787,9892,19691,6408,6667,15651,7032],"class_list":{"0":"post-25914","1":"product","2":"type-product","3":"status-publish","4":"has-post-thumbnail","6":"product_brand-l1","7":"product_cat-moules","8":"product_cat-nouveau","9":"product_tag-a","10":"product_tag-acheter","11":"product_tag-acrylique","12":"product_tag-alkmaar","13":"product_tag-almere","14":"product_tag-amsterdam","15":"product_tag-anneau","16":"product_tag-anneaux","17":"product_tag-anvers","18":"product_tag-apeldoorn","19":"product_tag-arete-de-poisson","20":"product_tag-argile","21":"product_tag-argile-2","22":"product_tag-argile-bronze","23":"product_tag-argile-cuivree","24":"product_tag-argile-metallique","25":"product_tag-argile-metallique-2","26":"product_tag-argiles-3","27":"product_tag-arnhem","28":"product_tag-artclaysilver-co-uk-cooltools-2","29":"product_tag-assen","30":"product_tag-aussie","31":"product_tag-bande","32":"product_tag-bascule-2","33":"product_tag-bateau","34":"product_tag-bateau-2","35":"product_tag-bateaux","36":"product_tag-belgique","37":"product_tag-bijoux","38":"product_tag-bon-marche","39":"product_tag-boucle-doreille","40":"product_tag-boucles-doreilles","41":"product_tag-bouee","42":"product_tag-bouees","43":"product_tag-brabant","44":"product_tag-bracelet","45":"product_tag-bracelets","46":"product_tag-brachelet","47":"product_tag-breda","48":"product_tag-breloques","49":"product_tag-breloques-2","50":"product_tag-bricolage","51":"product_tag-bronze","52":"product_tag-bronze-2","53":"product_tag-bruxelles","54":"product_tag-camps","55":"product_tag-ceinture-de-sauvetage","56":"product_tag-cernit","57":"product_tag-chaine","58":"product_tag-coevorden","59":"product_tag-colle","60":"product_tag-collier","61":"product_tag-conseils","62":"product_tag-courrier-en-bouteille","63":"product_tag-creatif","64":"product_tag-cuivre-2","65":"product_tag-delft","66":"product_tag-drenthe","67":"product_tag-dronten","68":"product_tag-eindhoven","69":"product_tag-emmen","70":"product_tag-epoxy","71":"product_tag-etreilen","72":"product_tag-faire","73":"product_tag-fimo","74":"product_tag-fleur","75":"product_tag-fleur-5","76":"product_tag-fleurs","77":"product_tag-flevoland","78":"product_tag-frise","79":"product_tag-gamme","80":"product_tag-gentilhomme","81":"product_tag-groningue","82":"product_tag-gueldre","83":"product_tag-heerenveen","84":"product_tag-hobby","85":"product_tag-idees","86":"product_tag-largent","87":"product_tag-largent-3","88":"product_tag-lor-2","89":"product_tag-leeuwarden","90":"product_tag-lelystad","91":"product_tag-limbourg","92":"product_tag-materiaux","93":"product_tag-meppel","94":"product_tag-metal-2","95":"product_tag-middelburg","96":"product_tag-modele-2","97":"product_tag-mouette","98":"product_tag-moule-2","99":"product_tag-moule-3","100":"product_tag-moules-2","101":"product_tag-moules-moule","102":"product_tag-nord","103":"product_tag-offrir","104":"product_tag-ostende","105":"product_tag-ou","106":"product_tag-overijssel","107":"product_tag-pagaie","108":"product_tag-pantoufles","109":"product_tag-pate-polymere","110":"product_tag-pays-bas","111":"product_tag-pays-bas-2","112":"product_tag-pendentif","113":"product_tag-pendentif-2","114":"product_tag-plage","115":"product_tag-planche-de-surf","116":"product_tag-pmc","117":"product_tag-poisson","118":"product_tag-pont","119":"product_tag-presomptueux","120":"product_tag-reduction","121":"product_tag-resine","122":"product_tag-resine-2","123":"product_tag-resine-acrylique","124":"product_tag-resine-epoxy","125":"product_tag-rotterdam","126":"product_tag-silicone","127":"product_tag-silicone-3","128":"product_tag-silverclay-co-uk","129":"product_tag-sud","130":"product_tag-utrecht","131":"product_tag-uv","132":"product_tag-volant","133":"product_tag-vous","134":"product_tag-zelande","135":"product_tag-zivlver-malleable-2","136":"product_tag-zwolle","137":"product_shipping_class-standard","139":"first","140":"instock","141":"taxable","142":"shipping-taxable","143":"purchasable","144":"product-type-simple"},"acf":[],"_links":{"self":[{"href":"https:\/\/esquell.eu\/fr\/wp-json\/wp\/v2\/product\/25914","targetHints":{"allow":["GET"]}}],"collection":[{"href":"https:\/\/esquell.eu\/fr\/wp-json\/wp\/v2\/product"}],"about":[{"href":"https:\/\/esquell.eu\/fr\/wp-json\/wp\/v2\/types\/product"}],"replies":[{"embeddable":true,"href":"https:\/\/esquell.eu\/fr\/wp-json\/wp\/v2\/comments?post=25914"}],"wp:featuredmedia":[{"embeddable":true,"href":"https:\/\/esquell.eu\/fr\/wp-json\/wp\/v2\/media\/29033"}],"wp:attachment":[{"href":"https:\/\/esquell.eu\/fr\/wp-json\/wp\/v2\/media?parent=25914"}],"wp:term":[{"taxonomy":"more","embeddable":true,"href":"https:\/\/esquell.eu\/fr\/wp-json\/wp\/v2\/more?post=25914"},{"taxonomy":"product_brand","embeddable":true,"href":"https:\/\/esquell.eu\/fr\/wp-json\/wp\/v2\/product_brand?post=25914"},{"taxonomy":"product_cat","embeddable":true,"href":"https:\/\/esquell.eu\/fr\/wp-json\/wp\/v2\/product_cat?post=25914"},{"taxonomy":"product_tag","embeddable":true,"href":"https:\/\/esquell.eu\/fr\/wp-json\/wp\/v2\/product_tag?post=25914"}],"curies":[{"name":"wp","href":"https:\/\/api.w.org\/{rel}","templated":true}]}}