{"id":25877,"date":"2025-04-03T09:24:09","date_gmt":"2025-04-03T09:24:09","guid":{"rendered":"https:\/\/esquell.eu\/product\/moule-en-silicone-3-papillons\/"},"modified":"2025-12-22T11:16:19","modified_gmt":"2025-12-22T11:16:19","slug":"moule-en-silicone-3-papillons","status":"publish","type":"product","link":"https:\/\/esquell.eu\/fr\/produit\/moule-en-silicone-3-papillons\/","title":{"rendered":"Moule en silicone 3 papillons"},"content":{"rendered":"<p>Moule en silicone avec 3 papillons.<\/p>\n<p>Dimensions voir photo 2<\/p>\n<p>Convient par exemple pour l&rsquo;argile, l&rsquo;argile m\u00e9tallique, l&rsquo;argile, la r\u00e9sine UV, la r\u00e9sine, l&rsquo;acrylique, l&rsquo;\u00e9poxy, etc.<\/p>\n<p>* la couleur du moule peut varier.<\/p>\n","protected":false},"excerpt":{"rendered":"<p>Moule en silicone avec 3 papillons.  <\/p>\n<p>Dimensions voir photo 2<\/p>\n<p>Convient \u00e0 l&rsquo;argile argent\u00e9e, \u00e0 l&rsquo;argile m\u00e9tallique, \u00e0 l&rsquo;argile, \u00e0 la r\u00e9sine UV, \u00e0 la r\u00e9sine, \u00e0 l&rsquo;acrylique, \u00e0 l&rsquo;\u00e9poxy, etc.<\/p>\n<p>* La couleur du moule peut varier.  <\/p>\n","protected":false},"featured_media":31465,"comment_status":"closed","ping_status":"closed","template":"","meta":{"_acf_changed":false,"_seopress_robots_primary_cat":"none","_seopress_titles_title":"","_seopress_titles_desc":"","_seopress_robots_index":""},"more":[],"product_brand":[6398],"product_cat":[15643,11931],"product_tag":[6645,6646,7929,6945,7024,6923,7098,6638,6931,7096,6388,6473,6420,6530,7141,6378,6390,15655,6947,15653,6949,8422,6393,6372,6402,8350,6641,6941,6792,7360,8368,7582,6716,7116,6409,6412,6528,6935,7770,6819,6794,7762,9919,6962,8224,16135,7871,7104,7047,6655,8503,7038,8492,9797,7766,6374,6815,6785,6653,9392,6933,6651,6659,6951,8241,7648,6369,6634,7215,6930,7026,6789,11024,8497,7031,7040,15646,9874,10552,15647,6661,6567,6937,6643,6657,15657,6816,6391,6665,6774,7092,15658,7029,7094,8736,6751,7774,9894,9896,15644,6443,6925,14735,15649,6407,6663,6787,9892,11627,6408,6667,15651,7032],"class_list":{"0":"post-25877","1":"product","2":"type-product","3":"status-publish","4":"has-post-thumbnail","6":"product_brand-l1","7":"product_cat-moules","8":"product_cat-nouveau","9":"product_tag-a","10":"product_tag-acheter","11":"product_tag-acrylique","12":"product_tag-alkmaar","13":"product_tag-almere","14":"product_tag-amsterdam","15":"product_tag-anneau","16":"product_tag-anneaux","17":"product_tag-anvers","18":"product_tag-apeldoorn","19":"product_tag-argile","20":"product_tag-argile-2","21":"product_tag-argile-bronze","22":"product_tag-argile-bronzee","23":"product_tag-argile-cuivree","24":"product_tag-argile-metallique","25":"product_tag-argile-metallique-2","26":"product_tag-argiles-3","27":"product_tag-arnhem","28":"product_tag-artclaysilver-co-uk-cooltools-2","29":"product_tag-assen","30":"product_tag-aussie","31":"product_tag-belgique","32":"product_tag-bijoux","33":"product_tag-bon-marche","34":"product_tag-boucle-doreille","35":"product_tag-boucles-doreilles","36":"product_tag-brabant","37":"product_tag-bracelet","38":"product_tag-bracelets","39":"product_tag-brachelet","40":"product_tag-breda","41":"product_tag-breloques","42":"product_tag-breloques-2","43":"product_tag-bricolage","44":"product_tag-bronze","45":"product_tag-bronze-2","46":"product_tag-bruxelles","47":"product_tag-camps","48":"product_tag-cernit","49":"product_tag-chaine","50":"product_tag-coevorden","51":"product_tag-colle","52":"product_tag-collier","53":"product_tag-conseils","54":"product_tag-coquilles-2","55":"product_tag-creatif","56":"product_tag-cuivre-2","57":"product_tag-delft","58":"product_tag-drenthe","59":"product_tag-dronten","60":"product_tag-eindhoven","61":"product_tag-emmen","62":"product_tag-epoxy","63":"product_tag-etreilen","64":"product_tag-faire","65":"product_tag-fimo","66":"product_tag-flevoland","67":"product_tag-frise","68":"product_tag-gamme","69":"product_tag-gentilhomme","70":"product_tag-groningue","71":"product_tag-gueldre","72":"product_tag-heerenveen","73":"product_tag-hobby","74":"product_tag-idees","75":"product_tag-largent","76":"product_tag-largent-3","77":"product_tag-lor-2","78":"product_tag-leeuwarden","79":"product_tag-lelystad","80":"product_tag-limbourg","81":"product_tag-materiaux","82":"product_tag-meppel","83":"product_tag-metal-2","84":"product_tag-middelburg","85":"product_tag-modele-2","86":"product_tag-moule-2","87":"product_tag-moule-3","88":"product_tag-moules-moule","89":"product_tag-nord","90":"product_tag-offrir","91":"product_tag-ostende","92":"product_tag-ou","93":"product_tag-overijssel","94":"product_tag-paon-2","95":"product_tag-pate-polymere","96":"product_tag-pays-bas","97":"product_tag-pays-bas-2","98":"product_tag-pendentif","99":"product_tag-pendentif-2","100":"product_tag-plume-de-paon","101":"product_tag-pmc","102":"product_tag-pont","103":"product_tag-presomptueux","104":"product_tag-reduction","105":"product_tag-resine","106":"product_tag-resine-2","107":"product_tag-resine-acrylique","108":"product_tag-resine-epoxy","109":"product_tag-resine-uv","110":"product_tag-rotterdam","111":"product_tag-silicone","112":"product_tag-silicone-3","113":"product_tag-silverclay-co-uk","114":"product_tag-sud","115":"product_tag-utrecht","116":"product_tag-uv","117":"product_tag-uvresin","118":"product_tag-vous","119":"product_tag-zelande","120":"product_tag-zivlver-malleable-2","121":"product_tag-zwolle","122":"product_shipping_class-standard","124":"first","125":"instock","126":"taxable","127":"shipping-taxable","128":"purchasable","129":"product-type-simple"},"acf":[],"_links":{"self":[{"href":"https:\/\/esquell.eu\/fr\/wp-json\/wp\/v2\/product\/25877","targetHints":{"allow":["GET"]}}],"collection":[{"href":"https:\/\/esquell.eu\/fr\/wp-json\/wp\/v2\/product"}],"about":[{"href":"https:\/\/esquell.eu\/fr\/wp-json\/wp\/v2\/types\/product"}],"replies":[{"embeddable":true,"href":"https:\/\/esquell.eu\/fr\/wp-json\/wp\/v2\/comments?post=25877"}],"wp:featuredmedia":[{"embeddable":true,"href":"https:\/\/esquell.eu\/fr\/wp-json\/wp\/v2\/media\/31465"}],"wp:attachment":[{"href":"https:\/\/esquell.eu\/fr\/wp-json\/wp\/v2\/media?parent=25877"}],"wp:term":[{"taxonomy":"more","embeddable":true,"href":"https:\/\/esquell.eu\/fr\/wp-json\/wp\/v2\/more?post=25877"},{"taxonomy":"product_brand","embeddable":true,"href":"https:\/\/esquell.eu\/fr\/wp-json\/wp\/v2\/product_brand?post=25877"},{"taxonomy":"product_cat","embeddable":true,"href":"https:\/\/esquell.eu\/fr\/wp-json\/wp\/v2\/product_cat?post=25877"},{"taxonomy":"product_tag","embeddable":true,"href":"https:\/\/esquell.eu\/fr\/wp-json\/wp\/v2\/product_tag?post=25877"}],"curies":[{"name":"wp","href":"https:\/\/api.w.org\/{rel}","templated":true}]}}