{"id":25839,"date":"2025-04-03T09:24:09","date_gmt":"2025-04-03T09:24:09","guid":{"rendered":"https:\/\/esquell.eu\/product\/moule-en-silicone-avec-differentes-feuilles-et-brindilles\/"},"modified":"2026-02-14T10:23:04","modified_gmt":"2026-02-14T10:23:04","slug":"moule-en-silicone-avec-differentes-feuilles-et-brindilles","status":"publish","type":"product","link":"https:\/\/esquell.eu\/fr\/produit\/moule-en-silicone-avec-differentes-feuilles-et-brindilles\/","title":{"rendered":"Moule en silicone avec des c\u0153urs de diff\u00e9rentes tailles"},"content":{"rendered":"<div class=\"product-addition-content\">\n<p>Moule en silicone avec des c\u0153urs de diff\u00e9rentes tailles<\/p>\n<p>La taille du moule complet est d&rsquo;environ 8*9cm.<\/p>\n<p>Convient \u00e0 l&rsquo;argile argent\u00e9e et \u00e0 d&rsquo;autres types d&rsquo;argile m\u00e9tallique<\/p>\n<p>Lorsqu&rsquo;il est utilis\u00e9 avec de l&rsquo;argile m\u00e9tallique :<\/p>\n<p>Vaporisez toujours la formule antiadh\u00e9sive coolslip avant de l&rsquo;utiliser. Cela emp\u00eache l&rsquo;argile de coller aux moules. <\/p>\n<\/div>\n","protected":false},"excerpt":{"rendered":"<p>Moule en silicone avec des c\u0153urs de diff\u00e9rentes tailles<\/p>\n<p>La taille du moule complet est d&rsquo;environ 8*9cm.<\/p>\n<p>Convient \u00e0 l&rsquo;argile argent\u00e9e et \u00e0 d&rsquo;autres types d&rsquo;argile m\u00e9tallique<\/p>\n<p>Lorsqu&rsquo;il est utilis\u00e9 avec de l&rsquo;argile m\u00e9tallique :<\/p>\n<p>Vaporisez toujours la formule antiadh\u00e9sive coolslip avant de l&rsquo;utiliser. Cela emp\u00eache l&rsquo;argile de coller aux moules. <\/p>\n<p>&nbsp;<\/p>\n<p>Vaporisez toujours la formule antiadh\u00e9sive coolslip avant de l&rsquo;utiliser. Cela emp\u00eache l&rsquo;argile de coller aux moules. <\/p>\n","protected":false},"featured_media":30089,"comment_status":"closed","ping_status":"closed","template":"","meta":{"_acf_changed":false,"_seopress_robots_primary_cat":"none","_seopress_titles_title":"","_seopress_titles_desc":"","_seopress_robots_index":""},"more":[],"product_brand":[6398],"product_cat":[15643,11931],"product_tag":[8708,6645,8284,6646,7045,9799,6931,7339,6388,6473,6404,6420,6390,10133,6405,7100,6949,6393,6372,6958,8735,6389,6796,6941,19031,18551,6409,17429,6412,6935,7770,18360,6819,18383,6650,6655,18154,7038,6647,7043,13776,6374,6810,8992,6815,6785,6653,6933,7417,6651,6659,18385,18361,6634,6472,8996,6930,18384,6789,7042,7031,16283,9874,15097,14829,7657,6661,18285,6937,6643,6657,15645,12241,6816,6391,6665,7670,7029,7094,10131,14831,14735,6407,6663,18386,6787,6667,7032],"class_list":{"0":"post-25839","1":"product","2":"type-product","3":"status-publish","4":"has-post-thumbnail","6":"product_brand-l1","7":"product_cat-moules","8":"product_cat-nouveau","9":"product_tag-co-uk","10":"product_tag-a","11":"product_tag-achats-3","12":"product_tag-acheter","13":"product_tag-almelo","14":"product_tag-antiadhesif","15":"product_tag-anvers","16":"product_tag-argent-malleable","17":"product_tag-argile","18":"product_tag-argile-2","19":"product_tag-argile-argentee","20":"product_tag-argile-bronze","21":"product_tag-argile-metallique-2","22":"product_tag-argile-metallique-precieuse","23":"product_tag-artclay","24":"product_tag-artclaysilvershop","25":"product_tag-assen","26":"product_tag-belgique","27":"product_tag-bijoux","28":"product_tag-boutique","29":"product_tag-boutique-2","30":"product_tag-boutique-en-ligne","31":"product_tag-boutique-en-ligne-2","32":"product_tag-brabant","33":"product_tag-branche","34":"product_tag-branches","35":"product_tag-bricolage","36":"product_tag-brins-2","37":"product_tag-bronze","38":"product_tag-bruxelles","39":"product_tag-camps","40":"product_tag-cerf","41":"product_tag-cernit","42":"product_tag-con-2","43":"product_tag-cuivre","44":"product_tag-drenthe","45":"product_tag-ecureuil","46":"product_tag-eindhoven","47":"product_tag-en-ligne","48":"product_tag-enschede","49":"product_tag-exemples","50":"product_tag-faire","51":"product_tag-feuille","52":"product_tag-feuilles-2","53":"product_tag-fimo","54":"product_tag-flevoland","55":"product_tag-frise","56":"product_tag-gentilhomme","57":"product_tag-glissiere-de-securite","58":"product_tag-groningue","59":"product_tag-gueldre","60":"product_tag-herisson","61":"product_tag-hibou","62":"product_tag-largent-3","63":"product_tag-lart","64":"product_tag-linspiration","65":"product_tag-leeuwarden","66":"product_tag-lievre","67":"product_tag-limbourg","68":"product_tag-maastricht","69":"product_tag-metal-2","70":"product_tag-modeles-4","71":"product_tag-moule-2","72":"product_tag-moules-2","73":"product_tag-nevisas","74":"product_tag-nop","75":"product_tag-nord","76":"product_tag-oiseau","77":"product_tag-ostende","78":"product_tag-ou","79":"product_tag-overijssel","80":"product_tag-papillon","81":"product_tag-papillons-2","82":"product_tag-pate-polymere","83":"product_tag-pays-bas","84":"product_tag-pays-bas-2","85":"product_tag-pinterest","86":"product_tag-pmc","87":"product_tag-pont","88":"product_tag-precieux","89":"product_tag-reve","90":"product_tag-silicone","91":"product_tag-silverclay-co-uk","92":"product_tag-sud","93":"product_tag-tor","94":"product_tag-utrecht","95":"product_tag-zelande","96":"product_tag-zwolle","97":"product_shipping_class-standard","99":"first","100":"instock","101":"taxable","102":"shipping-taxable","103":"purchasable","104":"product-type-simple"},"acf":[],"_links":{"self":[{"href":"https:\/\/esquell.eu\/fr\/wp-json\/wp\/v2\/product\/25839","targetHints":{"allow":["GET"]}}],"collection":[{"href":"https:\/\/esquell.eu\/fr\/wp-json\/wp\/v2\/product"}],"about":[{"href":"https:\/\/esquell.eu\/fr\/wp-json\/wp\/v2\/types\/product"}],"replies":[{"embeddable":true,"href":"https:\/\/esquell.eu\/fr\/wp-json\/wp\/v2\/comments?post=25839"}],"wp:featuredmedia":[{"embeddable":true,"href":"https:\/\/esquell.eu\/fr\/wp-json\/wp\/v2\/media\/30089"}],"wp:attachment":[{"href":"https:\/\/esquell.eu\/fr\/wp-json\/wp\/v2\/media?parent=25839"}],"wp:term":[{"taxonomy":"more","embeddable":true,"href":"https:\/\/esquell.eu\/fr\/wp-json\/wp\/v2\/more?post=25839"},{"taxonomy":"product_brand","embeddable":true,"href":"https:\/\/esquell.eu\/fr\/wp-json\/wp\/v2\/product_brand?post=25839"},{"taxonomy":"product_cat","embeddable":true,"href":"https:\/\/esquell.eu\/fr\/wp-json\/wp\/v2\/product_cat?post=25839"},{"taxonomy":"product_tag","embeddable":true,"href":"https:\/\/esquell.eu\/fr\/wp-json\/wp\/v2\/product_tag?post=25839"}],"curies":[{"name":"wp","href":"https:\/\/api.w.org\/{rel}","templated":true}]}}