{"id":25837,"date":"2025-04-03T09:24:09","date_gmt":"2025-04-03T09:24:09","guid":{"rendered":"https:\/\/esquell.eu\/product\/moule-en-silicone-marguerite-marguerite-fleurs-grandes-et-petites\/"},"modified":"2025-04-03T09:24:09","modified_gmt":"2025-04-03T09:24:09","slug":"moule-en-silicone-marguerite-marguerite-fleurs-grandes-et-petites","status":"publish","type":"product","link":"https:\/\/esquell.eu\/fr\/produit\/moule-en-silicone-marguerite-marguerite-fleurs-grandes-et-petites\/","title":{"rendered":"Moule en silicone marguerite, marguerite. fleurs grandes et petites"},"content":{"rendered":"<p>Moule en silicone avec marguerites, Daisy. fleurs. <\/p>\n<p>Dimensions du moule entier : environ 8,3*8,3 cm<\/p>\n<p>Lorsqu&rsquo;il est utilis\u00e9 avec de l&rsquo;argile m\u00e9tallique :<\/p>\n<p>Vaporisez toujours la formule antiadh\u00e9sive coolslip avant de l&rsquo;utiliser. Cela emp\u00eache l&rsquo;argile de coller aux moules.  (Si le moule est plac\u00e9 sur une plaque de s\u00e9chage, il n&rsquo;est pas n\u00e9cessaire d&rsquo;utiliser un antiadh\u00e9sif. Une fois sec, le moule se d\u00e9collera de lui-m\u00eame).<\/p>\n<p>Convient \u00e9galement \u00e0 la fabrication de vos propres cabochons ronds en r\u00e9sine, fimo, r\u00e9sine, \u00e9poxy, argile, etc., ainsi qu&rsquo;\u00e0 la cuisine et \u00e0 la cuisson.<\/p>\n","protected":false},"excerpt":{"rendered":"<p>Moule en silicone avec marguerites, Daisy. fleurs. <\/p>\n<p>Dimensions du moule entier : environ 8,3*8,3 cm<\/p>\n<p>Lorsqu&rsquo;il est utilis\u00e9 avec de l&rsquo;argile m\u00e9tallique :<\/p>\n<p>Vaporisez toujours la formule antiadh\u00e9sive coolslip avant de l&rsquo;utiliser. Cela emp\u00eache l&rsquo;argile de coller aux moules.  (Si le moule est plac\u00e9 sur une plaque de s\u00e9chage, il n&rsquo;est pas n\u00e9cessaire d&rsquo;utiliser un antiadh\u00e9sif. Une fois sec, le moule se d\u00e9collera de lui-m\u00eame).<\/p>\n<p>&nbsp;<\/p>\n<p>Convient \u00e9galement \u00e0 la fabrication de vos propres cabochons ronds en r\u00e9sine, fimo, r\u00e9sine, \u00e9poxy, argile, etc., ainsi qu&rsquo;\u00e0 la cuisine et \u00e0 la cuisson.<\/p>\n","protected":false},"featured_media":31517,"comment_status":"closed","ping_status":"closed","template":"","meta":{"_acf_changed":false,"_seopress_robots_primary_cat":"none","_seopress_titles_title":"","_seopress_titles_desc":"","_seopress_robots_index":""},"more":[],"product_brand":[6398],"product_cat":[15643,11931],"product_tag":[8708,6645,8284,6646,7045,18359,9799,6931,7339,6388,6473,6404,6420,6390,10133,6405,7100,6949,6393,6372,6958,8735,6389,6796,6941,6409,6412,6935,7430,7770,18360,6819,6650,6655,18154,7038,6647,7043,13776,6374,6810,18209,8992,6815,6785,6653,6933,18205,7417,6651,6659,18361,6634,6472,8996,6930,6789,7042,19625,7031,16283,11527,9874,15097,14829,7657,6661,6937,6643,6657,15645,12241,6816,6391,6665,7670,7029,7094,10131,14831,14735,6407,17364,6663,6787,6667,7032],"class_list":{"0":"post-25837","1":"product","2":"type-product","3":"status-publish","4":"has-post-thumbnail","6":"product_brand-l1","7":"product_cat-moules","8":"product_cat-nouveau","9":"product_tag-co-uk","10":"product_tag-a","11":"product_tag-achats-3","12":"product_tag-acheter","13":"product_tag-almelo","14":"product_tag-ampoules","15":"product_tag-antiadhesif","16":"product_tag-anvers","17":"product_tag-argent-malleable","18":"product_tag-argile","19":"product_tag-argile-2","20":"product_tag-argile-argentee","21":"product_tag-argile-bronze","22":"product_tag-argile-metallique-2","23":"product_tag-argile-metallique-precieuse","24":"product_tag-artclay","25":"product_tag-artclaysilvershop","26":"product_tag-assen","27":"product_tag-belgique","28":"product_tag-bijoux","29":"product_tag-boutique","30":"product_tag-boutique-2","31":"product_tag-boutique-en-ligne","32":"product_tag-boutique-en-ligne-2","33":"product_tag-brabant","34":"product_tag-bricolage","35":"product_tag-bronze","36":"product_tag-bruxelles","37":"product_tag-cabochon","38":"product_tag-camps","39":"product_tag-cerf","40":"product_tag-cernit","41":"product_tag-cuivre","42":"product_tag-drenthe","43":"product_tag-ecureuil","44":"product_tag-eindhoven","45":"product_tag-en-ligne","46":"product_tag-enschede","47":"product_tag-exemples","48":"product_tag-faire","49":"product_tag-feuille","50":"product_tag-feuille-de-ginkgo","51":"product_tag-feuilles-2","52":"product_tag-fimo","53":"product_tag-flevoland","54":"product_tag-frise","55":"product_tag-gentilhomme","56":"product_tag-ginkgo","57":"product_tag-glissiere-de-securite","58":"product_tag-groningue","59":"product_tag-gueldre","60":"product_tag-hibou","61":"product_tag-largent-3","62":"product_tag-lart","63":"product_tag-linspiration","64":"product_tag-leeuwarden","65":"product_tag-limbourg","66":"product_tag-maastricht","67":"product_tag-marguerite-2","68":"product_tag-metal-2","69":"product_tag-modeles-4","70":"product_tag-moitie-2","71":"product_tag-moule-2","72":"product_tag-moules-2","73":"product_tag-nevisas","74":"product_tag-nop","75":"product_tag-nord","76":"product_tag-ostende","77":"product_tag-ou","78":"product_tag-overijssel","79":"product_tag-papillon","80":"product_tag-papillons-2","81":"product_tag-pate-polymere","82":"product_tag-pays-bas","83":"product_tag-pays-bas-2","84":"product_tag-pinterest","85":"product_tag-pmc","86":"product_tag-pont","87":"product_tag-precieux","88":"product_tag-reve","89":"product_tag-silicone","90":"product_tag-silverclay-co-uk","91":"product_tag-sphere","92":"product_tag-sud","93":"product_tag-utrecht","94":"product_tag-zelande","95":"product_tag-zwolle","96":"product_shipping_class-standard","98":"first","99":"instock","100":"taxable","101":"shipping-taxable","102":"purchasable","103":"product-type-simple"},"acf":[],"_links":{"self":[{"href":"https:\/\/esquell.eu\/fr\/wp-json\/wp\/v2\/product\/25837","targetHints":{"allow":["GET"]}}],"collection":[{"href":"https:\/\/esquell.eu\/fr\/wp-json\/wp\/v2\/product"}],"about":[{"href":"https:\/\/esquell.eu\/fr\/wp-json\/wp\/v2\/types\/product"}],"replies":[{"embeddable":true,"href":"https:\/\/esquell.eu\/fr\/wp-json\/wp\/v2\/comments?post=25837"}],"wp:featuredmedia":[{"embeddable":true,"href":"https:\/\/esquell.eu\/fr\/wp-json\/wp\/v2\/media\/31517"}],"wp:attachment":[{"href":"https:\/\/esquell.eu\/fr\/wp-json\/wp\/v2\/media?parent=25837"}],"wp:term":[{"taxonomy":"more","embeddable":true,"href":"https:\/\/esquell.eu\/fr\/wp-json\/wp\/v2\/more?post=25837"},{"taxonomy":"product_brand","embeddable":true,"href":"https:\/\/esquell.eu\/fr\/wp-json\/wp\/v2\/product_brand?post=25837"},{"taxonomy":"product_cat","embeddable":true,"href":"https:\/\/esquell.eu\/fr\/wp-json\/wp\/v2\/product_cat?post=25837"},{"taxonomy":"product_tag","embeddable":true,"href":"https:\/\/esquell.eu\/fr\/wp-json\/wp\/v2\/product_tag?post=25837"}],"curies":[{"name":"wp","href":"https:\/\/api.w.org\/{rel}","templated":true}]}}