{"id":25834,"date":"2025-04-03T09:23:58","date_gmt":"2025-04-03T09:23:58","guid":{"rendered":"https:\/\/esquell.eu\/product\/lettres-moulees-en-silicone-avec-oeil-suspendu-f-1807\/"},"modified":"2025-04-03T09:23:58","modified_gmt":"2025-04-03T09:23:58","slug":"lettres-moulees-en-silicone-avec-oeil-suspendu-f-1807","status":"publish","type":"product","link":"https:\/\/esquell.eu\/fr\/produit\/lettres-moulees-en-silicone-avec-oeil-suspendu-f-1807\/","title":{"rendered":"Lettres moul\u00e9es en silicone avec \u0153il suspendu (F-1807)"},"content":{"rendered":"<p>Moule en silicone souple avec des lettres. Les lettres ont un \u0153il pendentif. <\/p>\n<p>Convient \u00e0 tous les types d&rsquo;argile m\u00e9tallique, de fimo, de r\u00e9sine UV, d&rsquo;\u00e9poxy, etc.<\/p>\n<p>Poussez l&rsquo;argile dans le moule et pressez-la bien (par exemple avec votre couteau \u00e0 argile \/ loomer) afin d&rsquo;\u00e9viter la formation de bulles d&rsquo;air.<\/p>\n<p>Taille de police entre 7 et 9 mm<\/p>\n","protected":false},"excerpt":{"rendered":"<p>Moule en silicone souple avec des lettres. Les lettres ont un \u0153il pendentif. <\/p>\n<p>Convient \u00e0 tous les types d&rsquo;argile m\u00e9tallique, de fimo, de r\u00e9sine UV, d&rsquo;\u00e9poxy, etc.<\/p>\n<p>Poussez l&rsquo;argile dans le moule et pressez-la bien (par exemple avec votre couteau \u00e0 argile \/ loomer) afin d&rsquo;\u00e9viter la formation de bulles d&rsquo;air.<\/p>\n<p>Taille de police entre 7 et 9 mm<\/p>\n","protected":false},"featured_media":3991,"comment_status":"closed","ping_status":"closed","template":"","meta":{"_acf_changed":false,"_seopress_robots_primary_cat":"none","_seopress_titles_title":"","_seopress_titles_desc":"","_seopress_robots_index":""},"more":[],"product_brand":[6382],"product_cat":[15643],"product_tag":[6645,19624,19623,6646,7929,16174,6388,6741,6404,7572,6658,6819,14987,9797,6815,8834,15052,16283,9874,18407,15097,18409,12329,6643,8688,6816,12552,7774,9894,6443,14735,9892,11627,15539],"class_list":{"0":"post-25834","1":"product","2":"type-product","3":"status-publish","4":"has-post-thumbnail","6":"product_brand-acs","7":"product_cat-moules","8":"product_tag-a","9":"product_tag-abc","10":"product_tag-abcdefghijklmnopqrstuvwxyz","11":"product_tag-acheter","12":"product_tag-acrylique","13":"product_tag-alphabet","14":"product_tag-argile","15":"product_tag-argile-3","16":"product_tag-argile-argentee","17":"product_tag-avec","18":"product_tag-bijoux-en-argile","19":"product_tag-cernit","20":"product_tag-doux-3","21":"product_tag-epoxy","22":"product_tag-fimo","23":"product_tag-flexible-2","24":"product_tag-lettres","25":"product_tag-modeles-4","26":"product_tag-moule-2","27":"product_tag-moule-en-silicone","28":"product_tag-moules-2","29":"product_tag-moules-en-silicone-2","30":"product_tag-oeil-2","31":"product_tag-ou","32":"product_tag-pate-fimo","33":"product_tag-pate-polymere","34":"product_tag-pendentif-oeil-2","35":"product_tag-resine","36":"product_tag-resine-2","37":"product_tag-resine-uv","38":"product_tag-silicone","39":"product_tag-uv","40":"product_tag-uvresin","41":"product_tag-y-compris","42":"product_shipping_class-standard","44":"first","45":"instock","46":"taxable","47":"shipping-taxable","48":"purchasable","49":"product-type-simple"},"acf":[],"_links":{"self":[{"href":"https:\/\/esquell.eu\/fr\/wp-json\/wp\/v2\/product\/25834","targetHints":{"allow":["GET"]}}],"collection":[{"href":"https:\/\/esquell.eu\/fr\/wp-json\/wp\/v2\/product"}],"about":[{"href":"https:\/\/esquell.eu\/fr\/wp-json\/wp\/v2\/types\/product"}],"replies":[{"embeddable":true,"href":"https:\/\/esquell.eu\/fr\/wp-json\/wp\/v2\/comments?post=25834"}],"wp:featuredmedia":[{"embeddable":true,"href":"https:\/\/esquell.eu\/fr\/wp-json\/wp\/v2\/media\/3991"}],"wp:attachment":[{"href":"https:\/\/esquell.eu\/fr\/wp-json\/wp\/v2\/media?parent=25834"}],"wp:term":[{"taxonomy":"more","embeddable":true,"href":"https:\/\/esquell.eu\/fr\/wp-json\/wp\/v2\/more?post=25834"},{"taxonomy":"product_brand","embeddable":true,"href":"https:\/\/esquell.eu\/fr\/wp-json\/wp\/v2\/product_brand?post=25834"},{"taxonomy":"product_cat","embeddable":true,"href":"https:\/\/esquell.eu\/fr\/wp-json\/wp\/v2\/product_cat?post=25834"},{"taxonomy":"product_tag","embeddable":true,"href":"https:\/\/esquell.eu\/fr\/wp-json\/wp\/v2\/product_tag?post=25834"}],"curies":[{"name":"wp","href":"https:\/\/api.w.org\/{rel}","templated":true}]}}