{"id":25819,"date":"2025-04-03T09:24:09","date_gmt":"2025-04-03T09:24:09","guid":{"rendered":"https:\/\/esquell.eu\/product\/moule-en-silicone-3-petites-libellules-mouche-du-dragon\/"},"modified":"2025-04-03T09:24:09","modified_gmt":"2025-04-03T09:24:09","slug":"moule-en-silicone-3-petites-libellules-mouche-du-dragon","status":"publish","type":"product","link":"https:\/\/esquell.eu\/fr\/produit\/moule-en-silicone-3-petites-libellules-mouche-du-dragon\/","title":{"rendered":"Moule en silicone 3 petites libellules &#8211; mouche du dragon"},"content":{"rendered":"<p>Moule en silicone avec 3 petites libellules, mouche du dragon.<\/p>\n<p>Taille du moule entier : environ 7*3,5 cm<\/p>\n<p>Convient \u00e0 l&rsquo;arguile d&rsquo;argent, \u00e0 l&rsquo;argile m\u00e9tallique, \u00e0 l&rsquo;argile, \u00e0 la r\u00e9sine UV, \u00e0 la r\u00e9sine, \u00e0 l&rsquo;acrylique, \u00e0 l&rsquo;\u00e9poxy, etc.<\/p>\n<p>Avant d&rsquo;utiliser la p\u00e2te d&rsquo;argent, vaporisez d&rsquo;abord un produit antiadh\u00e9sif. Par exemple, de l&rsquo;huile d&rsquo;olive ou <strong>Coolslip<\/strong> <\/p>\n","protected":false},"excerpt":{"rendered":"<p>Moule en silicone avec 3 petites libellules, mouche du dragon.<\/p>\n<p>Taille du moule entier : environ 7*3,5 cm<\/p>\n<p>Convient \u00e0 l&rsquo;arguile d&rsquo;argent, \u00e0 l&rsquo;argile m\u00e9tallique, \u00e0 l&rsquo;argile, \u00e0 la r\u00e9sine UV, \u00e0 la r\u00e9sine, \u00e0 l&rsquo;acrylique, \u00e0 l&rsquo;\u00e9poxy, etc.<\/p>\n<p>Avant d&rsquo;utiliser la p\u00e2te d&rsquo;argent, vaporisez d&rsquo;abord un produit antiadh\u00e9sif. Par exemple, de l&rsquo;huile d&rsquo;olive ou <strong>Coolslip<\/strong> <\/p>\n","protected":false},"featured_media":8406,"comment_status":"closed","ping_status":"closed","template":"","meta":{"_acf_changed":false,"_seopress_robots_primary_cat":"none","_seopress_titles_title":"","_seopress_titles_desc":"","_seopress_robots_index":""},"more":[],"product_brand":[6521],"product_cat":[15643],"product_tag":[7098,6638,9799,18992,6393,6372,19001,19615,6641,8026,6716,6409,8358,6772,18995,18445,18997,6374,12394,6401,7479,7417,10287,18444,18577,19616,6400,6656,6640,9874,15097,6391,6710,14735,18999,6408],"class_list":{"0":"post-25819","1":"product","2":"type-product","3":"status-publish","4":"has-post-thumbnail","6":"product_brand-promethee","7":"product_cat-moules","8":"product_tag-anneau","9":"product_tag-anneaux","10":"product_tag-antiadhesif","11":"product_tag-begium","12":"product_tag-belgique","13":"product_tag-bijoux","14":"product_tag-bijoux-cosplay","15":"product_tag-bijoux-cosplay-2","16":"product_tag-boucles-doreilles","17":"product_tag-boutons","18":"product_tag-breloques","19":"product_tag-bricolage","20":"product_tag-broche-2","21":"product_tag-charme","22":"product_tag-coolsslip","23":"product_tag-cosplay","24":"product_tag-estragon","25":"product_tag-faire","26":"product_tag-fantaisie","27":"product_tag-france","28":"product_tag-france-2","29":"product_tag-glissiere-de-securite","30":"product_tag-hager","31":"product_tag-libellule","32":"product_tag-libellule-2","33":"product_tag-libellule-3","34":"product_tag-luxembourg","35":"product_tag-luxembourg-2","36":"product_tag-maison","37":"product_tag-moule-2","38":"product_tag-moules-2","39":"product_tag-pays-bas","40":"product_tag-pendentifs","41":"product_tag-silicone","42":"product_tag-voler-4","43":"product_tag-vous","44":"product_shipping_class-standard","46":"first","47":"instock","48":"taxable","49":"shipping-taxable","50":"purchasable","51":"product-type-simple"},"acf":[],"_links":{"self":[{"href":"https:\/\/esquell.eu\/fr\/wp-json\/wp\/v2\/product\/25819","targetHints":{"allow":["GET"]}}],"collection":[{"href":"https:\/\/esquell.eu\/fr\/wp-json\/wp\/v2\/product"}],"about":[{"href":"https:\/\/esquell.eu\/fr\/wp-json\/wp\/v2\/types\/product"}],"replies":[{"embeddable":true,"href":"https:\/\/esquell.eu\/fr\/wp-json\/wp\/v2\/comments?post=25819"}],"wp:featuredmedia":[{"embeddable":true,"href":"https:\/\/esquell.eu\/fr\/wp-json\/wp\/v2\/media\/8406"}],"wp:attachment":[{"href":"https:\/\/esquell.eu\/fr\/wp-json\/wp\/v2\/media?parent=25819"}],"wp:term":[{"taxonomy":"more","embeddable":true,"href":"https:\/\/esquell.eu\/fr\/wp-json\/wp\/v2\/more?post=25819"},{"taxonomy":"product_brand","embeddable":true,"href":"https:\/\/esquell.eu\/fr\/wp-json\/wp\/v2\/product_brand?post=25819"},{"taxonomy":"product_cat","embeddable":true,"href":"https:\/\/esquell.eu\/fr\/wp-json\/wp\/v2\/product_cat?post=25819"},{"taxonomy":"product_tag","embeddable":true,"href":"https:\/\/esquell.eu\/fr\/wp-json\/wp\/v2\/product_tag?post=25819"}],"curies":[{"name":"wp","href":"https:\/\/api.w.org\/{rel}","templated":true}]}}