{"id":25791,"date":"2025-04-03T09:23:58","date_gmt":"2025-04-03T09:23:58","guid":{"rendered":"https:\/\/esquell.eu\/product\/moule-en-silicone-etoiles\/"},"modified":"2025-11-20T23:48:59","modified_gmt":"2025-11-20T23:48:59","slug":"moule-en-silicone-etoiles","status":"publish","type":"product","link":"https:\/\/esquell.eu\/fr\/produit\/moule-en-silicone-etoiles\/","title":{"rendered":"Moule en silicone \u00c9toiles"},"content":{"rendered":"<p>Moule en silicone<br \/>\n\u00c9toiles<\/p>\n<p>Tailles du moule voir les images<\/p>\n<p>Avec ce moule unique, vous pouvez facilement fabriquer et d\u00e9corer les plus beaux bijoux. Le moule est fabriqu\u00e9 en silicone de haute qualit\u00e9 et contient des \u00e9toiles de diff\u00e9rentes tailles. <\/p>\n<p>Le mat\u00e9riau en silicone est flexible et durable, ce qui permet d&rsquo;utiliser le moule \u00e0 plusieurs reprises. En outre, le mat\u00e9riau est facile \u00e0 nettoyer et \u00e0 entretenir. Vous disposez donc toujours d&rsquo;un moule propre, pr\u00eat pour la prochaine cr\u00e9ation.  <\/p>\n<p>A utiliser avec l&rsquo;argile argent\u00e9e \/ l&rsquo;argile m\u00e9tallique <strong><u>Coolslip <\/u><\/strong>est recommand\u00e9 comme agent antiadh\u00e9sif<\/p>\n","protected":false},"excerpt":{"rendered":"<p>Moule en silicone<br \/>\n\u00c9toiles<\/p>\n<p>&nbsp;<\/p>\n<p>Tailles du moule voir les images<\/p>\n<p>&nbsp;<\/p>\n<p>Avec ce moule unique, vous pouvez facilement fabriquer et d\u00e9corer les plus beaux bijoux. Le moule est fabriqu\u00e9 en silicone de haute qualit\u00e9 et contient des \u00e9toiles de diff\u00e9rentes tailles. <\/p>\n<p>Le mat\u00e9riau en silicone est flexible et durable, ce qui permet d&rsquo;utiliser le moule \u00e0 plusieurs reprises. En outre, le mat\u00e9riau est facile \u00e0 nettoyer et \u00e0 entretenir. Vous disposez donc toujours d&rsquo;un moule propre, pr\u00eat pour la prochaine cr\u00e9ation.  <\/p>\n<p>&nbsp;<\/p>\n<p>A utiliser avec l&rsquo;argile argent\u00e9e \/ l&rsquo;argile emtaal <strong><u>Coolslip <\/u><\/strong>est recommand\u00e9 comme agent antiadh\u00e9sif<\/p>\n<p>&nbsp;<\/p>\n<p>&nbsp;<\/p>\n","protected":false},"featured_media":25794,"comment_status":"closed","ping_status":"closed","template":"","meta":{"_acf_changed":false,"_seopress_robots_primary_cat":"none","_seopress_titles_title":"","_seopress_titles_desc":"","_seopress_robots_index":""},"more":[],"product_brand":[6398],"product_cat":[15643],"product_tag":[18534,7929,7761,6397,6388,6404,6378,6390,6393,6396,6372,19598,6716,6409,6706,6395,6724,9797,18651,19537,6374,6798,18535,6635,6401,7479,6712,6801,6400,6640,16283,9874,15097,14028,9223,6816,6391,19600,6710,6751,7774,18536,14735,6803,6408],"class_list":{"0":"post-25791","1":"product","2":"type-product","3":"status-publish","4":"has-post-thumbnail","6":"product_brand-l1","7":"product_cat-moules","8":"product_tag-1cm","9":"product_tag-acrylique","10":"product_tag-allemagne-2","11":"product_tag-allemagne","12":"product_tag-argile","13":"product_tag-argile-argentee","14":"product_tag-argile-metallique","15":"product_tag-argile-metallique-2","16":"product_tag-belgique","17":"product_tag-belgique-2","18":"product_tag-bijoux","19":"product_tag-boucles-doreilles-etoile","20":"product_tag-breloques","21":"product_tag-bricolage","22":"product_tag-commerce-de-gros","23":"product_tag-deutsland","24":"product_tag-envoyer","25":"product_tag-epoxy","26":"product_tag-etoile","27":"product_tag-etoiles","28":"product_tag-faire","29":"product_tag-faire-2","30":"product_tag-fexible","31":"product_tag-fournitures","32":"product_tag-france","33":"product_tag-france-2","34":"product_tag-gratuit","35":"product_tag-il","36":"product_tag-luxembourg","37":"product_tag-maison","38":"product_tag-modeles-4","39":"product_tag-moule-2","40":"product_tag-moules-2","41":"product_tag-moyenne","42":"product_tag-offrir-2","43":"product_tag-pate-polymere","44":"product_tag-pays-bas","45":"product_tag-pendentif-etoile","46":"product_tag-pendentifs","47":"product_tag-reduction","48":"product_tag-resine","49":"product_tag-resistant-a-la-chaleur-3","50":"product_tag-silicone","51":"product_tag-votre","52":"product_tag-vous","53":"product_shipping_class-standard","55":"first","56":"instock","57":"taxable","58":"shipping-taxable","59":"purchasable","60":"product-type-simple"},"acf":[],"_links":{"self":[{"href":"https:\/\/esquell.eu\/fr\/wp-json\/wp\/v2\/product\/25791","targetHints":{"allow":["GET"]}}],"collection":[{"href":"https:\/\/esquell.eu\/fr\/wp-json\/wp\/v2\/product"}],"about":[{"href":"https:\/\/esquell.eu\/fr\/wp-json\/wp\/v2\/types\/product"}],"replies":[{"embeddable":true,"href":"https:\/\/esquell.eu\/fr\/wp-json\/wp\/v2\/comments?post=25791"}],"wp:featuredmedia":[{"embeddable":true,"href":"https:\/\/esquell.eu\/fr\/wp-json\/wp\/v2\/media\/25794"}],"wp:attachment":[{"href":"https:\/\/esquell.eu\/fr\/wp-json\/wp\/v2\/media?parent=25791"}],"wp:term":[{"taxonomy":"more","embeddable":true,"href":"https:\/\/esquell.eu\/fr\/wp-json\/wp\/v2\/more?post=25791"},{"taxonomy":"product_brand","embeddable":true,"href":"https:\/\/esquell.eu\/fr\/wp-json\/wp\/v2\/product_brand?post=25791"},{"taxonomy":"product_cat","embeddable":true,"href":"https:\/\/esquell.eu\/fr\/wp-json\/wp\/v2\/product_cat?post=25791"},{"taxonomy":"product_tag","embeddable":true,"href":"https:\/\/esquell.eu\/fr\/wp-json\/wp\/v2\/product_tag?post=25791"}],"curies":[{"name":"wp","href":"https:\/\/api.w.org\/{rel}","templated":true}]}}