{"id":25685,"date":"2025-04-03T09:23:47","date_gmt":"2025-04-03T09:23:47","guid":{"rendered":"https:\/\/esquell.eu\/product\/moule-de-finition-moule-en-silicone-links-connector-2-thin-076\/"},"modified":"2025-04-03T09:23:47","modified_gmt":"2025-04-03T09:23:47","slug":"moule-de-finition-moule-en-silicone-links-connector-2-thin-076","status":"publish","type":"product","link":"https:\/\/esquell.eu\/fr\/produit\/moule-de-finition-moule-en-silicone-links-connector-2-thin-076\/","title":{"rendered":"Moule de finition. Moule en silicone Links Connector 2 Thin &#8211; 076"},"content":{"rendered":"<p>Moule de finition.<br \/>\nMoule en silicone Connecteur de liens 2 fins<\/p>\n<p>R\u00e9alisez facilement des liens en arguile d&rsquo;argent et autres argiles m\u00e9talliques<br \/>\nMoule en silicone pour argile, arguile d&rsquo;argent, argile m\u00e9tallique metalclay<\/p>\n","protected":false},"excerpt":{"rendered":"<p>Moule pour touche de finition.<br \/>\nMoule en silicone pour la finition<\/p>\n<p>Petits ornements qui peuvent \u00eatre utilis\u00e9s pour une finition exclusive parfaite de vos bijoux en p\u00e2te m\u00e9tallique ou en p\u00e2te polym\u00e8re.<\/p>\n<p>Moule avec 1 forme en trois tailles<br \/>\nEn utilisant de tr\u00e8s petites quantit\u00e9s d&rsquo;argile, r\u00e9alisez un nombre illimit\u00e9 de touches de finition identiques en quelques minutes.<br \/>\nTailles : 4mm, 5mm, et 6mm<\/p>\n<p>&nbsp;<\/p>\n","protected":false},"featured_media":8436,"comment_status":"closed","ping_status":"closed","template":"","meta":{"_acf_changed":false,"_seopress_robots_primary_cat":"none","_seopress_titles_title":"","_seopress_titles_desc":"","_seopress_robots_index":""},"more":[],"product_brand":[6736],"product_cat":[15643],"product_tag":[15104,6386,6404,7500,6378,6376,8424,6423,6374,10198,11839,16036,6381,6968,10176,9874,10552,15097,7506,6749,14735,16038],"class_list":{"0":"post-25685","1":"product","2":"type-product","3":"status-publish","4":"has-post-thumbnail","6":"product_brand-des-outils-sympas","7":"product_cat-moules","8":"product_tag-a-lexclusion","9":"product_tag-aida","10":"product_tag-argile-argentee","11":"product_tag-argile-argentee-3","12":"product_tag-argile-metallique","13":"product_tag-artclaysilver","14":"product_tag-cooltools","15":"product_tag-de","16":"product_tag-faire","17":"product_tag-finition","18":"product_tag-finition-2","19":"product_tag-finition-3","20":"product_tag-japon","21":"product_tag-liens","22":"product_tag-metaaklei","23":"product_tag-moule-2","24":"product_tag-moule-3","25":"product_tag-moules-2","26":"product_tag-pour","27":"product_tag-professionnel","28":"product_tag-silicone","29":"product_tag-toucher","30":"product_shipping_class-standard","32":"first","33":"instock","34":"taxable","35":"shipping-taxable","36":"purchasable","37":"product-type-simple"},"acf":[],"_links":{"self":[{"href":"https:\/\/esquell.eu\/fr\/wp-json\/wp\/v2\/product\/25685","targetHints":{"allow":["GET"]}}],"collection":[{"href":"https:\/\/esquell.eu\/fr\/wp-json\/wp\/v2\/product"}],"about":[{"href":"https:\/\/esquell.eu\/fr\/wp-json\/wp\/v2\/types\/product"}],"replies":[{"embeddable":true,"href":"https:\/\/esquell.eu\/fr\/wp-json\/wp\/v2\/comments?post=25685"}],"wp:featuredmedia":[{"embeddable":true,"href":"https:\/\/esquell.eu\/fr\/wp-json\/wp\/v2\/media\/8436"}],"wp:attachment":[{"href":"https:\/\/esquell.eu\/fr\/wp-json\/wp\/v2\/media?parent=25685"}],"wp:term":[{"taxonomy":"more","embeddable":true,"href":"https:\/\/esquell.eu\/fr\/wp-json\/wp\/v2\/more?post=25685"},{"taxonomy":"product_brand","embeddable":true,"href":"https:\/\/esquell.eu\/fr\/wp-json\/wp\/v2\/product_brand?post=25685"},{"taxonomy":"product_cat","embeddable":true,"href":"https:\/\/esquell.eu\/fr\/wp-json\/wp\/v2\/product_cat?post=25685"},{"taxonomy":"product_tag","embeddable":true,"href":"https:\/\/esquell.eu\/fr\/wp-json\/wp\/v2\/product_tag?post=25685"}],"curies":[{"name":"wp","href":"https:\/\/api.w.org\/{rel}","templated":true}]}}