{"id":25657,"date":"2025-04-03T09:23:47","date_gmt":"2025-04-03T09:23:47","guid":{"rendered":"https:\/\/esquell.eu\/product\/tapis-de-marquage-en-silicone-1915-carres-2\/"},"modified":"2025-04-03T09:23:47","modified_gmt":"2025-04-03T09:23:47","slug":"tapis-de-marquage-en-silicone-1915-carres-2","status":"publish","type":"product","link":"https:\/\/esquell.eu\/fr\/produit\/tapis-de-marquage-en-silicone-1915-carres-2\/","title":{"rendered":"Tapis de marquage en silicone 19*15 carr\u00e9s 2"},"content":{"rendered":"<div class=\"product-addition-content\">\n<p>Avec ce tapis textur\u00e9, vous pouvez appliquer des structures sur l&rsquo;argile.<\/p>\n<p>Tapis d&rsquo;estampage en silicone.<\/p>\n<p>Si vous utilisez de l&rsquo;arguile d&rsquo;argent, de l&rsquo;argile cuivr\u00e9e, de l&rsquo;argile bronze et de l&rsquo;argile dor\u00e9e, vaporisez d&rsquo;abord les tapis textur\u00e9s avec la formule antiadh\u00e9sive coolslip ou frottez-les avec de l&rsquo;huile d&rsquo;olive.<\/p>\n<p>Si vous utilisez de la fimo, de la cernit, de la premo, de la sculpy, etc., utilisez de la poudre de talc, par exemple, pour \u00e9viter qu&rsquo;ils ne collent.<\/p>\n<\/div>\n","protected":false},"excerpt":{"rendered":"<p>Avec ce tapis textur\u00e9, vous pouvez appliquer des structures sur l&rsquo;argile.<\/p>\n<p>Tapis d&rsquo;estampage en silicone.<\/p>\n<p>Si vous utilisez de l&rsquo;arguile d&rsquo;argent, de l&rsquo;argile cuivr\u00e9e, de l&rsquo;argile bronze et de l&rsquo;argile dor\u00e9e, vaporisez d&rsquo;abord les tapis textur\u00e9s avec la formule antiadh\u00e9sive coolslip ou frottez-les avec de l&rsquo;huile d&rsquo;olive.<\/p>\n<p>Si vous utilisez de la fimo, de la cernit, de la premo, de la sculpy, etc., utilisez de la poudre de talc, par exemple, pour \u00e9viter qu&rsquo;ils ne collent.<\/p>\n","protected":false},"featured_media":8482,"comment_status":"closed","ping_status":"closed","template":"","meta":{"_acf_changed":false,"_seopress_robots_primary_cat":"none","_seopress_titles_title":"","_seopress_titles_desc":"","_seopress_robots_index":""},"more":[],"product_brand":[6398],"product_cat":[12226],"product_tag":[15038,8441,6645,6646,7045,17398,6638,9799,7292,7339,6388,6404,6420,7028,6378,6390,7219,9115,17395,6949,8422,17396,17405,6393,6372,6642,6658,6641,6941,6412,7546,7770,11335,6819,17401,6650,7498,6423,6655,12016,8492,6647,7043,8209,9961,6763,6374,6815,9313,6785,6653,7417,6651,6659,7648,17406,6761,17397,6369,6550,6634,6403,8745,6930,6789,7040,17403,15026,17404,6661,8823,11155,6643,6657,17400,6816,6665,6391,6710,7670,7029,17402,17419,9771,15056,14735,6407,6722,8990,7429,6663,15058,15995,17399,15220,11337,17407,11338,7431,7764,6787,6408,6667,14956,7032],"class_list":{"0":"post-25657","1":"product","2":"type-product","3":"status-publish","4":"has-post-thumbnail","6":"product_brand-l1","7":"product_cat-textures-et-tampons","8":"product_tag-voici","9":"product_tag-3d","10":"product_tag-a","11":"product_tag-acheter","12":"product_tag-almelo","13":"product_tag-amcaw","14":"product_tag-anneaux","15":"product_tag-antiadhesif","16":"product_tag-appliquer","17":"product_tag-argent-malleable","18":"product_tag-argile","19":"product_tag-argile-argentee","20":"product_tag-argile-bronze","21":"product_tag-argile-cuivreuse","22":"product_tag-argile-metallique","23":"product_tag-argile-metallique-2","24":"product_tag-art-clay","25":"product_tag-art-de-largile","26":"product_tag-art-de-largile-2","27":"product_tag-assen","28":"product_tag-aussie","29":"product_tag-auto-decoration","30":"product_tag-baton-2","31":"product_tag-belgique","32":"product_tag-bijoux","33":"product_tag-bijoux-2","34":"product_tag-bijoux-en-argile","35":"product_tag-boucles-doreilles","36":"product_tag-brabant","37":"product_tag-bronze","38":"product_tag-bronze-3","39":"product_tag-camps","40":"product_tag-caoutchouc-2","41":"product_tag-cernit","42":"product_tag-chabot","43":"product_tag-cuivre","44":"product_tag-cuivre-3","45":"product_tag-de","46":"product_tag-drenthe","47":"product_tag-elburg","48":"product_tag-emmen","49":"product_tag-en-ligne","50":"product_tag-enschede","51":"product_tag-estampillage","52":"product_tag-fabrication-de-bijoux-par-soi-meme-2","53":"product_tag-facebook","54":"product_tag-faire","55":"product_tag-fimo","56":"product_tag-fimonederland","57":"product_tag-flevoland","58":"product_tag-frise","59":"product_tag-glissiere-de-securite","60":"product_tag-groningue","61":"product_tag-gueldre","62":"product_tag-idees","63":"product_tag-iles-wadden-rotterdam","64":"product_tag-instagram","65":"product_tag-journee-de-largile","66":"product_tag-largent","67":"product_tag-largent-2","68":"product_tag-largent-3","69":"product_tag-lor","70":"product_tag-la-texture","71":"product_tag-leeuwarden","72":"product_tag-limbourg","73":"product_tag-middelburg","74":"product_tag-modele-4","75":"product_tag-modeles-2","76":"product_tag-non-3","77":"product_tag-nord","78":"product_tag-nunspeet","79":"product_tag-ommen","80":"product_tag-ou","81":"product_tag-overijssel","82":"product_tag-papier-peint","83":"product_tag-pate-polymere","84":"product_tag-pays-bas-2","85":"product_tag-pays-bas","86":"product_tag-pendentifs","87":"product_tag-pinterest","88":"product_tag-pmc","89":"product_tag-repetant","90":"product_tag-repetant-2","91":"product_tag-ressource","92":"product_tag-secours","93":"product_tag-silicone","94":"product_tag-silverclay-co-uk","95":"product_tag-silveribelgie","96":"product_tag-structure","97":"product_tag-structures","98":"product_tag-sud","99":"product_tag-tapis","100":"product_tag-tapis-2","101":"product_tag-tapis-dencrage","102":"product_tag-tapis-de-marquage","103":"product_tag-tapis-de-texture","104":"product_tag-tilbnurg","105":"product_tag-timbre","106":"product_tag-timbres","107":"product_tag-urk","108":"product_tag-utrecht","109":"product_tag-vous","110":"product_tag-zelande","111":"product_tag-zilverkleinderland","112":"product_tag-zwolle","113":"product_shipping_class-standard","115":"first","116":"instock","117":"taxable","118":"shipping-taxable","119":"purchasable","120":"product-type-simple"},"acf":[],"_links":{"self":[{"href":"https:\/\/esquell.eu\/fr\/wp-json\/wp\/v2\/product\/25657","targetHints":{"allow":["GET"]}}],"collection":[{"href":"https:\/\/esquell.eu\/fr\/wp-json\/wp\/v2\/product"}],"about":[{"href":"https:\/\/esquell.eu\/fr\/wp-json\/wp\/v2\/types\/product"}],"replies":[{"embeddable":true,"href":"https:\/\/esquell.eu\/fr\/wp-json\/wp\/v2\/comments?post=25657"}],"wp:featuredmedia":[{"embeddable":true,"href":"https:\/\/esquell.eu\/fr\/wp-json\/wp\/v2\/media\/8482"}],"wp:attachment":[{"href":"https:\/\/esquell.eu\/fr\/wp-json\/wp\/v2\/media?parent=25657"}],"wp:term":[{"taxonomy":"more","embeddable":true,"href":"https:\/\/esquell.eu\/fr\/wp-json\/wp\/v2\/more?post=25657"},{"taxonomy":"product_brand","embeddable":true,"href":"https:\/\/esquell.eu\/fr\/wp-json\/wp\/v2\/product_brand?post=25657"},{"taxonomy":"product_cat","embeddable":true,"href":"https:\/\/esquell.eu\/fr\/wp-json\/wp\/v2\/product_cat?post=25657"},{"taxonomy":"product_tag","embeddable":true,"href":"https:\/\/esquell.eu\/fr\/wp-json\/wp\/v2\/product_tag?post=25657"}],"curies":[{"name":"wp","href":"https:\/\/api.w.org\/{rel}","templated":true}]}}