{"id":25580,"date":"2025-04-03T09:23:40","date_gmt":"2025-04-03T09:23:40","guid":{"rendered":"https:\/\/esquell.eu\/product\/reliures-a-anneaux-pour-moules-base-large-f-1391\/"},"modified":"2026-03-23T20:19:06","modified_gmt":"2026-03-23T20:19:06","slug":"reliures-a-anneaux-pour-moules-base-large-f-1391","status":"publish","type":"product","link":"https:\/\/esquell.eu\/fr\/produit\/reliures-a-anneaux-pour-moules-base-large-f-1391\/","title":{"rendered":"Reliures \u00e0 anneaux pour moules Base large F-1391"},"content":{"rendered":"<p>Ces moules sont parfaits pour les d\u00e9butants qui souhaitent fabriquer une bague lors de leur premi\u00e8re exp\u00e9rience avec la p\u00e2te \u00e0 modeler.<\/p>\n<p>Ces moules en silicone transparent sont parfaits pour une utilisation \u00e9conomique de l&rsquo;argile. Gr\u00e2ce \u00e0 la souplesse du mat\u00e9riau, vous pouvez facilement d\u00e9mouler l&rsquo;argile. <\/p>\n","protected":false},"excerpt":{"rendered":"<p>Ces moules sont parfaits pour les d\u00e9butants qui souhaitent fabriquer une bague lors de leur premi\u00e8re exp\u00e9rience avec la p\u00e2te \u00e0 modeler.<\/p>\n<p>Ces moules en silicone transparent sont parfaits pour une utilisation \u00e9conomique de l&rsquo;argile. Gr\u00e2ce \u00e0 la souplesse du mat\u00e9riau, vous pouvez facilement d\u00e9mouler l&rsquo;argile.  Les moules vont jusqu&rsquo;\u00e0 la taille de bague japonaise 24 (apr\u00e8s cuisson, environ taille de bague japonaise 20*).<\/p>\n<p>Si vous limez l&rsquo;int\u00e9rieur d&rsquo;un anneau apr\u00e8s le s\u00e9chage, vous pouvez agrandir l&rsquo;anneau jusqu&rsquo;\u00e0 deux tailles suppl\u00e9mentaires.  <\/p>\n<p>Dimensions approx. 28*75*7mm  <\/p>\n","protected":false},"featured_media":25585,"comment_status":"closed","ping_status":"closed","template":"","meta":{"_acf_changed":false,"_seopress_robots_primary_cat":"none","_seopress_titles_title":"","_seopress_titles_desc":"","_seopress_robots_index":""},"more":[],"product_brand":[],"product_cat":[15643],"product_tag":[19443,7760,8284,6386,7098,6638,12830,6388,6473,6741,7500,6378,6390,14094,15021,6405,7567,6376,7571,6575,8422,6393,6396,8238,14301,6658,6958,6409,19440,6579,11289,12494,6706,8226,19438,12218,19444,6647,19312,6724,6374,7513,7565,19442,6401,7479,7679,6712,6563,6381,6472,8216,8220,10354,8239,8459,6400,6656,9874,6391,7029,6751,12217,6408],"class_list":{"0":"post-25580","1":"product","2":"type-product","3":"status-publish","4":"has-post-thumbnail","6":"product_cat-moules","7":"product_tag-academie-de-bijouterie","8":"product_tag-achats-2","9":"product_tag-achats-3","10":"product_tag-aida","11":"product_tag-anneau","12":"product_tag-anneaux","13":"product_tag-anneaux-dargile","14":"product_tag-argile","15":"product_tag-argile-2","16":"product_tag-argile-3","17":"product_tag-argile-argentee-3","18":"product_tag-argile-metallique","19":"product_tag-argile-metallique-2","20":"product_tag-argile-zivler","21":"product_tag-argiles","22":"product_tag-artclay","23":"product_tag-artclayacademy","24":"product_tag-artclaysilver","25":"product_tag-artclayworld","26":"product_tag-ateliers","27":"product_tag-aussie","28":"product_tag-belgique","29":"product_tag-belgique-2","30":"product_tag-benelux","31":"product_tag-bijoux-7","32":"product_tag-bijoux-en-argile","33":"product_tag-boutique","34":"product_tag-bricolage","35":"product_tag-certificat","36":"product_tag-certifie","37":"product_tag-certifie-2","38":"product_tag-classeur-a-anneaux","39":"product_tag-commerce-de-gros","40":"product_tag-cours","41":"product_tag-cours-2","42":"product_tag-court-2","43":"product_tag-diplome","44":"product_tag-en-ligne","45":"product_tag-enseignants","46":"product_tag-envoyer","47":"product_tag-faire","48":"product_tag-flechir","49":"product_tag-formation","50":"product_tag-formation-en-bijouterie","51":"product_tag-france","52":"product_tag-france-2","53":"product_tag-google","54":"product_tag-gratuit","55":"product_tag-instructeurs","56":"product_tag-japon","57":"product_tag-lart","58":"product_tag-lecole","59":"product_tag-leurope","60":"product_tag-leurope-2","61":"product_tag-lecons","62":"product_tag-ligne-artisanale","63":"product_tag-luxembourg","64":"product_tag-luxembourg-2","65":"product_tag-moule-2","66":"product_tag-pays-bas","67":"product_tag-pmc","68":"product_tag-reduction","69":"product_tag-scool","70":"product_tag-vous","71":"product_shipping_class-standard","73":"first","74":"instock","75":"taxable","76":"shipping-taxable","77":"purchasable","78":"product-type-simple"},"acf":[],"_links":{"self":[{"href":"https:\/\/esquell.eu\/fr\/wp-json\/wp\/v2\/product\/25580","targetHints":{"allow":["GET"]}}],"collection":[{"href":"https:\/\/esquell.eu\/fr\/wp-json\/wp\/v2\/product"}],"about":[{"href":"https:\/\/esquell.eu\/fr\/wp-json\/wp\/v2\/types\/product"}],"replies":[{"embeddable":true,"href":"https:\/\/esquell.eu\/fr\/wp-json\/wp\/v2\/comments?post=25580"}],"wp:featuredmedia":[{"embeddable":true,"href":"https:\/\/esquell.eu\/fr\/wp-json\/wp\/v2\/media\/25585"}],"wp:attachment":[{"href":"https:\/\/esquell.eu\/fr\/wp-json\/wp\/v2\/media?parent=25580"}],"wp:term":[{"taxonomy":"more","embeddable":true,"href":"https:\/\/esquell.eu\/fr\/wp-json\/wp\/v2\/more?post=25580"},{"taxonomy":"product_brand","embeddable":true,"href":"https:\/\/esquell.eu\/fr\/wp-json\/wp\/v2\/product_brand?post=25580"},{"taxonomy":"product_cat","embeddable":true,"href":"https:\/\/esquell.eu\/fr\/wp-json\/wp\/v2\/product_cat?post=25580"},{"taxonomy":"product_tag","embeddable":true,"href":"https:\/\/esquell.eu\/fr\/wp-json\/wp\/v2\/product_tag?post=25580"}],"curies":[{"name":"wp","href":"https:\/\/api.w.org\/{rel}","templated":true}]}}