{"id":25559,"date":"2025-04-03T09:23:40","date_gmt":"2025-04-03T09:23:40","guid":{"rendered":"https:\/\/esquell.eu\/product\/mould-springs-f-1766\/"},"modified":"2026-03-23T20:23:23","modified_gmt":"2026-03-23T20:23:23","slug":"mould-springs-f-1766","status":"publish","type":"product","link":"https:\/\/esquell.eu\/fr\/produit\/mould-springs-f-1766\/","title":{"rendered":"Mould Springs (F-1766)"},"content":{"rendered":"<p>Ces moules sont parfaits pour les d\u00e9butants qui souhaitent fabriquer une bague lors de leur premi\u00e8re exp\u00e9rience avec la p\u00e2te \u00e0 modeler.<br \/>\nCe moule en silicone transparent est id\u00e9al pour utiliser la p\u00e2te \u00e0 modeler avec parcimonie. Gr\u00e2ce \u00e0 la souplesse du mat\u00e9riau, vous pouvez facilement d\u00e9mouler l&rsquo;argile. <\/p>\n","protected":false},"excerpt":{"rendered":"<p>  Ces moules sont parfaits pour les d\u00e9butants qui souhaitent fabriquer une bague lors de leur premi\u00e8re exp\u00e9rience avec la p\u00e2te \u00e0 modeler.<br \/>Ce moule en silicone transparent est id\u00e9al pour utiliser la p\u00e2te \u00e0 modeler avec parcimonie. Gr\u00e2ce \u00e0 la souplesse du mat\u00e9riau, vous pouvez facilement d\u00e9mouler l&rsquo;argile. Le moule va jusqu&rsquo;\u00e0 la taille de bague japonaise 24 (apr\u00e8s cuisson, environ la taille de bague japonaise 20).  Si vous limez l&rsquo;int\u00e9rieur d&rsquo;un anneau apr\u00e8s le s\u00e9chage, vous pouvez agrandir l&rsquo;anneau jusqu&rsquo;\u00e0 deux tailles suppl\u00e9mentaires.  <br \/>Dimension du moule 41*80*6mm.  <\/p>\n","protected":false},"featured_media":25564,"comment_status":"closed","ping_status":"closed","template":"","meta":{"_acf_changed":false,"_seopress_robots_primary_cat":"none","_seopress_titles_title":"","_seopress_titles_desc":"","_seopress_robots_index":""},"more":[],"product_brand":[6382],"product_cat":[15643],"product_tag":[7098,19523,9874,19525,19522,19524,19521,22409,19520,19519],"class_list":{"0":"post-25559","1":"product","2":"type-product","3":"status-publish","4":"has-post-thumbnail","6":"product_brand-acs","7":"product_cat-moules","8":"product_tag-anneau","9":"product_tag-anneau-de-plumes","10":"product_tag-moule-2","11":"product_tag-platherearrings","12":"product_tag-plume","13":"product_tag-plume-doie","14":"product_tag-plumes","15":"product_tag-plumes-2","16":"product_tag-ressorts","17":"product_tag-rondelles-elastiques","18":"product_shipping_class-standard","20":"first","21":"instock","22":"taxable","23":"shipping-taxable","24":"purchasable","25":"product-type-simple"},"acf":[],"_links":{"self":[{"href":"https:\/\/esquell.eu\/fr\/wp-json\/wp\/v2\/product\/25559","targetHints":{"allow":["GET"]}}],"collection":[{"href":"https:\/\/esquell.eu\/fr\/wp-json\/wp\/v2\/product"}],"about":[{"href":"https:\/\/esquell.eu\/fr\/wp-json\/wp\/v2\/types\/product"}],"replies":[{"embeddable":true,"href":"https:\/\/esquell.eu\/fr\/wp-json\/wp\/v2\/comments?post=25559"}],"wp:featuredmedia":[{"embeddable":true,"href":"https:\/\/esquell.eu\/fr\/wp-json\/wp\/v2\/media\/25564"}],"wp:attachment":[{"href":"https:\/\/esquell.eu\/fr\/wp-json\/wp\/v2\/media?parent=25559"}],"wp:term":[{"taxonomy":"more","embeddable":true,"href":"https:\/\/esquell.eu\/fr\/wp-json\/wp\/v2\/more?post=25559"},{"taxonomy":"product_brand","embeddable":true,"href":"https:\/\/esquell.eu\/fr\/wp-json\/wp\/v2\/product_brand?post=25559"},{"taxonomy":"product_cat","embeddable":true,"href":"https:\/\/esquell.eu\/fr\/wp-json\/wp\/v2\/product_cat?post=25559"},{"taxonomy":"product_tag","embeddable":true,"href":"https:\/\/esquell.eu\/fr\/wp-json\/wp\/v2\/product_tag?post=25559"}],"curies":[{"name":"wp","href":"https:\/\/api.w.org\/{rel}","templated":true}]}}