{"id":25550,"date":"2025-04-03T09:23:40","date_gmt":"2025-04-03T09:23:40","guid":{"rendered":"https:\/\/esquell.eu\/product\/reliures-a-anneaux-pour-moules-fleurs-f-1392\/"},"modified":"2025-04-03T09:23:40","modified_gmt":"2025-04-03T09:23:40","slug":"reliures-a-anneaux-pour-moules-fleurs-f-1392","status":"publish","type":"product","link":"https:\/\/esquell.eu\/fr\/produit\/reliures-a-anneaux-pour-moules-fleurs-f-1392\/","title":{"rendered":"Reliures \u00e0 anneaux pour moules Fleurs F-1392"},"content":{"rendered":"<p>Moule en silicone pour bague \u00e0 fleurs. Ces moules sont parfaits pour les d\u00e9butants qui souhaitent fabriquer une bague lors de leur premi\u00e8re exp\u00e9rience avec la p\u00e2te \u00e0 modeler. Argile argent\u00e9e, argile m\u00e9tallique Art Clay Argile argent\u00e9e, argile cuivreuse, argile bronze<br \/>\nGr\u00e2ce au mat\u00e9riau flexible, vous pouvez facilement d\u00e9mouler l&rsquo;argile.  <\/p>\n","protected":false},"excerpt":{"rendered":"<p>Ces moules sont parfaits pour les d\u00e9butants qui souhaitent fabriquer une bague lors de leur premi\u00e8re exp\u00e9rience avec la p\u00e2te \u00e0 modeler.<\/p>\n<p>Ces moules en silicone transparent sont parfaits pour une utilisation \u00e9conomique de l&rsquo;argile. Gr\u00e2ce \u00e0 la souplesse du mat\u00e9riau, vous pouvez facilement d\u00e9mouler l&rsquo;argile.  Les moules vont jusqu&rsquo;\u00e0 la taille de bague japonaise 24 (apr\u00e8s cuisson, environ taille de bague japonaise 20*).<\/p>\n<p>Si vous limez l&rsquo;int\u00e9rieur d&rsquo;une bague apr\u00e8s le s\u00e9chage, vous pouvez agrandir la bague jusqu&rsquo;\u00e0 deux tailles suppl\u00e9mentaires. Des parties du moule peuvent \u00e9galement \u00eatre utilis\u00e9es pour le bord d&rsquo;un pendentif, par exemple. <\/p>\n<p>dimensions : environ 32*75*7mm  <\/p>\n","protected":false},"featured_media":4004,"comment_status":"closed","ping_status":"closed","template":"","meta":{"_acf_changed":false,"_seopress_robots_primary_cat":"none","_seopress_titles_title":"","_seopress_titles_desc":"","_seopress_robots_index":""},"more":[],"product_brand":[6382],"product_cat":[15643],"product_tag":[7760,8284,6939,6386,7098,6638,6931,6388,6404,6420,7028,6378,6390,7567,6376,7571,19151,8422,6393,6396,8238,6372,6658,6402,6941,6409,6935,6579,12494,6649,6706,6743,6655,6647,10147,11758,6374,10110,7513,6401,7479,6653,6933,7679,6651,6659,6381,6369,6550,8216,6559,6789,6400,6656,6426,15097,6661,6652,6937,6657,6391,6665,7029,6471,6751,19512,6407,6663,6787,6408,6667],"class_list":{"0":"post-25550","1":"product","2":"type-product","3":"status-publish","4":"has-post-thumbnail","6":"product_brand-acs","7":"product_cat-moules","8":"product_tag-achats-2","9":"product_tag-achats-3","10":"product_tag-acheter-2","11":"product_tag-aida","12":"product_tag-anneau","13":"product_tag-anneaux","14":"product_tag-anvers","15":"product_tag-argile","16":"product_tag-argile-argentee","17":"product_tag-argile-bronze","18":"product_tag-argile-cuivreuse","19":"product_tag-argile-metallique","20":"product_tag-argile-metallique-2","21":"product_tag-artclayacademy","22":"product_tag-artclaysilver","23":"product_tag-artclayworld","24":"product_tag-artisan","25":"product_tag-aussie","26":"product_tag-belgique","27":"product_tag-belgique-2","28":"product_tag-benelux","29":"product_tag-bijoux","30":"product_tag-bijoux-en-argile","31":"product_tag-bon-marche","32":"product_tag-brabant","33":"product_tag-bricolage","34":"product_tag-bruxelles","35":"product_tag-certifie","36":"product_tag-classeur-a-anneaux","37":"product_tag-commande","38":"product_tag-commerce-de-gros","39":"product_tag-distributeur","40":"product_tag-drenthe","41":"product_tag-en-ligne","42":"product_tag-facile","43":"product_tag-facile-2","44":"product_tag-faire","45":"product_tag-fait","46":"product_tag-flechir","47":"product_tag-france","48":"product_tag-france-2","49":"product_tag-frise","50":"product_tag-gentilhomme","51":"product_tag-google","52":"product_tag-groningue","53":"product_tag-gueldre","54":"product_tag-japon","55":"product_tag-largent","56":"product_tag-largent-2","57":"product_tag-lecole","58":"product_tag-lignes-dartisanat","59":"product_tag-limbourg","60":"product_tag-luxembourg","61":"product_tag-luxembourg-2","62":"product_tag-malleable","63":"product_tag-moules-2","64":"product_tag-nord","65":"product_tag-orfevres","66":"product_tag-ostende","67":"product_tag-overijssel","68":"product_tag-pays-bas","69":"product_tag-pays-bas-2","70":"product_tag-pmc","71":"product_tag-recycle","72":"product_tag-reduction","73":"product_tag-silicone-eu","74":"product_tag-silverclay-co-uk","75":"product_tag-sud","76":"product_tag-utrecht","77":"product_tag-vous","78":"product_tag-zelande","79":"product_shipping_class-standard","81":"first","82":"instock","83":"taxable","84":"shipping-taxable","85":"purchasable","86":"product-type-simple"},"acf":[],"_links":{"self":[{"href":"https:\/\/esquell.eu\/fr\/wp-json\/wp\/v2\/product\/25550","targetHints":{"allow":["GET"]}}],"collection":[{"href":"https:\/\/esquell.eu\/fr\/wp-json\/wp\/v2\/product"}],"about":[{"href":"https:\/\/esquell.eu\/fr\/wp-json\/wp\/v2\/types\/product"}],"replies":[{"embeddable":true,"href":"https:\/\/esquell.eu\/fr\/wp-json\/wp\/v2\/comments?post=25550"}],"wp:featuredmedia":[{"embeddable":true,"href":"https:\/\/esquell.eu\/fr\/wp-json\/wp\/v2\/media\/4004"}],"wp:attachment":[{"href":"https:\/\/esquell.eu\/fr\/wp-json\/wp\/v2\/media?parent=25550"}],"wp:term":[{"taxonomy":"more","embeddable":true,"href":"https:\/\/esquell.eu\/fr\/wp-json\/wp\/v2\/more?post=25550"},{"taxonomy":"product_brand","embeddable":true,"href":"https:\/\/esquell.eu\/fr\/wp-json\/wp\/v2\/product_brand?post=25550"},{"taxonomy":"product_cat","embeddable":true,"href":"https:\/\/esquell.eu\/fr\/wp-json\/wp\/v2\/product_cat?post=25550"},{"taxonomy":"product_tag","embeddable":true,"href":"https:\/\/esquell.eu\/fr\/wp-json\/wp\/v2\/product_tag?post=25550"}],"curies":[{"name":"wp","href":"https:\/\/api.w.org\/{rel}","templated":true}]}}