{"id":25401,"date":"2025-04-03T09:23:31","date_gmt":"2025-04-03T09:23:31","guid":{"rendered":"https:\/\/esquell.eu\/product\/mini-moule-en-silicone-ovale-f-2612\/"},"modified":"2025-04-03T09:23:31","modified_gmt":"2025-04-03T09:23:31","slug":"mini-moule-en-silicone-ovale-f-2612","status":"publish","type":"product","link":"https:\/\/esquell.eu\/fr\/produit\/mini-moule-en-silicone-ovale-f-2612\/","title":{"rendered":"Mini-moule en silicone ovale. F-2612"},"content":{"rendered":"<p>Moule en silicone pour ovale<\/p>\n<p>Grand W15 x H7 x D5mm<\/p>\n<p>Moyen W12 x H6 x D5mm<\/p>\n<p>Petit W9 x H4 x D5mm<\/p>\n<p>Tr\u00e8s appropri\u00e9 pour les pi\u00e8ces de bijoux en arguile d&rsquo;argent ou autres argiles.<\/p>\n","protected":false},"excerpt":{"rendered":"<p>Moule en silicone pour ovale<\/p>\n<p>Grand W15 x H7 x D5mm<\/p>\n<p>Moyen W12 x H6 x D5mm<\/p>\n<p>Petit W9 x H4 x D5mm<\/p>\n<p>Tr\u00e8s appropri\u00e9 pour les pi\u00e8ces de bijoux en arguile d&rsquo;argent ou autres argiles.<\/p>\n","protected":false},"featured_media":8504,"comment_status":"closed","ping_status":"closed","template":"","meta":{"_acf_changed":false,"_seopress_robots_primary_cat":"none","_seopress_titles_title":"","_seopress_titles_desc":"","_seopress_robots_index":""},"more":[],"product_brand":[6382],"product_cat":[15643],"product_tag":[6645,15104,6646,6939,6386,6388,6372,6658,6402,7360,19233,19231,6649,19235,6647,6374,6381,6968,9874,10552,15097,6643,14735],"class_list":{"0":"post-25401","1":"product","2":"type-product","3":"status-publish","4":"has-post-thumbnail","6":"product_brand-acs","7":"product_cat-moules","8":"product_tag-a","9":"product_tag-a-lexclusion","10":"product_tag-acheter","11":"product_tag-acheter-2","12":"product_tag-aida","13":"product_tag-argile","14":"product_tag-bijoux","15":"product_tag-bijoux-en-argile","16":"product_tag-bon-marche","17":"product_tag-bracelets","18":"product_tag-cadre","19":"product_tag-cercle","20":"product_tag-commande","21":"product_tag-composants-fournitures","22":"product_tag-en-ligne","23":"product_tag-faire","24":"product_tag-japon","25":"product_tag-liens","26":"product_tag-moule-2","27":"product_tag-moule-3","28":"product_tag-moules-2","29":"product_tag-ou","30":"product_tag-silicone","31":"product_shipping_class-standard","33":"first","34":"instock","35":"taxable","36":"shipping-taxable","37":"purchasable","38":"product-type-simple"},"acf":[],"_links":{"self":[{"href":"https:\/\/esquell.eu\/fr\/wp-json\/wp\/v2\/product\/25401","targetHints":{"allow":["GET"]}}],"collection":[{"href":"https:\/\/esquell.eu\/fr\/wp-json\/wp\/v2\/product"}],"about":[{"href":"https:\/\/esquell.eu\/fr\/wp-json\/wp\/v2\/types\/product"}],"replies":[{"embeddable":true,"href":"https:\/\/esquell.eu\/fr\/wp-json\/wp\/v2\/comments?post=25401"}],"wp:featuredmedia":[{"embeddable":true,"href":"https:\/\/esquell.eu\/fr\/wp-json\/wp\/v2\/media\/8504"}],"wp:attachment":[{"href":"https:\/\/esquell.eu\/fr\/wp-json\/wp\/v2\/media?parent=25401"}],"wp:term":[{"taxonomy":"more","embeddable":true,"href":"https:\/\/esquell.eu\/fr\/wp-json\/wp\/v2\/more?post=25401"},{"taxonomy":"product_brand","embeddable":true,"href":"https:\/\/esquell.eu\/fr\/wp-json\/wp\/v2\/product_brand?post=25401"},{"taxonomy":"product_cat","embeddable":true,"href":"https:\/\/esquell.eu\/fr\/wp-json\/wp\/v2\/product_cat?post=25401"},{"taxonomy":"product_tag","embeddable":true,"href":"https:\/\/esquell.eu\/fr\/wp-json\/wp\/v2\/product_tag?post=25401"}],"curies":[{"name":"wp","href":"https:\/\/api.w.org\/{rel}","templated":true}]}}