{"id":25313,"date":"2025-04-03T09:23:31","date_gmt":"2025-04-03T09:23:31","guid":{"rendered":"https:\/\/esquell.eu\/product\/reliure-a-anneaux-pour-moules-large-f-1006\/"},"modified":"2025-04-03T09:23:31","modified_gmt":"2025-04-03T09:23:31","slug":"reliure-a-anneaux-pour-moules-large-f-1006","status":"publish","type":"product","link":"https:\/\/esquell.eu\/fr\/produit\/reliure-a-anneaux-pour-moules-large-f-1006\/","title":{"rendered":"Reliure \u00e0 anneaux pour moules Large F-1006"},"content":{"rendered":"<p>Ces moules sont parfaits pour les d\u00e9butants qui souhaitent fabriquer une bague lors de leur premi\u00e8re exp\u00e9rience avec la p\u00e2te \u00e0 modeler.<\/p>\n<p>Ces moules en silicone transparent sont parfaits pour une utilisation \u00e9conomique de l&rsquo;argile. Gr\u00e2ce \u00e0 la souplesse du mat\u00e9riau, vous pouvez facilement d\u00e9mouler l&rsquo;argile.  Les moules vont jusqu&rsquo;\u00e0 la taille de bague japonaise 24 (Apr\u00e8s cuisson, d\u00e9mouler les moules).<\/p>\n","protected":false},"excerpt":{"rendered":"<p>Ces moules sont parfaits pour les d\u00e9butants qui souhaitent fabriquer une bague lors de leur premi\u00e8re exp\u00e9rience avec la p\u00e2te \u00e0 modeler.<\/p>\n<p>Ces moules en silicone transparent sont parfaits pour une utilisation \u00e9conomique de l&rsquo;argile. Gr\u00e2ce \u00e0 la souplesse du mat\u00e9riau, vous pouvez facilement d\u00e9mouler l&rsquo;argile.  Les moules vont jusqu&rsquo;\u00e0 la taille de bague japonaise 24 (apr\u00e8s cuisson, environ taille de bague japonaise 20*).<\/p>\n<p>Si vous limez l&rsquo;int\u00e9rieur d&rsquo;une bague apr\u00e8s le s\u00e9chage, vous pouvez agrandir la bague jusqu&rsquo;\u00e0 deux tailles suppl\u00e9mentaires. Des parties du moule peuvent \u00e9galement \u00eatre utilis\u00e9es pour le bord d&rsquo;un pendentif, par exemple. <\/p>\n<p>Dimensions du moule : environ 37*75*7mm.  <\/p>\n","protected":false},"featured_media":4008,"comment_status":"closed","ping_status":"closed","template":"","meta":{"_acf_changed":false,"_seopress_robots_primary_cat":"none","_seopress_titles_title":"","_seopress_titles_desc":"","_seopress_robots_index":""},"more":[],"product_brand":[6382],"product_cat":[15643],"product_tag":[15104,6939,7929,6386,6638,6388,6404,6378,6390,6405,6376,6658,7548,6389,6819,15791,6706,6743,9797,6815,12402,6563,6381,6821,18875,16283,9874,15097,18513,6751,12268,7774,9894,6443,14735],"class_list":{"0":"post-25313","1":"product","2":"type-product","3":"status-publish","4":"has-post-thumbnail","6":"product_brand-acs","7":"product_cat-moules","8":"product_tag-a-lexclusion","9":"product_tag-acheter-2","10":"product_tag-acrylique","11":"product_tag-aida","12":"product_tag-anneaux","13":"product_tag-argile","14":"product_tag-argile-argentee","15":"product_tag-argile-metallique","16":"product_tag-argile-metallique-2","17":"product_tag-artclay","18":"product_tag-artclaysilver","19":"product_tag-bijoux-en-argile","20":"product_tag-bijoux-en-argile-2","21":"product_tag-boutique-en-ligne","22":"product_tag-cernit","23":"product_tag-classeurs-a-anneaux","24":"product_tag-commerce-de-gros","25":"product_tag-distributeur","26":"product_tag-epoxy","27":"product_tag-fimo","28":"product_tag-instructeur-3","29":"product_tag-instructeurs","30":"product_tag-japon","31":"product_tag-mini","32":"product_tag-modele-de-bague","33":"product_tag-modeles-4","34":"product_tag-moule-2","35":"product_tag-moules-2","36":"product_tag-nailart","37":"product_tag-reduction","38":"product_tag-reduction-2","39":"product_tag-resine","40":"product_tag-resine-2","41":"product_tag-resine-uv","42":"product_tag-silicone","43":"product_shipping_class-standard","45":"first","46":"instock","47":"taxable","48":"shipping-taxable","49":"purchasable","50":"product-type-simple"},"acf":[],"_links":{"self":[{"href":"https:\/\/esquell.eu\/fr\/wp-json\/wp\/v2\/product\/25313","targetHints":{"allow":["GET"]}}],"collection":[{"href":"https:\/\/esquell.eu\/fr\/wp-json\/wp\/v2\/product"}],"about":[{"href":"https:\/\/esquell.eu\/fr\/wp-json\/wp\/v2\/types\/product"}],"replies":[{"embeddable":true,"href":"https:\/\/esquell.eu\/fr\/wp-json\/wp\/v2\/comments?post=25313"}],"wp:featuredmedia":[{"embeddable":true,"href":"https:\/\/esquell.eu\/fr\/wp-json\/wp\/v2\/media\/4008"}],"wp:attachment":[{"href":"https:\/\/esquell.eu\/fr\/wp-json\/wp\/v2\/media?parent=25313"}],"wp:term":[{"taxonomy":"more","embeddable":true,"href":"https:\/\/esquell.eu\/fr\/wp-json\/wp\/v2\/more?post=25313"},{"taxonomy":"product_brand","embeddable":true,"href":"https:\/\/esquell.eu\/fr\/wp-json\/wp\/v2\/product_brand?post=25313"},{"taxonomy":"product_cat","embeddable":true,"href":"https:\/\/esquell.eu\/fr\/wp-json\/wp\/v2\/product_cat?post=25313"},{"taxonomy":"product_tag","embeddable":true,"href":"https:\/\/esquell.eu\/fr\/wp-json\/wp\/v2\/product_tag?post=25313"}],"curies":[{"name":"wp","href":"https:\/\/api.w.org\/{rel}","templated":true}]}}