{"id":25290,"date":"2025-04-03T09:23:31","date_gmt":"2025-04-03T09:23:31","guid":{"rendered":"https:\/\/esquell.eu\/product\/anneau-de-moule-et-alphabet-acs-f-2286\/"},"modified":"2025-04-03T09:23:31","modified_gmt":"2025-04-03T09:23:31","slug":"anneau-de-moule-et-alphabet-acs-f-2286","status":"publish","type":"product","link":"https:\/\/esquell.eu\/fr\/produit\/anneau-de-moule-et-alphabet-acs-f-2286\/","title":{"rendered":"Anneau de moule et alphabet ACS (F-2286)"},"content":{"rendered":"<p>Moule anneau et alphabet.<br \/>\nCes moules sont parfaits pour les d\u00e9butants qui souhaitent fabriquer un anneau lors de leur premi\u00e8re exp\u00e9rience avec l&rsquo;argile m\u00e9tallique. Ces moules en silicone transparent sont parfaits pour une utilisation \u00e9conomique de l&rsquo;argile. Gr\u00e2ce \u00e0 la souplesse du mat\u00e9riau, vous pouvez facilement d\u00e9mouler l&rsquo;argile.   Les moules vont jusqu&rsquo;\u00e0 la taille de bague japonaise 24 (apr\u00e8s cuisson, environ taille de bague japonaise 20*). Si vous limez l&rsquo;int\u00e9rieur d&rsquo;un anneau apr\u00e8s le s\u00e9chage, vous pouvez agrandir l&rsquo;anneau jusqu&rsquo;\u00e0 deux tailles suppl\u00e9mentaires. Taille approximative 28*75*7mm. <\/p>\n","protected":false},"excerpt":{"rendered":"<p style=\"text-align: justify;\">Moule anneau et alphabet.<br \/>\nCes moules sont parfaits pour les d\u00e9butants qui souhaitent fabriquer un anneau lors de leur premi\u00e8re exp\u00e9rience avec l&rsquo;argile m\u00e9tallique. Ces moules en silicone transparent sont parfaits pour une utilisation \u00e9conomique de l&rsquo;argile. Gr\u00e2ce \u00e0 la souplesse du mat\u00e9riau, vous pouvez facilement d\u00e9mouler l&rsquo;argile.   Les moules vont jusqu&rsquo;\u00e0 la taille de bague japonaise 24 (apr\u00e8s cuisson, environ taille de bague japonaise 20*). Si vous limez l&rsquo;int\u00e9rieur d&rsquo;un anneau apr\u00e8s le s\u00e9chage, vous pouvez agrandir l&rsquo;anneau jusqu&rsquo;\u00e0 deux tailles suppl\u00e9mentaires. Taille approximative 28*75*7mm. <\/p>\n","protected":false},"featured_media":4167,"comment_status":"closed","ping_status":"closed","template":"","meta":{"_acf_changed":false,"_seopress_robots_primary_cat":"none","_seopress_titles_title":"","_seopress_titles_desc":"","_seopress_robots_index":""},"more":[],"product_brand":[6382],"product_cat":[15643],"product_tag":[6386,16174,7098,6638,19273,6473,6404,6378,6390,6405,6376,19275,6372,6642,10050,19271,6409,12494,15791,10052,6374,6798,7510,6801,6381,6369,6550,6634,6472,15052,6426,7031,15646,9874,10552,15097,6652,19150,6407,6805,10562,19267,19269,6803,6408],"class_list":{"0":"post-25290","1":"product","2":"type-product","3":"status-publish","4":"has-post-thumbnail","6":"product_brand-acs","7":"product_cat-moules","8":"product_tag-aida","9":"product_tag-alphabet","10":"product_tag-anneau","11":"product_tag-anneaux","12":"product_tag-argente-2","13":"product_tag-argile-2","14":"product_tag-argile-argentee","15":"product_tag-argile-metallique","16":"product_tag-argile-metallique-2","17":"product_tag-artclay","18":"product_tag-artclaysilver","19":"product_tag-artisanat-de-largile","20":"product_tag-bijoux","21":"product_tag-bijoux-2","22":"product_tag-bijoux-6","23":"product_tag-bijoux-8","24":"product_tag-bricolage","25":"product_tag-classeur-a-anneaux","26":"product_tag-classeurs-a-anneaux","27":"product_tag-fabrication","28":"product_tag-faire","29":"product_tag-faire-2","30":"product_tag-flexible","31":"product_tag-il","32":"product_tag-japon","33":"product_tag-largent","34":"product_tag-largent-2","35":"product_tag-largent-3","36":"product_tag-lart","37":"product_tag-lettres","38":"product_tag-malleable","39":"product_tag-metal-2","40":"product_tag-modele-2","41":"product_tag-moule-2","42":"product_tag-moule-3","43":"product_tag-moules-2","44":"product_tag-orfevres","45":"product_tag-silicium","46":"product_tag-silverclay-co-uk","47":"product_tag-soi","48":"product_tag-taille-de-lanneau","49":"product_tag-texte","50":"product_tag-textes","51":"product_tag-votre","52":"product_tag-vous","53":"product_shipping_class-standard","55":"first","56":"instock","57":"taxable","58":"shipping-taxable","59":"purchasable","60":"product-type-simple"},"acf":[],"_links":{"self":[{"href":"https:\/\/esquell.eu\/fr\/wp-json\/wp\/v2\/product\/25290","targetHints":{"allow":["GET"]}}],"collection":[{"href":"https:\/\/esquell.eu\/fr\/wp-json\/wp\/v2\/product"}],"about":[{"href":"https:\/\/esquell.eu\/fr\/wp-json\/wp\/v2\/types\/product"}],"replies":[{"embeddable":true,"href":"https:\/\/esquell.eu\/fr\/wp-json\/wp\/v2\/comments?post=25290"}],"wp:featuredmedia":[{"embeddable":true,"href":"https:\/\/esquell.eu\/fr\/wp-json\/wp\/v2\/media\/4167"}],"wp:attachment":[{"href":"https:\/\/esquell.eu\/fr\/wp-json\/wp\/v2\/media?parent=25290"}],"wp:term":[{"taxonomy":"more","embeddable":true,"href":"https:\/\/esquell.eu\/fr\/wp-json\/wp\/v2\/more?post=25290"},{"taxonomy":"product_brand","embeddable":true,"href":"https:\/\/esquell.eu\/fr\/wp-json\/wp\/v2\/product_brand?post=25290"},{"taxonomy":"product_cat","embeddable":true,"href":"https:\/\/esquell.eu\/fr\/wp-json\/wp\/v2\/product_cat?post=25290"},{"taxonomy":"product_tag","embeddable":true,"href":"https:\/\/esquell.eu\/fr\/wp-json\/wp\/v2\/product_tag?post=25290"}],"curies":[{"name":"wp","href":"https:\/\/api.w.org\/{rel}","templated":true}]}}