{"id":25271,"date":"2025-04-03T09:23:31","date_gmt":"2025-04-03T09:23:31","guid":{"rendered":"https:\/\/esquell.eu\/product\/moule-bandes-annulaires-coeurs-etroites-f-1004\/"},"modified":"2026-03-23T20:23:41","modified_gmt":"2026-03-23T20:23:41","slug":"moule-bandes-annulaires-coeurs-etroites-f-1004","status":"publish","type":"product","link":"https:\/\/esquell.eu\/fr\/produit\/moule-bandes-annulaires-coeurs-etroites-f-1004\/","title":{"rendered":"Moule Bandes annulaires c\u0153urs \u00e9troites F-1004"},"content":{"rendered":"<p>Ces moules sont parfaits pour les d\u00e9butants qui souhaitent fabriquer une bague lors de leur premi\u00e8re exp\u00e9rience avec la p\u00e2te \u00e0 modeler.<\/p>\n<p>Ces moules en silicone transparent sont parfaits pour une utilisation \u00e9conomique de l&rsquo;argile. Gr\u00e2ce \u00e0 la souplesse du mat\u00e9riau, vous pouvez facilement d\u00e9mouler l&rsquo;argile.  Les moules vont jusqu&rsquo;\u00e0 la taille de bague japonaise 24 (apr\u00e8s cuisson, environ taille de bague japonaise 20*).<\/p>\n<p>Si vous limez l&rsquo;int\u00e9rieur d&rsquo;une bague apr\u00e8s le s\u00e9chage, vous pouvez agrandir la bague jusqu&rsquo;\u00e0 deux tailles suppl\u00e9mentaires. Des parties du moule peuvent \u00e9galement \u00eatre utilis\u00e9es pour le bord d&rsquo;un pendentif, par exemple. <\/p>\n<p>Dimensions du moule : environ 37*75*7mm.<\/p>\n","protected":false},"excerpt":{"rendered":"<p>Ces moules sont parfaits pour les d\u00e9butants qui souhaitent fabriquer une bague lors de leur premi\u00e8re exp\u00e9rience avec la p\u00e2te \u00e0 modeler.<\/p>\n<p>Ces moules en silicone transparent sont parfaits pour une utilisation \u00e9conomique de l&rsquo;argile. Gr\u00e2ce \u00e0 la souplesse du mat\u00e9riau, vous pouvez facilement d\u00e9mouler l&rsquo;argile.  Les moules vont jusqu&rsquo;\u00e0 la taille de bague japonaise 24 (apr\u00e8s cuisson, environ taille de bague japonaise 20*).<\/p>\n<p>Si vous limez l&rsquo;int\u00e9rieur d&rsquo;une bague apr\u00e8s le s\u00e9chage, vous pouvez agrandir la bague jusqu&rsquo;\u00e0 deux tailles suppl\u00e9mentaires. Des parties du moule peuvent \u00e9galement \u00eatre utilis\u00e9es pour le bord d&rsquo;un pendentif, par exemple. <\/p>\n<p>Dimensions du moule : environ 37*75*7mm.<\/p>\n","protected":false},"featured_media":25273,"comment_status":"closed","ping_status":"closed","template":"","meta":{"_acf_changed":false,"_seopress_robots_primary_cat":"none","_seopress_titles_title":"","_seopress_titles_desc":"","_seopress_robots_index":""},"more":[],"product_brand":[6382],"product_cat":[15643],"product_tag":[7098,6638,8034,6388,6473,6741,6404,7500,6420,6530,7141,7028,6378,6390,15021,6405,6376,6409,6528,12494,7104,10147,11758,19441,6374,6550,6634,6472,19439,9874,15097,14735,6408],"class_list":{"0":"post-25271","1":"product","2":"type-product","3":"status-publish","4":"has-post-thumbnail","6":"product_brand-acs","7":"product_cat-moules","8":"product_tag-anneau","9":"product_tag-anneaux","10":"product_tag-anneaux-2","11":"product_tag-argile","12":"product_tag-argile-2","13":"product_tag-argile-3","14":"product_tag-argile-argentee","15":"product_tag-argile-argentee-3","16":"product_tag-argile-bronze","17":"product_tag-argile-bronzee","18":"product_tag-argile-cuivree","19":"product_tag-argile-cuivreuse","20":"product_tag-argile-metallique","21":"product_tag-argile-metallique-2","22":"product_tag-argiles","23":"product_tag-artclay","24":"product_tag-artclaysilver","25":"product_tag-bricolage","26":"product_tag-bronze-2","27":"product_tag-classeur-a-anneaux","28":"product_tag-cuivre-2","29":"product_tag-facile","30":"product_tag-facile-2","31":"product_tag-facilement","32":"product_tag-faire","33":"product_tag-largent-2","34":"product_tag-largent-3","35":"product_tag-lart","36":"product_tag-large","37":"product_tag-moule-2","38":"product_tag-moules-2","39":"product_tag-silicone","40":"product_tag-vous","41":"product_shipping_class-standard","43":"first","44":"instock","45":"taxable","46":"shipping-taxable","47":"purchasable","48":"product-type-simple"},"acf":[],"_links":{"self":[{"href":"https:\/\/esquell.eu\/fr\/wp-json\/wp\/v2\/product\/25271","targetHints":{"allow":["GET"]}}],"collection":[{"href":"https:\/\/esquell.eu\/fr\/wp-json\/wp\/v2\/product"}],"about":[{"href":"https:\/\/esquell.eu\/fr\/wp-json\/wp\/v2\/types\/product"}],"replies":[{"embeddable":true,"href":"https:\/\/esquell.eu\/fr\/wp-json\/wp\/v2\/comments?post=25271"}],"wp:featuredmedia":[{"embeddable":true,"href":"https:\/\/esquell.eu\/fr\/wp-json\/wp\/v2\/media\/25273"}],"wp:attachment":[{"href":"https:\/\/esquell.eu\/fr\/wp-json\/wp\/v2\/media?parent=25271"}],"wp:term":[{"taxonomy":"more","embeddable":true,"href":"https:\/\/esquell.eu\/fr\/wp-json\/wp\/v2\/more?post=25271"},{"taxonomy":"product_brand","embeddable":true,"href":"https:\/\/esquell.eu\/fr\/wp-json\/wp\/v2\/product_brand?post=25271"},{"taxonomy":"product_cat","embeddable":true,"href":"https:\/\/esquell.eu\/fr\/wp-json\/wp\/v2\/product_cat?post=25271"},{"taxonomy":"product_tag","embeddable":true,"href":"https:\/\/esquell.eu\/fr\/wp-json\/wp\/v2\/product_tag?post=25271"}],"curies":[{"name":"wp","href":"https:\/\/api.w.org\/{rel}","templated":true}]}}