{"id":25260,"date":"2025-04-03T09:23:31","date_gmt":"2025-04-03T09:23:31","guid":{"rendered":"https:\/\/esquell.eu\/product\/reliures-a-anneaux-pour-moules-charm-wide-f-1393\/"},"modified":"2025-12-22T11:15:29","modified_gmt":"2025-12-22T11:15:29","slug":"reliures-a-anneaux-pour-moules-charm-wide-f-1393","status":"publish","type":"product","link":"https:\/\/esquell.eu\/fr\/produit\/reliures-a-anneaux-pour-moules-charm-wide-f-1393\/","title":{"rendered":"Reliures \u00e0 anneaux pour moules Charm Wide F-1393"},"content":{"rendered":"<p>Ces moules sont parfaits pour les d\u00e9butants qui souhaitent fabriquer une bague lors de leur premi\u00e8re exp\u00e9rience avec la p\u00e2te \u00e0 modeler.<\/p>\n<p>Ces moules en silicone transparent sont parfaits pour une utilisation \u00e9conomique de l&rsquo;argile. Gr\u00e2ce \u00e0 la souplesse du mat\u00e9riau, vous pouvez facilement d\u00e9mouler l&rsquo;argile.  Les moules vont jusqu&rsquo;\u00e0 la taille de bague japonaise 24 (apr\u00e8s cuisson, environ taille de bague japonaise 20*).<\/p>\n<p>Si vous limez l&rsquo;int\u00e9rieur d&rsquo;un anneau apr\u00e8s le s\u00e9chage, vous pouvez agrandir l&rsquo;anneau jusqu&rsquo;\u00e0 deux tailles suppl\u00e9mentaires.<\/p>\n<p>Dimensions approx. 28*75*7mm<\/p>\n","protected":false},"excerpt":{"rendered":"<p>Ces moules sont parfaits pour les d\u00e9butants qui souhaitent fabriquer une bague lors de leur premi\u00e8re exp\u00e9rience avec la p\u00e2te \u00e0 modeler.<\/p>\n<p>Ces moules en silicone transparent sont parfaits pour une utilisation \u00e9conomique de l&rsquo;argile. Gr\u00e2ce \u00e0 la souplesse du mat\u00e9riau, vous pouvez facilement d\u00e9mouler l&rsquo;argile.  Les moules vont jusqu&rsquo;\u00e0 la taille de bague japonaise 24 (apr\u00e8s cuisson, environ taille de bague japonaise 20*).<\/p>\n<p>Si vous limez l&rsquo;int\u00e9rieur d&rsquo;un anneau apr\u00e8s le s\u00e9chage, vous pouvez agrandir l&rsquo;anneau jusqu&rsquo;\u00e0 deux tailles suppl\u00e9mentaires.<\/p>\n<p>Dimensions approx. 28*75*7mm<\/p>\n","protected":false},"featured_media":25266,"comment_status":"closed","ping_status":"closed","template":"","meta":{"_acf_changed":false,"_seopress_robots_primary_cat":"none","_seopress_titles_title":"","_seopress_titles_desc":"","_seopress_robots_index":""},"more":[],"product_brand":[6382],"product_cat":[15643],"product_tag":[19443,7760,8284,6386,7098,6638,12830,6388,6473,6741,7500,6378,6390,14094,15021,6405,7567,6376,7571,6575,8422,6393,6396,8238,14301,6658,6958,6409,19440,6579,11289,12494,6706,8226,19438,12218,19444,6647,19312,6724,6374,7513,7565,19442,6401,7479,7679,6712,6563,6381,6472,8216,8220,10354,8239,8459,6400,6656,9874,6391,7029,6751,12217,6408],"class_list":{"0":"post-25260","1":"product","2":"type-product","3":"status-publish","4":"has-post-thumbnail","6":"product_brand-acs","7":"product_cat-moules","8":"product_tag-academie-de-bijouterie","9":"product_tag-achats-2","10":"product_tag-achats-3","11":"product_tag-aida","12":"product_tag-anneau","13":"product_tag-anneaux","14":"product_tag-anneaux-dargile","15":"product_tag-argile","16":"product_tag-argile-2","17":"product_tag-argile-3","18":"product_tag-argile-argentee-3","19":"product_tag-argile-metallique","20":"product_tag-argile-metallique-2","21":"product_tag-argile-zivler","22":"product_tag-argiles","23":"product_tag-artclay","24":"product_tag-artclayacademy","25":"product_tag-artclaysilver","26":"product_tag-artclayworld","27":"product_tag-ateliers","28":"product_tag-aussie","29":"product_tag-belgique","30":"product_tag-belgique-2","31":"product_tag-benelux","32":"product_tag-bijoux-7","33":"product_tag-bijoux-en-argile","34":"product_tag-boutique","35":"product_tag-bricolage","36":"product_tag-certificat","37":"product_tag-certifie","38":"product_tag-certifie-2","39":"product_tag-classeur-a-anneaux","40":"product_tag-commerce-de-gros","41":"product_tag-cours","42":"product_tag-cours-2","43":"product_tag-court-2","44":"product_tag-diplome","45":"product_tag-en-ligne","46":"product_tag-enseignants","47":"product_tag-envoyer","48":"product_tag-faire","49":"product_tag-flechir","50":"product_tag-formation","51":"product_tag-formation-en-bijouterie","52":"product_tag-france","53":"product_tag-france-2","54":"product_tag-google","55":"product_tag-gratuit","56":"product_tag-instructeurs","57":"product_tag-japon","58":"product_tag-lart","59":"product_tag-lecole","60":"product_tag-leurope","61":"product_tag-leurope-2","62":"product_tag-lecons","63":"product_tag-ligne-artisanale","64":"product_tag-luxembourg","65":"product_tag-luxembourg-2","66":"product_tag-moule-2","67":"product_tag-pays-bas","68":"product_tag-pmc","69":"product_tag-reduction","70":"product_tag-scool","71":"product_tag-vous","72":"product_shipping_class-standard","74":"first","75":"instock","76":"taxable","77":"shipping-taxable","78":"purchasable","79":"product-type-simple"},"acf":[],"_links":{"self":[{"href":"https:\/\/esquell.eu\/fr\/wp-json\/wp\/v2\/product\/25260","targetHints":{"allow":["GET"]}}],"collection":[{"href":"https:\/\/esquell.eu\/fr\/wp-json\/wp\/v2\/product"}],"about":[{"href":"https:\/\/esquell.eu\/fr\/wp-json\/wp\/v2\/types\/product"}],"replies":[{"embeddable":true,"href":"https:\/\/esquell.eu\/fr\/wp-json\/wp\/v2\/comments?post=25260"}],"wp:featuredmedia":[{"embeddable":true,"href":"https:\/\/esquell.eu\/fr\/wp-json\/wp\/v2\/media\/25266"}],"wp:attachment":[{"href":"https:\/\/esquell.eu\/fr\/wp-json\/wp\/v2\/media?parent=25260"}],"wp:term":[{"taxonomy":"more","embeddable":true,"href":"https:\/\/esquell.eu\/fr\/wp-json\/wp\/v2\/more?post=25260"},{"taxonomy":"product_brand","embeddable":true,"href":"https:\/\/esquell.eu\/fr\/wp-json\/wp\/v2\/product_brand?post=25260"},{"taxonomy":"product_cat","embeddable":true,"href":"https:\/\/esquell.eu\/fr\/wp-json\/wp\/v2\/product_cat?post=25260"},{"taxonomy":"product_tag","embeddable":true,"href":"https:\/\/esquell.eu\/fr\/wp-json\/wp\/v2\/product_tag?post=25260"}],"curies":[{"name":"wp","href":"https:\/\/api.w.org\/{rel}","templated":true}]}}