{"id":25244,"date":"2025-04-03T09:23:20","date_gmt":"2025-04-03T09:23:20","guid":{"rendered":"https:\/\/esquell.eu\/product\/resine-uv-led-moondrop-extra-claire-et-extra-dure-30-g\/"},"modified":"2025-11-18T08:11:18","modified_gmt":"2025-11-18T08:11:18","slug":"resine-uv-led-moondrop-extra-claire-et-extra-dure-30-g","status":"publish","type":"product","link":"https:\/\/esquell.eu\/fr\/produit\/resine-uv-led-moondrop-extra-claire-et-extra-dure-30-g\/","title":{"rendered":"R\u00e9sine UV-LED Moondrop Extra claire et extra dure 30 g"},"content":{"rendered":"<div class=\"product-addition-content\">\n<p>R\u00e9sine cristalline aux propri\u00e9t\u00e9s durables et non jaunissantes.<br \/>\nR\u00e9tr\u00e9cissement et gauchissement minimaux,<br \/>\nPas de plis lors du durcissement dans un moule en silicone.<br \/>\nR\u00e9sine monocomposante durcissant \u00e0 la fois \u00e0 la lumi\u00e8re LED (405nm) et \u00e0 la lumi\u00e8re UV (36W).<br \/>\n&#8211; Couleur inalt\u00e9rable<br \/>\n&#8211; Bon r\u00e9sultat avec les moules en silicone.<\/p>\n<p>Le durcissement commence imm\u00e9diatement et s&rsquo;ach\u00e8ve en 30 \u00e0 120 secondes.<\/p>\n<p>&#8211; Exposez l&rsquo;avant et l&rsquo;arri\u00e8re \u00e0 la lumi\u00e8re UV pour assurer le durcissement \u00e0 l&rsquo;int\u00e9rieur de la r\u00e9sine. Ou travaillez en plusieurs couches minces.<br \/>\n&#8211; La courbure de la r\u00e9sine est r\u00e9duite au minimum pendant le durcissement.<br \/>\n&#8211; En raison du faible retrait de 3,5 %, le produit convient bien aux enceintes ouvertes.<br \/>\n&#8211; Le produit durcit bien \u00e0 la lumi\u00e8re du soleil \u00e9galement.<br \/>\n&#8211; La surface d&rsquo;un objet durci n&rsquo;est pas collante. <\/p>\n<p><strong>Voir les photos pour les \u00e9tiquettes de s\u00e9curit\u00e9.<\/strong><\/p>\n<p>Ingr\u00e9dients : r\u00e9sine acrylique durcissable par LED UV<\/p>\n<p>30 grammes<br \/>\nCouleur : transparent<br \/>\nTaille du flacon : 28 mm x 116 mm<br \/>\nDimensions de l&#8217;emballage : L80 x P30 x H190mm<\/p>\n<\/div>\n","protected":false},"excerpt":{"rendered":"<p>R\u00e9sine cristalline aux propri\u00e9t\u00e9s durables et non jaunissantes.<br \/>\nR\u00e9tr\u00e9cissement et gauchissement minimaux,<br \/>\nPas de plis lors du durcissement dans un moule en silicone.<br \/>\nR\u00e9sine monocomposante durcissant \u00e0 la fois \u00e0 la lumi\u00e8re LED (405nm) et \u00e0 la lumi\u00e8re UV (36W).<br \/>\n&#8211; Couleur inalt\u00e9rable<br \/>\n&#8211; Bon r\u00e9sultat avec les moules en silicone.<\/p>\n<p>&nbsp;<\/p>\n<p>Le durcissement commence imm\u00e9diatement et s&rsquo;ach\u00e8ve en 30 \u00e0 120 secondes.<\/p>\n<p>&nbsp;<\/p>\n<p>&#8211; Exposez l&rsquo;avant et l&rsquo;arri\u00e8re \u00e0 la lumi\u00e8re UV pour assurer le durcissement \u00e0 l&rsquo;int\u00e9rieur de la r\u00e9sine. Ou travaillez en plusieurs couches minces.<br \/>\n&#8211; La courbure de la r\u00e9sine est r\u00e9duite au minimum pendant le durcissement.<br \/>\n&#8211; En raison du faible retrait de 3,5 %, le produit convient bien aux enceintes ouvertes.<br \/>\n&#8211; Le produit durcit bien \u00e0 la lumi\u00e8re du soleil \u00e9galement.<br \/>\n&#8211; La surface d&rsquo;un objet durci n&rsquo;est pas collante. <\/p>\n<p>&nbsp;<\/p>\n<p><strong>Voir les photos pour les \u00e9tiquettes de s\u00e9curit\u00e9.<\/strong><\/p>\n<p>Ingr\u00e9dients : r\u00e9sine acrylique durcissable par LED UV<\/p>\n<p>30 grammes<br \/>\nCouleur : transparent<br \/>\nTaille du flacon : 28 mm x 116 mm<br \/>\nDimensions de l&#8217;emballage : L80 x P30 x H190mm<\/p>\n","protected":false},"featured_media":25245,"comment_status":"closed","ping_status":"closed","template":"","meta":{"_acf_changed":false,"_seopress_robots_primary_cat":"none","_seopress_titles_title":"","_seopress_titles_desc":"","_seopress_robots_index":""},"more":[],"product_brand":[19415],"product_cat":[11484,9873],"product_tag":[6645,6646,7929,6386,19419,6372,9787,11561,7245,12350,11505,19416,9797,19418,10147,6381,8322,19422,6643,19417,6391,9890,10148,7774,9894,8081,17671,19421,19420,7266,9892],"class_list":{"0":"post-25244","1":"product","2":"type-product","3":"status-publish","4":"has-post-thumbnail","6":"product_brand-zwajomi","7":"product_cat-adhesifs","8":"product_cat-led-et-resine-uv","9":"product_tag-a","10":"product_tag-acheter","11":"product_tag-acrylique","12":"product_tag-aida","13":"product_tag-assoiffe","14":"product_tag-bijoux","15":"product_tag-bouteille-2","16":"product_tag-chute-2","17":"product_tag-couleurs","18":"product_tag-dirige","19":"product_tag-dur","20":"product_tag-durcissement","21":"product_tag-epoxy","22":"product_tag-etoile-2","23":"product_tag-facile","24":"product_tag-japon","25":"product_tag-lampe","26":"product_tag-lumiere-du-soleil","27":"product_tag-ou","28":"product_tag-padico","29":"product_tag-pays-bas","30":"product_tag-pigment","31":"product_tag-rapide","32":"product_tag-resine","33":"product_tag-resine-2","34":"product_tag-sec","35":"product_tag-sechage-2","36":"product_tag-soleil-gueri","37":"product_tag-temps-de-durcissement","38":"product_tag-transparent","39":"product_tag-uv","40":"product_shipping_class-standard","42":"first","43":"instock","44":"taxable","45":"shipping-taxable","46":"purchasable","47":"product-type-simple"},"acf":[],"_links":{"self":[{"href":"https:\/\/esquell.eu\/fr\/wp-json\/wp\/v2\/product\/25244","targetHints":{"allow":["GET"]}}],"collection":[{"href":"https:\/\/esquell.eu\/fr\/wp-json\/wp\/v2\/product"}],"about":[{"href":"https:\/\/esquell.eu\/fr\/wp-json\/wp\/v2\/types\/product"}],"replies":[{"embeddable":true,"href":"https:\/\/esquell.eu\/fr\/wp-json\/wp\/v2\/comments?post=25244"}],"wp:featuredmedia":[{"embeddable":true,"href":"https:\/\/esquell.eu\/fr\/wp-json\/wp\/v2\/media\/25245"}],"wp:attachment":[{"href":"https:\/\/esquell.eu\/fr\/wp-json\/wp\/v2\/media?parent=25244"}],"wp:term":[{"taxonomy":"more","embeddable":true,"href":"https:\/\/esquell.eu\/fr\/wp-json\/wp\/v2\/more?post=25244"},{"taxonomy":"product_brand","embeddable":true,"href":"https:\/\/esquell.eu\/fr\/wp-json\/wp\/v2\/product_brand?post=25244"},{"taxonomy":"product_cat","embeddable":true,"href":"https:\/\/esquell.eu\/fr\/wp-json\/wp\/v2\/product_cat?post=25244"},{"taxonomy":"product_tag","embeddable":true,"href":"https:\/\/esquell.eu\/fr\/wp-json\/wp\/v2\/product_tag?post=25244"}],"curies":[{"name":"wp","href":"https:\/\/api.w.org\/{rel}","templated":true}]}}