{"id":25120,"date":"2025-04-03T09:23:07","date_gmt":"2025-04-03T09:23:07","guid":{"rendered":"https:\/\/esquell.eu\/product\/tasse-a-mesurer-tasse-a-melanger-en-silicone-745-cm\/"},"modified":"2025-04-03T09:23:07","modified_gmt":"2025-04-03T09:23:07","slug":"tasse-a-mesurer-tasse-a-melanger-en-silicone-745-cm","status":"publish","type":"product","link":"https:\/\/esquell.eu\/fr\/produit\/tasse-a-mesurer-tasse-a-melanger-en-silicone-745-cm\/","title":{"rendered":"Tasse \u00e0 mesurer \/ tasse \u00e0 m\u00e9langer en silicone 7*4,5 cm"},"content":{"rendered":"<p>Mesurez facilement les quantit\u00e9s appropri\u00e9es de r\u00e9sine UV avec ce gobelet doseur en silicone.<br \/>\nCe gobelet m\u00e9langeur est fabriqu\u00e9 en silicone, sur lequel la r\u00e9sine ne colle pas.<br \/>\nVous pouvez donc utiliser ce gobelet doseur pendant la r\u00e9alisation de votre Resin Art et le nettoyer facilement.<br \/>\nContenu 100 ml<br \/>\nDimensions 7 *4,5 cm<\/p>\n","protected":false},"excerpt":{"rendered":"<p>Mesurez facilement les quantit\u00e9s appropri\u00e9es de r\u00e9sine UV gr\u00e2ce \u00e0 ce gobelet doseur en silicone. Ce gobelet de m\u00e9lange est en silicone, ce qui permet \u00e0 la r\u00e9sine de ne pas adh\u00e9rer. Vous pouvez donc utiliser ce gobelet de mesure pendant la r\u00e9alisation de votre Resin Art et le nettoyer facilement.  <\/p>\n","protected":false},"featured_media":4215,"comment_status":"closed","ping_status":"closed","template":"","meta":{"_acf_changed":false,"_seopress_robots_primary_cat":"none","_seopress_titles_title":"","_seopress_titles_desc":"","_seopress_robots_index":""},"more":[],"product_brand":[6398],"product_cat":[9873],"product_tag":[6645,8048,6646,6939,7929,6397,6923,7098,6638,19247,19248,19230,19245,6393,7578,8075,19234,18576,7636,18889,19229,6402,8350,6641,7814,19246,12132,6389,6796,6941,6792,6716,7116,6409,8358,8236,6794,14304,6649,6706,6395,6655,6647,6724,9797,19232,19243,19241,7677,11758,7671,6785,6635,6653,19236,6712,6651,6659,6472,6789,6640,19237,8186,6661,6567,6643,7405,6636,6657,6391,6665,6710,19239,11208,6644,19238,8685,6751,7774,9894,6443,19228,6925,14735,6663,6787,9892,11627,6667],"class_list":{"0":"post-25120","1":"product","2":"type-product","3":"status-publish","4":"has-post-thumbnail","6":"product_brand-l1","7":"product_cat-led-et-resine-uv","8":"product_tag-a","9":"product_tag-a-vendre","10":"product_tag-acheter","11":"product_tag-acheter-2","12":"product_tag-acrylique","13":"product_tag-allemagne","14":"product_tag-amsterdam","15":"product_tag-anneau","16":"product_tag-anneaux","17":"product_tag-anneaux-en-epoxy","18":"product_tag-anneaux-en-resine","19":"product_tag-art-de-la-resine","20":"product_tag-art-de-la-resine-uv","21":"product_tag-belgique","22":"product_tag-bijoux-commemoratifs","23":"product_tag-bijoux-de-memoire","24":"product_tag-bijoux-en-acrylique","25":"product_tag-bijoux-en-epoxy","26":"product_tag-bijoux-en-frene-2","27":"product_tag-bijoux-en-resine-2","28":"product_tag-bijoux-en-resine-3","29":"product_tag-bon-marche","30":"product_tag-boucle-doreille","31":"product_tag-boucles-doreilles","32":"product_tag-boucles-doreilles-2","33":"product_tag-boucles-doreilles-en-resine","34":"product_tag-boucles-doreilles-epoxy","35":"product_tag-boutique-en-ligne","36":"product_tag-boutique-en-ligne-2","37":"product_tag-brabant","38":"product_tag-bracelet","39":"product_tag-breloques","40":"product_tag-breloques-2","41":"product_tag-bricolage","42":"product_tag-broche-2","43":"product_tag-broches","44":"product_tag-chaine","45":"product_tag-clous-doreilles-3","46":"product_tag-commande","47":"product_tag-commerce-de-gros","48":"product_tag-deutsland","49":"product_tag-drenthe","50":"product_tag-en-ligne","51":"product_tag-envoyer","52":"product_tag-epoxy","53":"product_tag-epoxyart","54":"product_tag-epoxybelgie","55":"product_tag-epoxynederland","56":"product_tag-fabrication-de-bijoux-par-soi-meme","57":"product_tag-facile-2","58":"product_tag-faire-soi-meme","59":"product_tag-flevoland","60":"product_tag-fournitures","61":"product_tag-frise","62":"product_tag-gobelet-de-melange","63":"product_tag-gratuit","64":"product_tag-groningue","65":"product_tag-gueldre","66":"product_tag-lart","67":"product_tag-limbourg","68":"product_tag-maison","69":"product_tag-melange-2","70":"product_tag-nettoyage","71":"product_tag-nord","72":"product_tag-offrir","73":"product_tag-ou","74":"product_tag-outil-2","75":"product_tag-outils","76":"product_tag-overijssel","77":"product_tag-pays-bas","78":"product_tag-pays-bas-2","79":"product_tag-pendentifs","80":"product_tag-personnalisation","81":"product_tag-personnel-2","82":"product_tag-pieces","83":"product_tag-pot-de-melange","84":"product_tag-prix-de-gros-3","85":"product_tag-reduction","86":"product_tag-resine","87":"product_tag-resine-2","88":"product_tag-resine-uv","89":"product_tag-reverpin","90":"product_tag-rotterdam","91":"product_tag-silicone","92":"product_tag-sud","93":"product_tag-utrecht","94":"product_tag-uv","95":"product_tag-uvresin","96":"product_tag-zelande","97":"product_shipping_class-standard","99":"first","100":"instock","101":"taxable","102":"shipping-taxable","103":"purchasable","104":"product-type-simple"},"acf":[],"_links":{"self":[{"href":"https:\/\/esquell.eu\/fr\/wp-json\/wp\/v2\/product\/25120","targetHints":{"allow":["GET"]}}],"collection":[{"href":"https:\/\/esquell.eu\/fr\/wp-json\/wp\/v2\/product"}],"about":[{"href":"https:\/\/esquell.eu\/fr\/wp-json\/wp\/v2\/types\/product"}],"replies":[{"embeddable":true,"href":"https:\/\/esquell.eu\/fr\/wp-json\/wp\/v2\/comments?post=25120"}],"wp:featuredmedia":[{"embeddable":true,"href":"https:\/\/esquell.eu\/fr\/wp-json\/wp\/v2\/media\/4215"}],"wp:attachment":[{"href":"https:\/\/esquell.eu\/fr\/wp-json\/wp\/v2\/media?parent=25120"}],"wp:term":[{"taxonomy":"more","embeddable":true,"href":"https:\/\/esquell.eu\/fr\/wp-json\/wp\/v2\/more?post=25120"},{"taxonomy":"product_brand","embeddable":true,"href":"https:\/\/esquell.eu\/fr\/wp-json\/wp\/v2\/product_brand?post=25120"},{"taxonomy":"product_cat","embeddable":true,"href":"https:\/\/esquell.eu\/fr\/wp-json\/wp\/v2\/product_cat?post=25120"},{"taxonomy":"product_tag","embeddable":true,"href":"https:\/\/esquell.eu\/fr\/wp-json\/wp\/v2\/product_tag?post=25120"}],"curies":[{"name":"wp","href":"https:\/\/api.w.org\/{rel}","templated":true}]}}