{"id":25020,"date":"2025-04-03T09:27:09","date_gmt":"2025-04-03T09:27:09","guid":{"rendered":"https:\/\/esquell.eu\/product\/ailes-de-moules-en-silicone\/"},"modified":"2025-04-03T09:27:09","modified_gmt":"2025-04-03T09:27:09","slug":"ailes-de-moules-en-silicone","status":"publish","type":"product","link":"https:\/\/esquell.eu\/fr\/produit\/ailes-de-moules-en-silicone\/","title":{"rendered":"Ailes de moules en silicone."},"content":{"rendered":"<div class=\"product-addition-content\">\n<div class=\"product-addition-content\">\n<p>Moule en silicone avec ailes, ailes d&rsquo;ange.<\/p>\n<p>Voir la 2\u00e8me photo pour les dimensions<\/p>\n<p>Convient \u00e0 tous les types d&rsquo;argile tels que :<br \/>\narguile d&rsquo;argent, argile cuivr\u00e9e, argile m\u00e9tallique, argile de bronze, argile polym\u00e8re, r\u00e9sine uv, r\u00e9sine, \u00e9poxy, fimo, cernit etc.<\/p>\n<\/div>\n<\/div>\n","protected":false},"excerpt":{"rendered":"<p>Moule en silicone avec ailes, ailes d&rsquo;ange.<\/p>\n<p>Convient \u00e0 tous les types d&rsquo;argile tels que :<br \/>\narguile d&rsquo;argent, argile cuivr\u00e9e, argile m\u00e9tallique, argile de bronze, argile polym\u00e8re, r\u00e9sine uv, r\u00e9sine, \u00e9poxy, fimo, cernit etc.<\/p>\n","protected":false},"featured_media":8245,"comment_status":"closed","ping_status":"closed","template":"","meta":{"_acf_changed":false,"_seopress_robots_primary_cat":"none","_seopress_titles_title":"","_seopress_titles_desc":"","_seopress_robots_index":""},"more":[],"product_brand":[6398],"product_cat":[15643],"product_tag":[15038,7760,19162,18511,19149,19153,6945,7045,9066,7036,6923,19154,18516,18676,6638,7096,6473,6741,6404,6420,7028,6378,6947,9115,6376,19151,6949,19158,6393,6372,6642,19157,6658,19156,7844,6402,6641,6958,9326,7582,6409,8236,7490,19152,6649,6706,18445,19160,7038,6647,7043,9797,7677,6374,18292,14658,18281,18443,9366,9069,6951,6369,6472,7121,6930,7026,7042,17446,18797,6640,7040,16283,6416,9874,15097,7034,6567,6816,19159,6391,6710,6829,7506,7774,9894,9896,6925,19155,6943,19150,14735,6408,9080,9073,7032],"class_list":{"0":"post-25020","1":"product","2":"type-product","3":"status-publish","4":"has-post-thumbnail","6":"product_brand-l1","7":"product_cat-moules","8":"product_tag-voici","9":"product_tag-achats-2","10":"product_tag-achats-dargile","11":"product_tag-ailes","12":"product_tag-ailes-3","13":"product_tag-ailes-dange","14":"product_tag-alkmaar","15":"product_tag-almelo","16":"product_tag-almere-tilburg","17":"product_tag-amersfoort","18":"product_tag-amsterdam","19":"product_tag-ange","20":"product_tag-anges","21":"product_tag-anges-2","22":"product_tag-anneaux","23":"product_tag-apeldoorn","24":"product_tag-argile-2","25":"product_tag-argile-3","26":"product_tag-argile-argentee","27":"product_tag-argile-bronze","28":"product_tag-argile-cuivreuse","29":"product_tag-argile-metallique","30":"product_tag-arnhem","31":"product_tag-art-de-largile","32":"product_tag-artclaysilver","33":"product_tag-artisan","34":"product_tag-assen","35":"product_tag-astucieux","36":"product_tag-belgique","37":"product_tag-bijoux","38":"product_tag-bijoux-2","39":"product_tag-bijoux-dart","40":"product_tag-bijoux-en-argile","41":"product_tag-bijoux-fantaisie","42":"product_tag-bon-marche-2","43":"product_tag-bon-marche","44":"product_tag-boucles-doreilles","45":"product_tag-boutique","46":"product_tag-boutique-en-ligne-dargile","47":"product_tag-breda","48":"product_tag-bricolage","49":"product_tag-broches","50":"product_tag-ceramique","51":"product_tag-cernig","52":"product_tag-commande","53":"product_tag-commerce-de-gros","54":"product_tag-cosplay","55":"product_tag-cupcake","56":"product_tag-eindhoven","57":"product_tag-en-ligne","58":"product_tag-enschede","59":"product_tag-epoxy","60":"product_tag-fabrication-de-bijoux-par-soi-meme","61":"product_tag-faire","62":"product_tag-fait-2","63":"product_tag-fait-a-la-main-2","64":"product_tag-fait-a-la-main-3","65":"product_tag-fantaisie-2","66":"product_tag-gateau","67":"product_tag-haarlem","68":"product_tag-heerenveen","69":"product_tag-largent","70":"product_tag-lart","71":"product_tag-la-haye","72":"product_tag-leeuwarden","73":"product_tag-lelystad","74":"product_tag-maastricht","75":"product_tag-magasin-dargile","76":"product_tag-magasin-dargile-2","77":"product_tag-maison","78":"product_tag-middelburg","79":"product_tag-modeles-4","80":"product_tag-modelisation","81":"product_tag-moule-2","82":"product_tag-moules-2","83":"product_tag-nijmegen","84":"product_tag-offrir","85":"product_tag-pate-polymere","86":"product_tag-pattes-doie","87":"product_tag-pays-bas","88":"product_tag-pendentifs","89":"product_tag-poubelles","90":"product_tag-pour","91":"product_tag-resine","92":"product_tag-resine-2","93":"product_tag-resine-acrylique","94":"product_tag-rotterdam","95":"product_tag-shabiller","96":"product_tag-scheveningen","97":"product_tag-silicium","98":"product_tag-silicone","99":"product_tag-vous","100":"product_tag-zaandam","101":"product_tag-zaanstad","102":"product_tag-zwolle","103":"product_shipping_class-standard","105":"first","106":"instock","107":"taxable","108":"shipping-taxable","109":"purchasable","110":"product-type-simple"},"acf":[],"_links":{"self":[{"href":"https:\/\/esquell.eu\/fr\/wp-json\/wp\/v2\/product\/25020","targetHints":{"allow":["GET"]}}],"collection":[{"href":"https:\/\/esquell.eu\/fr\/wp-json\/wp\/v2\/product"}],"about":[{"href":"https:\/\/esquell.eu\/fr\/wp-json\/wp\/v2\/types\/product"}],"replies":[{"embeddable":true,"href":"https:\/\/esquell.eu\/fr\/wp-json\/wp\/v2\/comments?post=25020"}],"wp:featuredmedia":[{"embeddable":true,"href":"https:\/\/esquell.eu\/fr\/wp-json\/wp\/v2\/media\/8245"}],"wp:attachment":[{"href":"https:\/\/esquell.eu\/fr\/wp-json\/wp\/v2\/media?parent=25020"}],"wp:term":[{"taxonomy":"more","embeddable":true,"href":"https:\/\/esquell.eu\/fr\/wp-json\/wp\/v2\/more?post=25020"},{"taxonomy":"product_brand","embeddable":true,"href":"https:\/\/esquell.eu\/fr\/wp-json\/wp\/v2\/product_brand?post=25020"},{"taxonomy":"product_cat","embeddable":true,"href":"https:\/\/esquell.eu\/fr\/wp-json\/wp\/v2\/product_cat?post=25020"},{"taxonomy":"product_tag","embeddable":true,"href":"https:\/\/esquell.eu\/fr\/wp-json\/wp\/v2\/product_tag?post=25020"}],"curies":[{"name":"wp","href":"https:\/\/api.w.org\/{rel}","templated":true}]}}