{"id":25017,"date":"2025-04-03T09:27:09","date_gmt":"2025-04-03T09:27:09","guid":{"rendered":"https:\/\/esquell.eu\/product\/moule-en-silicone-avec-differentes-roses-2\/"},"modified":"2026-03-23T20:17:48","modified_gmt":"2026-03-23T20:17:48","slug":"moule-en-silicone-avec-differentes-roses-2","status":"publish","type":"product","link":"https:\/\/esquell.eu\/fr\/produit\/moule-en-silicone-avec-differentes-roses-2\/","title":{"rendered":"Mini-moule en silicone avec diff\u00e9rentes feuilles dont la feuille de ginkgo"},"content":{"rendered":"<p>Moule en silicone pour la fabrication de feuilles diverses, fabrication de bijoux DIY, fabrication de bijoux<br \/>\ntaille du moule entier environ 6*6 cm.<br \/>\nPour les clous d&rsquo;oreilles, sur les bagues, les pendentifs etc<br \/>\nPeut \u00eatre utilis\u00e9 avec de la p\u00e2te m\u00e9tallique, de la fimo, de la p\u00e2te polym\u00e8re etc.<\/p>\n","protected":false},"excerpt":{"rendered":"<p>Moule en silicone pour la r\u00e9alisation de roses.<\/p>\n<p>La plus petite rose a un diam\u00e8tre de 9 mm, la plus grande de 30 mm.<\/p>\n<p>Pour les clous d&rsquo;oreilles, les bagues, les pendentifs, etc.<\/p>\n<p>A utiliser avec la p\u00e2te \u00e0 modeler, la fimo, la p\u00e2te polym\u00e8re, etc.<\/p>\n<p>Lorsque vous utilisez de l&rsquo;argile m\u00e9tallique, vaporisez le moule avant chaque utilisation avec la formule antiadh\u00e9sive <a href=\"?ObjectPath=\/Shops\/83636376\/Products\/AM0007\">coolslip<\/a>, qui emp\u00eache l&rsquo;argile de coller au moule.<\/p>\n<p><\/p>\n<p>Remarque : la couleur du moule peut varier.  <\/p>\n<p><\/p>\n<p><\/p>\n<p><\/p>\n","protected":false},"featured_media":31251,"comment_status":"closed","ping_status":"closed","template":"","meta":{"_acf_changed":false,"_seopress_robots_primary_cat":"none","_seopress_titles_title":"","_seopress_titles_desc":"","_seopress_robots_index":""},"more":[],"product_brand":[6398],"product_cat":[15643,11931],"product_tag":[6645,6646,6386,6945,7016,10772,6923,18827,7098,6638,6473,6404,6420,7141,7028,6378,6390,6376,6565,8422,6393,6372,6402,6641,6941,6409,6528,7770,6819,11486,13956,7104,6851,6825,9380,6655,8503,8509,7043,6374,6810,18726,22348,6813,8992,6837,6833,6785,7510,8834,6849,6653,18205,18826,6659,6951,7648,6381,6369,6634,6472,8996,6930,8501,6789,6426,6759,7031,18829,18825,17490,18836,16283,9874,18833,14829,6661,6567,6652,6643,6657,6816,6391,6665,6774,8073,11208,6536,7933,10131,6418,6751,14831,15795,6925,8511,18828,6407,18830,7429,6663,10139,6787,6408,6667,7032],"class_list":{"0":"post-25017","1":"product","2":"type-product","3":"status-publish","4":"has-post-thumbnail","6":"product_brand-l1","7":"product_cat-moules","8":"product_cat-nouveau","9":"product_tag-a","10":"product_tag-acheter","11":"product_tag-aida","12":"product_tag-alkmaar","13":"product_tag-amende-2","14":"product_tag-amende-3","15":"product_tag-amsterdam","16":"product_tag-animaux","17":"product_tag-anneau","18":"product_tag-anneaux","19":"product_tag-argile-2","20":"product_tag-argile-argentee","21":"product_tag-argile-bronze","22":"product_tag-argile-cuivree","23":"product_tag-argile-cuivreuse","24":"product_tag-argile-metallique","25":"product_tag-argile-metallique-2","26":"product_tag-artclaysilver","27":"product_tag-atelier","28":"product_tag-aussie","29":"product_tag-belgique","30":"product_tag-bijoux","31":"product_tag-bon-marche","32":"product_tag-boucles-doreilles","33":"product_tag-brabant","34":"product_tag-bricolage","35":"product_tag-bronze-2","36":"product_tag-camps","37":"product_tag-cernit","38":"product_tag-cheval","39":"product_tag-chevaux","40":"product_tag-cuivre-2","41":"product_tag-cutters","42":"product_tag-decouper-des-formes","43":"product_tag-differents","44":"product_tag-drenthe","45":"product_tag-dronten","46":"product_tag-emmeloord","47":"product_tag-enschede","48":"product_tag-faire","49":"product_tag-feuille","50":"product_tag-feuille-dautomne","51":"product_tag-feuille-de-ginko","52":"product_tag-feuilles","53":"product_tag-feuilles-2","54":"product_tag-fleur","55":"product_tag-fleurs","56":"product_tag-flevoland","57":"product_tag-flexible","58":"product_tag-flexible-2","59":"product_tag-formulaires","60":"product_tag-frise","61":"product_tag-ginkgo","62":"product_tag-groiningen","63":"product_tag-gueldre","64":"product_tag-heerenveen","65":"product_tag-idees","66":"product_tag-japon","67":"product_tag-largent","68":"product_tag-largent-3","69":"product_tag-lart","70":"product_tag-linspiration","71":"product_tag-leeuwarden","72":"product_tag-lemmer","73":"product_tag-limbourg","74":"product_tag-malleable","75":"product_tag-metal","76":"product_tag-metal-2","77":"product_tag-metal-precieux-2","78":"product_tag-metallurgie-5","79":"product_tag-modele-de-bijou-2","80":"product_tag-modele-de-bijou-6","81":"product_tag-modeles-4","82":"product_tag-moule-2","83":"product_tag-moules-pour-bijoux","84":"product_tag-nevisas","85":"product_tag-nord","86":"product_tag-offrir","87":"product_tag-orfevres","88":"product_tag-ou","89":"product_tag-overijssel","90":"product_tag-pate-polymere","91":"product_tag-pays-bas","92":"product_tag-pays-bas-2","93":"product_tag-pendentif","94":"product_tag-personnel","95":"product_tag-personnel-2","96":"product_tag-petit","97":"product_tag-petit-2","98":"product_tag-precieux","99":"product_tag-promethee","100":"product_tag-reduction","101":"product_tag-reve","102":"product_tag-rose-4","103":"product_tag-rotterdam","104":"product_tag-se-faufiler","105":"product_tag-sillicone","106":"product_tag-silverclay-co-uk","107":"product_tag-special","108":"product_tag-structures","109":"product_tag-sud","110":"product_tag-unique","111":"product_tag-utrecht","112":"product_tag-vous","113":"product_tag-zelande","114":"product_tag-zwolle","115":"product_shipping_class-standard","117":"first","118":"instock","119":"taxable","120":"shipping-taxable","121":"purchasable","122":"product-type-simple"},"acf":[],"_links":{"self":[{"href":"https:\/\/esquell.eu\/fr\/wp-json\/wp\/v2\/product\/25017","targetHints":{"allow":["GET"]}}],"collection":[{"href":"https:\/\/esquell.eu\/fr\/wp-json\/wp\/v2\/product"}],"about":[{"href":"https:\/\/esquell.eu\/fr\/wp-json\/wp\/v2\/types\/product"}],"replies":[{"embeddable":true,"href":"https:\/\/esquell.eu\/fr\/wp-json\/wp\/v2\/comments?post=25017"}],"wp:featuredmedia":[{"embeddable":true,"href":"https:\/\/esquell.eu\/fr\/wp-json\/wp\/v2\/media\/31251"}],"wp:attachment":[{"href":"https:\/\/esquell.eu\/fr\/wp-json\/wp\/v2\/media?parent=25017"}],"wp:term":[{"taxonomy":"more","embeddable":true,"href":"https:\/\/esquell.eu\/fr\/wp-json\/wp\/v2\/more?post=25017"},{"taxonomy":"product_brand","embeddable":true,"href":"https:\/\/esquell.eu\/fr\/wp-json\/wp\/v2\/product_brand?post=25017"},{"taxonomy":"product_cat","embeddable":true,"href":"https:\/\/esquell.eu\/fr\/wp-json\/wp\/v2\/product_cat?post=25017"},{"taxonomy":"product_tag","embeddable":true,"href":"https:\/\/esquell.eu\/fr\/wp-json\/wp\/v2\/product_tag?post=25017"}],"curies":[{"name":"wp","href":"https:\/\/api.w.org\/{rel}","templated":true}]}}