{"id":24971,"date":"2025-04-03T09:27:09","date_gmt":"2025-04-03T09:27:09","guid":{"rendered":"https:\/\/esquell.eu\/product\/guitares-de-moules-en-silicone\/"},"modified":"2025-04-03T09:27:09","modified_gmt":"2025-04-03T09:27:09","slug":"guitares-de-moules-en-silicone","status":"publish","type":"product","link":"https:\/\/esquell.eu\/fr\/produit\/guitares-de-moules-en-silicone\/","title":{"rendered":"Guitares de moules en silicone."},"content":{"rendered":"<p>Moules en silicone pour guitares et violons. Petits moules pour la fabrication de bijoux. <\/p>\n<p>Convient \u00e0 l&rsquo;\u00e9poxy, \u00e0 toutes sortes d&rsquo;argiles telles que l&rsquo;arguile d&rsquo;argent, l&rsquo;argile cuivreuse, l&rsquo;argile bronze, la r\u00e9sine UV, l&rsquo;argile polym\u00e8re, le cernit, la fimo, la r\u00e9sine, la r\u00e9sine acrylique, etc.<\/p>\n<p>Pour les tailles, voir les photos<\/p>\n","protected":false},"excerpt":{"rendered":"<p>Guitares en silicone. Petites guitares. <\/p>\n<p>Convient \u00e0 l&rsquo;\u00e9poxy, \u00e0 toutes sortes d&rsquo;argiles telles que l&rsquo;arguile d&rsquo;argent, l&rsquo;argile cuivreuse, l&rsquo;argile bronze, la r\u00e9sine UV, l&rsquo;argile polym\u00e8re, le cernit, la fimo, la r\u00e9sine, la r\u00e9sine acrylique, etc.<\/p>\n<p>Pour les tailles, voir la photo.<\/p>\n","protected":false},"featured_media":3905,"comment_status":"closed","ping_status":"closed","template":"","meta":{"_acf_changed":false,"_seopress_robots_primary_cat":"none","_seopress_titles_title":"","_seopress_titles_desc":"","_seopress_robots_index":""},"more":[],"product_brand":[],"product_cat":[15643],"product_tag":[15038,6470,6645,7760,6646,6939,7929,6945,7045,9066,12947,7036,18282,6923,7096,8401,9803,6947,9115,17395,6405,6376,6949,9666,6658,7582,6412,7546,18288,7778,6650,7498,7047,8489,9652,8616,9086,9088,7038,8492,6647,7043,9797,11152,19100,19106,19101,9069,9082,6951,18280,18294,6369,6550,7121,6930,18284,7026,11157,19103,7042,6640,7040,16283,9874,18407,15097,19102,11917,7034,6643,6774,19104,6927,12948,7774,9894,9896,9297,11156,6925,6943,19108,8815,8495,18286,9092,9080,9073,8819,9084,7032],"class_list":{"0":"post-24971","1":"product","2":"type-product","3":"status-publish","4":"has-post-thumbnail","6":"product_cat-moules","7":"product_tag-voici","8":"product_tag-6470","9":"product_tag-a","10":"product_tag-achats-2","11":"product_tag-acheter","12":"product_tag-acheter-2","13":"product_tag-acrylique","14":"product_tag-alkmaar","15":"product_tag-almelo","16":"product_tag-almere-tilburg","17":"product_tag-alphen-aan-den-rijn","18":"product_tag-amersfoort","19":"product_tag-amstelveen","20":"product_tag-amsterdam","21":"product_tag-apeldoorn","22":"product_tag-argile-artistique","23":"product_tag-argile-artistique-2","24":"product_tag-arnhem","25":"product_tag-art-de-largile","26":"product_tag-art-de-largile-2","27":"product_tag-artclay","28":"product_tag-artclaysilver","29":"product_tag-assen","30":"product_tag-bergen-op-zoom","31":"product_tag-bijoux-en-argile","32":"product_tag-breda","33":"product_tag-bronze","34":"product_tag-bronze-3","35":"product_tag-capelle-aan-den-ijssel","36":"product_tag-corne","37":"product_tag-cuivre","38":"product_tag-cuivre-3","39":"product_tag-delft","40":"product_tag-den-bosch","41":"product_tag-den-helder","42":"product_tag-deventer","43":"product_tag-dordrecht","44":"product_tag-ede","45":"product_tag-eindhoven","46":"product_tag-emmen","47":"product_tag-en-ligne","48":"product_tag-enschede","49":"product_tag-epoxy","50":"product_tag-gouda","51":"product_tag-guitare","52":"product_tag-guitare-argentee","53":"product_tag-guitares","54":"product_tag-haarlem","55":"product_tag-haarlemmermeer","56":"product_tag-heerenveen","57":"product_tag-hengelo","58":"product_tag-katwijk","59":"product_tag-largent","60":"product_tag-largent-2","61":"product_tag-la-haye","62":"product_tag-leeuwarden","63":"product_tag-leidschendam","64":"product_tag-lelystad","65":"product_tag-les-chiffres","66":"product_tag-les-instruments-de-musique","67":"product_tag-maastricht","68":"product_tag-maison","69":"product_tag-middelburg","70":"product_tag-modeles-4","71":"product_tag-moule-2","72":"product_tag-moule-en-silicone","73":"product_tag-moules-2","74":"product_tag-musique","75":"product_tag-nieuwegein","76":"product_tag-nijmegen","77":"product_tag-ou","78":"product_tag-pendentif","79":"product_tag-pendentif-guitare","80":"product_tag-plomb","81":"product_tag-purmerend","82":"product_tag-resine","83":"product_tag-resine-2","84":"product_tag-resine-acrylique","85":"product_tag-roermond","86":"product_tag-roosendaal","87":"product_tag-rotterdam","88":"product_tag-scheveningen","89":"product_tag-sittardl","90":"product_tag-veenendaal","91":"product_tag-venlo","92":"product_tag-vlaardingen","93":"product_tag-westland","94":"product_tag-zaandam","95":"product_tag-zaanstad","96":"product_tag-zeist","97":"product_tag-zoetermeer","98":"product_tag-zwolle","99":"product_shipping_class-standard","101":"first","102":"instock","103":"taxable","104":"shipping-taxable","105":"purchasable","106":"product-type-simple"},"acf":[],"_links":{"self":[{"href":"https:\/\/esquell.eu\/fr\/wp-json\/wp\/v2\/product\/24971","targetHints":{"allow":["GET"]}}],"collection":[{"href":"https:\/\/esquell.eu\/fr\/wp-json\/wp\/v2\/product"}],"about":[{"href":"https:\/\/esquell.eu\/fr\/wp-json\/wp\/v2\/types\/product"}],"replies":[{"embeddable":true,"href":"https:\/\/esquell.eu\/fr\/wp-json\/wp\/v2\/comments?post=24971"}],"wp:featuredmedia":[{"embeddable":true,"href":"https:\/\/esquell.eu\/fr\/wp-json\/wp\/v2\/media\/3905"}],"wp:attachment":[{"href":"https:\/\/esquell.eu\/fr\/wp-json\/wp\/v2\/media?parent=24971"}],"wp:term":[{"taxonomy":"more","embeddable":true,"href":"https:\/\/esquell.eu\/fr\/wp-json\/wp\/v2\/more?post=24971"},{"taxonomy":"product_brand","embeddable":true,"href":"https:\/\/esquell.eu\/fr\/wp-json\/wp\/v2\/product_brand?post=24971"},{"taxonomy":"product_cat","embeddable":true,"href":"https:\/\/esquell.eu\/fr\/wp-json\/wp\/v2\/product_cat?post=24971"},{"taxonomy":"product_tag","embeddable":true,"href":"https:\/\/esquell.eu\/fr\/wp-json\/wp\/v2\/product_tag?post=24971"}],"curies":[{"name":"wp","href":"https:\/\/api.w.org\/{rel}","templated":true}]}}