{"id":24951,"date":"2025-04-03T09:27:09","date_gmt":"2025-04-03T09:27:09","guid":{"rendered":"https:\/\/esquell.eu\/product\/moule-en-silicone-feuilles-feuille-derable\/"},"modified":"2025-04-03T09:27:09","modified_gmt":"2025-04-03T09:27:09","slug":"moule-en-silicone-feuilles-feuille-derable","status":"publish","type":"product","link":"https:\/\/esquell.eu\/fr\/produit\/moule-en-silicone-feuilles-feuille-derable\/","title":{"rendered":"Moule en silicone feuilles Feuille d&rsquo;\u00e9rable"},"content":{"rendered":"<p>Moule en silicone avec diff\u00e9rentes feuilles.<\/p>\n<p>Les plus petites feuilles mesurent 8 mm. Les plus grandes mesurent 30 mm. <\/p>\n<p>Dimensions du moule entier, voir photos<\/p>\n<p>Pour les clous d&rsquo;oreilles, les pendentifs, les breloques, les bagues, etc.<\/p>\n<p>A utiliser avec la p\u00e2te \u00e0 modeler, la p\u00e2te d&rsquo;argent, la p\u00e2te de bronze, la p\u00e2te de cuivre, la p\u00e2te fimo, la p\u00e2te polym\u00e8re, le cernit, etc.<\/p>\n","protected":false},"excerpt":{"rendered":"<p>Moule en silicone avec diff\u00e9rentes feuilles.<\/p>\n<p>Les plus petites feuilles mesurent 8 mm. Les plus grandes mesurent 30 mm. <\/p>\n<p>Pour les clous d&rsquo;oreilles, les pendentifs, les breloques, les bagues, etc.<\/p>\n<p>A utiliser avec la p\u00e2te \u00e0 modeler, la p\u00e2te d&rsquo;argent, la p\u00e2te de bronze, la p\u00e2te de cuivre, la p\u00e2te fimo, la p\u00e2te polym\u00e8re, le cernit, etc.<\/p>\n<p>Vaporisez toujours la formule antiadh\u00e9sive coolslip avant de l&rsquo;utiliser. Cela emp\u00eache l&rsquo;argile de coller aux moules. <\/p>\n","protected":false},"featured_media":3908,"comment_status":"closed","ping_status":"closed","template":"","meta":{"_acf_changed":false,"_seopress_robots_primary_cat":"none","_seopress_titles_title":"","_seopress_titles_desc":"","_seopress_robots_index":""},"more":[],"product_brand":[],"product_cat":[15643],"product_tag":[6645,8284,6646,6939,6388,6404,6393,19093,6649,6647,19092,6810,6813,6815,7510,8834,7679,19095,19094,16283,9874,15097,6643,6391,7774,14735],"class_list":{"0":"post-24951","1":"product","2":"type-product","3":"status-publish","4":"has-post-thumbnail","6":"product_cat-moules","7":"product_tag-a","8":"product_tag-achats-3","9":"product_tag-acheter","10":"product_tag-acheter-2","11":"product_tag-argile","12":"product_tag-argile-argentee","13":"product_tag-belgique","14":"product_tag-chene","15":"product_tag-commande","16":"product_tag-en-ligne","17":"product_tag-erable","18":"product_tag-feuille","19":"product_tag-feuilles","20":"product_tag-fimo","21":"product_tag-flexible","22":"product_tag-flexible-2","23":"product_tag-google","24":"product_tag-hetre","25":"product_tag-houx","26":"product_tag-modeles-4","27":"product_tag-moule-2","28":"product_tag-moules-2","29":"product_tag-ou","30":"product_tag-pays-bas","31":"product_tag-resine","32":"product_tag-silicone","33":"product_shipping_class-standard","35":"first","36":"instock","37":"taxable","38":"shipping-taxable","39":"purchasable","40":"product-type-simple"},"acf":[],"_links":{"self":[{"href":"https:\/\/esquell.eu\/fr\/wp-json\/wp\/v2\/product\/24951","targetHints":{"allow":["GET"]}}],"collection":[{"href":"https:\/\/esquell.eu\/fr\/wp-json\/wp\/v2\/product"}],"about":[{"href":"https:\/\/esquell.eu\/fr\/wp-json\/wp\/v2\/types\/product"}],"replies":[{"embeddable":true,"href":"https:\/\/esquell.eu\/fr\/wp-json\/wp\/v2\/comments?post=24951"}],"wp:featuredmedia":[{"embeddable":true,"href":"https:\/\/esquell.eu\/fr\/wp-json\/wp\/v2\/media\/3908"}],"wp:attachment":[{"href":"https:\/\/esquell.eu\/fr\/wp-json\/wp\/v2\/media?parent=24951"}],"wp:term":[{"taxonomy":"more","embeddable":true,"href":"https:\/\/esquell.eu\/fr\/wp-json\/wp\/v2\/more?post=24951"},{"taxonomy":"product_brand","embeddable":true,"href":"https:\/\/esquell.eu\/fr\/wp-json\/wp\/v2\/product_brand?post=24951"},{"taxonomy":"product_cat","embeddable":true,"href":"https:\/\/esquell.eu\/fr\/wp-json\/wp\/v2\/product_cat?post=24951"},{"taxonomy":"product_tag","embeddable":true,"href":"https:\/\/esquell.eu\/fr\/wp-json\/wp\/v2\/product_tag?post=24951"}],"curies":[{"name":"wp","href":"https:\/\/api.w.org\/{rel}","templated":true}]}}