{"id":24934,"date":"2025-04-03T09:27:09","date_gmt":"2025-04-03T09:27:09","guid":{"rendered":"https:\/\/esquell.eu\/product\/moule-en-silicone-pour-colombes\/"},"modified":"2025-04-03T09:27:09","modified_gmt":"2025-04-03T09:27:09","slug":"moule-en-silicone-pour-colombes","status":"publish","type":"product","link":"https:\/\/esquell.eu\/fr\/produit\/moule-en-silicone-pour-colombes\/","title":{"rendered":"Moule en silicone pour colombes"},"content":{"rendered":"<p>Moule en silicone pour colombes.<br \/>\nPetites colombes. colombe. <\/p>\n<p>Dimensions voir photos<\/p>\n<p>Convient pour l&rsquo;argile, la r\u00e9sine, l&rsquo;\u00e9poxy, la fabrication de g\u00e2teaux, etc.<\/p>\n","protected":false},"excerpt":{"rendered":"<p>Moule en silicone pour colombes.  <\/p>\n<p>Convient pour l&rsquo;argile, la r\u00e9sine, l&rsquo;\u00e9poxy, la fabrication de g\u00e2teaux, etc.  <\/p>\n","protected":false},"featured_media":3912,"comment_status":"closed","ping_status":"closed","template":"","meta":{"_acf_changed":false,"_seopress_robots_primary_cat":"none","_seopress_titles_title":"","_seopress_titles_desc":"","_seopress_robots_index":""},"more":[],"product_brand":[],"product_cat":[15643],"product_tag":[6645,6646,6386,6388,6404,6378,6376,6372,6642,6409,6706,19080,9797,6374,6381,6640,9874,19075,6643,19079,19076,8809,7774,14735,19078],"class_list":{"0":"post-24934","1":"product","2":"type-product","3":"status-publish","4":"has-post-thumbnail","6":"product_cat-moules","7":"product_tag-a","8":"product_tag-acheter","9":"product_tag-aida","10":"product_tag-argile","11":"product_tag-argile-argentee","12":"product_tag-argile-metallique","13":"product_tag-artclaysilver","14":"product_tag-bijoux","15":"product_tag-bijoux-2","16":"product_tag-bricolage","17":"product_tag-commerce-de-gros","18":"product_tag-distirubteur","19":"product_tag-epoxy","20":"product_tag-faire","21":"product_tag-japon","22":"product_tag-maison","23":"product_tag-moule-2","24":"product_tag-oiseaux","25":"product_tag-ou","26":"product_tag-petit-oiseau","27":"product_tag-pigeon","28":"product_tag-pigeons","29":"product_tag-resine","30":"product_tag-silicone","31":"product_tag-suiveur","32":"product_shipping_class-standard","34":"first","35":"instock","36":"taxable","37":"shipping-taxable","38":"purchasable","39":"product-type-simple"},"acf":[],"_links":{"self":[{"href":"https:\/\/esquell.eu\/fr\/wp-json\/wp\/v2\/product\/24934","targetHints":{"allow":["GET"]}}],"collection":[{"href":"https:\/\/esquell.eu\/fr\/wp-json\/wp\/v2\/product"}],"about":[{"href":"https:\/\/esquell.eu\/fr\/wp-json\/wp\/v2\/types\/product"}],"replies":[{"embeddable":true,"href":"https:\/\/esquell.eu\/fr\/wp-json\/wp\/v2\/comments?post=24934"}],"wp:featuredmedia":[{"embeddable":true,"href":"https:\/\/esquell.eu\/fr\/wp-json\/wp\/v2\/media\/3912"}],"wp:attachment":[{"href":"https:\/\/esquell.eu\/fr\/wp-json\/wp\/v2\/media?parent=24934"}],"wp:term":[{"taxonomy":"more","embeddable":true,"href":"https:\/\/esquell.eu\/fr\/wp-json\/wp\/v2\/more?post=24934"},{"taxonomy":"product_brand","embeddable":true,"href":"https:\/\/esquell.eu\/fr\/wp-json\/wp\/v2\/product_brand?post=24934"},{"taxonomy":"product_cat","embeddable":true,"href":"https:\/\/esquell.eu\/fr\/wp-json\/wp\/v2\/product_cat?post=24934"},{"taxonomy":"product_tag","embeddable":true,"href":"https:\/\/esquell.eu\/fr\/wp-json\/wp\/v2\/product_tag?post=24934"}],"curies":[{"name":"wp","href":"https:\/\/api.w.org\/{rel}","templated":true}]}}