{"id":24867,"date":"2025-04-03T09:25:46","date_gmt":"2025-04-03T09:25:46","guid":{"rendered":"https:\/\/esquell.eu\/product\/moule-en-silicone-branche-avec-feuilles\/"},"modified":"2025-04-03T09:25:46","modified_gmt":"2025-04-03T09:25:46","slug":"moule-en-silicone-branche-avec-feuilles","status":"publish","type":"product","link":"https:\/\/esquell.eu\/fr\/produit\/moule-en-silicone-branche-avec-feuilles\/","title":{"rendered":"Moule en silicone branche avec feuilles"},"content":{"rendered":"<p>Gabarit 3D en silicone pour la fabrication de brindilles.<\/p>\n<p>Longueur de la brindille environ 5cm.<\/p>\n<p>Si vous utilisez de la p\u00e2te m\u00e9tallique, vaporisez d&rsquo;abord de l&rsquo;antiadh\u00e9sif coolslip ou de l&rsquo;huile d&rsquo;olive.<br \/>\nSi vous utilisez d&rsquo;autres types de p\u00e2te, utilisez du talc, par exemple, comme antiadh\u00e9sif.<br \/>\nConvient \u00e0 la p\u00e2te argent\u00e9e, \u00e0 la p\u00e2te de bronze, \u00e0 la p\u00e2te de cuivre, \u00e0 la r\u00e9sine, \u00e0 la r\u00e9sine UV, \u00e0 la fimo, aux polym\u00e8res.<\/p>\n","protected":false},"excerpt":{"rendered":"<p>Gabarit 3D en silicone pour faire des brindilles.<\/p>\n<p>Longueur de la brindille environ 5cm.<\/p>\n<p>Si vous utilisez de l&rsquo;argile m\u00e9tallique, vaporisez d&rsquo;abord de l&rsquo;antiadh\u00e9sif coolslip ou de l&rsquo;huile d&rsquo;olive.<br \/>\nSi vous utilisez d&rsquo;autres types d&rsquo;argile, par exemple, utilisez du talc comme antiadh\u00e9sif.<br \/>\nConvient \u00e0 l&rsquo;arguile d&rsquo;argent, \u00e0 l&rsquo;argile bronze, \u00e0 l&rsquo;argile cuivre, \u00e0 la r\u00e9sine, \u00e0 la r\u00e9sine UV, \u00e0 la fimo, \u00e0 l&rsquo;argile polym\u00e8re, \u00e0 la p\u00e2te \u00e0 modeler, etc.<\/p>\n","protected":false},"featured_media":8271,"comment_status":"closed","ping_status":"closed","template":"","meta":{"_acf_changed":false,"_seopress_robots_primary_cat":"none","_seopress_titles_title":"","_seopress_titles_desc":"","_seopress_robots_index":""},"more":[],"product_brand":[6398],"product_cat":[15643],"product_tag":[8441,6945,7024,7036,6923,7098,6638,12830,6931,7096,19029,6947,6949,19028,6393,6372,6642,6658,7548,6641,19019,8426,6941,6409,18549,6935,13734,7770,10848,11335,7762,7778,7047,7053,19024,6655,8509,8492,11149,7043,7766,13278,7677,19023,6374,6813,6785,6859,6849,6653,19021,6933,6651,6659,6951,7049,7120,7645,7121,6930,7026,8501,6789,7042,19026,8497,16283,9874,18407,15097,18706,19025,6661,7051,6937,6657,6391,6665,6774,8796,6927,19027,7094,6925,6943,14735,15649,6663,9295,7764,6787,7102,8495,6408,19017,6667,7032],"class_list":{"0":"post-24867","1":"product","2":"type-product","3":"status-publish","4":"has-post-thumbnail","6":"product_brand-l1","7":"product_cat-moules","8":"product_tag-3d","9":"product_tag-alkmaar","10":"product_tag-almere","11":"product_tag-amersfoort","12":"product_tag-amsterdam","13":"product_tag-anneau","14":"product_tag-anneaux","15":"product_tag-anneaux-dargile","16":"product_tag-anvers","17":"product_tag-apeldoorn","18":"product_tag-appingedam","19":"product_tag-arnhem","20":"product_tag-assen","21":"product_tag-baarn","22":"product_tag-belgique","23":"product_tag-bijoux","24":"product_tag-bijoux-2","25":"product_tag-bijoux-en-argile","26":"product_tag-bijoux-en-argile-2","27":"product_tag-boucles-doreilles","28":"product_tag-boucles-doreilles-7","29":"product_tag-boucles-doreilles-en-argile","30":"product_tag-brabant","31":"product_tag-bricolage","32":"product_tag-brin","33":"product_tag-bruxelles","34":"product_tag-callantsoog","35":"product_tag-camps","36":"product_tag-caoutchouc","37":"product_tag-caoutchouc-2","38":"product_tag-coevorden","39":"product_tag-corne","40":"product_tag-delft","41":"product_tag-delftzijl","42":"product_tag-diysiraden","43":"product_tag-drenthe","44":"product_tag-emmeloord","45":"product_tag-emmen","46":"product_tag-enkhuizen","47":"product_tag-enschede","48":"product_tag-etreilen","49":"product_tag-fabrication-de-bagues","50":"product_tag-fabrication-de-bijoux-par-soi-meme","51":"product_tag-fabrication-de-pendentifs","52":"product_tag-faire","53":"product_tag-feuilles","54":"product_tag-flevoland","55":"product_tag-formulaire","56":"product_tag-formulaires","57":"product_tag-frise","58":"product_tag-gabarit-en-silicone","59":"product_tag-gentilhomme","60":"product_tag-groningue","61":"product_tag-gueldre","62":"product_tag-heerenveen","63":"product_tag-hilversum","64":"product_tag-hoogeveen","65":"product_tag-iles","66":"product_tag-la-haye","67":"product_tag-leeuwarden","68":"product_tag-lelystad","69":"product_tag-lemmer","70":"product_tag-limbourg","71":"product_tag-maastricht","72":"product_tag-maisons","73":"product_tag-meppel","74":"product_tag-modeles-4","75":"product_tag-moule-2","76":"product_tag-moule-en-silicone","77":"product_tag-moules-2","78":"product_tag-moules-en-silicone-3","79":"product_tag-nijimegen","80":"product_tag-nord","81":"product_tag-oss","82":"product_tag-ostende","83":"product_tag-overijssel","84":"product_tag-pays-bas","85":"product_tag-pays-bas-2","86":"product_tag-pendentif","87":"product_tag-perdant","88":"product_tag-plomb","89":"product_tag-poils","90":"product_tag-pont","91":"product_tag-rotterdam","92":"product_tag-scheveningen","93":"product_tag-silicone","94":"product_tag-silicone-3","95":"product_tag-sud","96":"product_tag-tiel","97":"product_tag-urk","98":"product_tag-utrecht","99":"product_tag-vasieres","100":"product_tag-venlo","101":"product_tag-vous","102":"product_tag-zeewolde","103":"product_tag-zelande","104":"product_tag-zwolle","105":"product_shipping_class-standard","107":"first","108":"instock","109":"taxable","110":"shipping-taxable","111":"purchasable","112":"product-type-simple"},"acf":[],"_links":{"self":[{"href":"https:\/\/esquell.eu\/fr\/wp-json\/wp\/v2\/product\/24867","targetHints":{"allow":["GET"]}}],"collection":[{"href":"https:\/\/esquell.eu\/fr\/wp-json\/wp\/v2\/product"}],"about":[{"href":"https:\/\/esquell.eu\/fr\/wp-json\/wp\/v2\/types\/product"}],"replies":[{"embeddable":true,"href":"https:\/\/esquell.eu\/fr\/wp-json\/wp\/v2\/comments?post=24867"}],"wp:featuredmedia":[{"embeddable":true,"href":"https:\/\/esquell.eu\/fr\/wp-json\/wp\/v2\/media\/8271"}],"wp:attachment":[{"href":"https:\/\/esquell.eu\/fr\/wp-json\/wp\/v2\/media?parent=24867"}],"wp:term":[{"taxonomy":"more","embeddable":true,"href":"https:\/\/esquell.eu\/fr\/wp-json\/wp\/v2\/more?post=24867"},{"taxonomy":"product_brand","embeddable":true,"href":"https:\/\/esquell.eu\/fr\/wp-json\/wp\/v2\/product_brand?post=24867"},{"taxonomy":"product_cat","embeddable":true,"href":"https:\/\/esquell.eu\/fr\/wp-json\/wp\/v2\/product_cat?post=24867"},{"taxonomy":"product_tag","embeddable":true,"href":"https:\/\/esquell.eu\/fr\/wp-json\/wp\/v2\/product_tag?post=24867"}],"curies":[{"name":"wp","href":"https:\/\/api.w.org\/{rel}","templated":true}]}}