{"id":24854,"date":"2025-04-03T09:25:46","date_gmt":"2025-04-03T09:25:46","guid":{"rendered":"https:\/\/esquell.eu\/product\/moule-en-silicone-libellule-libellule\/"},"modified":"2025-11-20T23:50:44","modified_gmt":"2025-11-20T23:50:44","slug":"moule-en-silicone-libellule-libellule","status":"publish","type":"product","link":"https:\/\/esquell.eu\/fr\/produit\/moule-en-silicone-libellule-libellule\/","title":{"rendered":"Moule en silicone libellule &#8211; libellule"},"content":{"rendered":"<p>Moule en silicone avec libellule, mouche du dragon.<\/p>\n<p>Pour les tailles, voir les photos<\/p>\n<p>Convient \u00e0 l&rsquo;argile argent\u00e9e, \u00e0 l&rsquo;argile m\u00e9tallique, \u00e0 l&rsquo;argile, \u00e0 la r\u00e9sine UV, \u00e0 la r\u00e9sine, \u00e0 l&rsquo;acrylique, \u00e0 l&rsquo;\u00e9poxy, etc.<\/p>\n<p>Avant d&rsquo;utiliser la p\u00e2te d&rsquo;argent, vaporisez d&rsquo;abord un produit antiadh\u00e9sif. Par exemple, de l&rsquo;huile d&rsquo;olive ou <strong>Coolslip<\/strong> <\/p>\n","protected":false},"excerpt":{"rendered":"<p>Moule en silicone avec libellule, mouche du dragon.<\/p>\n<p>Pour les tailles, voir les photos<\/p>\n<p>Convient \u00e0 l&rsquo;argile argent\u00e9e, \u00e0 l&rsquo;argile m\u00e9tallique, \u00e0 l&rsquo;argile, \u00e0 la r\u00e9sine UV, \u00e0 la r\u00e9sine, \u00e0 l&rsquo;acrylique, \u00e0 l&rsquo;\u00e9poxy, etc.<\/p>\n<p>Avant d&rsquo;utiliser la p\u00e2te d&rsquo;argent, vaporisez d&rsquo;abord un produit antiadh\u00e9sif. Par exemple, de l&rsquo;huile d&rsquo;olive ou du <strong><a href=\"https:\/\/www.esquell.nl\/p\/coolslip-antiplak-formule\">Coolslip<\/a><\/strong> <\/p>\n","protected":false},"featured_media":24856,"comment_status":"closed","ping_status":"closed","template":"","meta":{"_acf_changed":false,"_seopress_robots_primary_cat":"none","_seopress_titles_title":"","_seopress_titles_desc":"","_seopress_robots_index":""},"more":[],"product_brand":[6398],"product_cat":[15643,6809],"product_tag":[7098,6638,9799,18992,6393,6372,19001,19615,6641,8026,6716,6409,8358,6772,18995,18445,18997,6374,12394,6401,7479,7417,10287,18444,18577,6400,6656,6640,9874,15097,6391,6710,14735,18999,6408],"class_list":{"0":"post-24854","1":"product","2":"type-product","3":"status-publish","4":"has-post-thumbnail","6":"product_brand-l1","7":"product_cat-moules","8":"product_cat-vente","9":"product_tag-anneau","10":"product_tag-anneaux","11":"product_tag-antiadhesif","12":"product_tag-begium","13":"product_tag-belgique","14":"product_tag-bijoux","15":"product_tag-bijoux-cosplay","16":"product_tag-bijoux-cosplay-2","17":"product_tag-boucles-doreilles","18":"product_tag-boutons","19":"product_tag-breloques","20":"product_tag-bricolage","21":"product_tag-broche-2","22":"product_tag-charme","23":"product_tag-coolsslip","24":"product_tag-cosplay","25":"product_tag-estragon","26":"product_tag-faire","27":"product_tag-fantaisie","28":"product_tag-france","29":"product_tag-france-2","30":"product_tag-glissiere-de-securite","31":"product_tag-hager","32":"product_tag-libellule","33":"product_tag-libellule-2","34":"product_tag-luxembourg","35":"product_tag-luxembourg-2","36":"product_tag-maison","37":"product_tag-moule-2","38":"product_tag-moules-2","39":"product_tag-pays-bas","40":"product_tag-pendentifs","41":"product_tag-silicone","42":"product_tag-voler-4","43":"product_tag-vous","44":"product_shipping_class-standard","46":"first","47":"outofstock","48":"sale","49":"taxable","50":"shipping-taxable","51":"purchasable","52":"product-type-simple"},"acf":[],"_links":{"self":[{"href":"https:\/\/esquell.eu\/fr\/wp-json\/wp\/v2\/product\/24854","targetHints":{"allow":["GET"]}}],"collection":[{"href":"https:\/\/esquell.eu\/fr\/wp-json\/wp\/v2\/product"}],"about":[{"href":"https:\/\/esquell.eu\/fr\/wp-json\/wp\/v2\/types\/product"}],"replies":[{"embeddable":true,"href":"https:\/\/esquell.eu\/fr\/wp-json\/wp\/v2\/comments?post=24854"}],"wp:featuredmedia":[{"embeddable":true,"href":"https:\/\/esquell.eu\/fr\/wp-json\/wp\/v2\/media\/24856"}],"wp:attachment":[{"href":"https:\/\/esquell.eu\/fr\/wp-json\/wp\/v2\/media?parent=24854"}],"wp:term":[{"taxonomy":"more","embeddable":true,"href":"https:\/\/esquell.eu\/fr\/wp-json\/wp\/v2\/more?post=24854"},{"taxonomy":"product_brand","embeddable":true,"href":"https:\/\/esquell.eu\/fr\/wp-json\/wp\/v2\/product_brand?post=24854"},{"taxonomy":"product_cat","embeddable":true,"href":"https:\/\/esquell.eu\/fr\/wp-json\/wp\/v2\/product_cat?post=24854"},{"taxonomy":"product_tag","embeddable":true,"href":"https:\/\/esquell.eu\/fr\/wp-json\/wp\/v2\/product_tag?post=24854"}],"curies":[{"name":"wp","href":"https:\/\/api.w.org\/{rel}","templated":true}]}}