{"id":24821,"date":"2025-04-03T09:25:46","date_gmt":"2025-04-03T09:25:46","guid":{"rendered":"https:\/\/esquell.eu\/product\/moule-en-silicone-pour-petits-oiseaux\/"},"modified":"2026-03-23T20:17:49","modified_gmt":"2026-03-23T20:17:49","slug":"moule-en-silicone-pour-petits-oiseaux","status":"publish","type":"product","link":"https:\/\/esquell.eu\/fr\/produit\/moule-en-silicone-pour-petits-oiseaux\/","title":{"rendered":"Moule en silicone \u00e9l\u00e9phants 2"},"content":{"rendered":"<p>Moule en silicone pour \u00e9l\u00e9phants<br \/>\nTaille du moule environ 8*4,5 cm<\/p>\n<p>Peut \u00eatre utilis\u00e9 avec de la p\u00e2te \u00e0 modeler, de la fimo, de la p\u00e2te polym\u00e8re, etc.<\/p>\n<p>Si vous utilisez de la p\u00e2te \u00e0 modeler, vaporisez le moule \u00e0 chaque fois avant de l&rsquo;utiliser avec la formule antiadh\u00e9sive coolslip pour \u00e9viter que la p\u00e2te \u00e0 modeler ne colle au moule.<\/p>\n","protected":false},"excerpt":{"rendered":"<p>Moule en silicone pour \u00e9l\u00e9phants<br \/>\nTaille du moule environ 8*4,5 cm<\/p>\n<p>Peut \u00eatre utilis\u00e9 avec de la p\u00e2te \u00e0 modeler, de la fimo, de la p\u00e2te polym\u00e8re, etc.<\/p>\n<p>Si vous utilisez de la p\u00e2te \u00e0 modeler, vaporisez le moule \u00e0 chaque fois avant de l&rsquo;utiliser avec la formule antiadh\u00e9sive coolslip pour \u00e9viter que la p\u00e2te \u00e0 modeler ne colle au moule.<\/p>\n","protected":false},"featured_media":31239,"comment_status":"closed","ping_status":"closed","template":"","meta":{"_acf_changed":false,"_seopress_robots_primary_cat":"none","_seopress_titles_title":"","_seopress_titles_desc":"","_seopress_robots_index":""},"more":[],"product_brand":[6521],"product_cat":[15643],"product_tag":[18958,6386,6397,6923,6388,6741,6404,6378,22357,18956,6376,6393,8238,6372,6658,7548,6935,11335,17674,6423,6395,22356,22394,22355,22393,9797,6374,6401,6933,6381,6559,6400,17653,6821,16283,9874,22354,15097,18513,6391,7094,7506,9894,14735],"class_list":{"0":"post-24821","1":"product","2":"type-product","3":"status-publish","4":"has-post-thumbnail","6":"product_brand-promethee","7":"product_cat-moules","8":"product_tag-2-modelisation","9":"product_tag-aida","10":"product_tag-allemagne","11":"product_tag-amsterdam","12":"product_tag-argile","13":"product_tag-argile-3","14":"product_tag-argile-argentee","15":"product_tag-argile-metallique","16":"product_tag-argile-oleagineuse","17":"product_tag-artclayacademy-eu","18":"product_tag-artclaysilver","19":"product_tag-belgique","20":"product_tag-benelux","21":"product_tag-bijoux","22":"product_tag-bijoux-en-argile","23":"product_tag-bijoux-en-argile-2","24":"product_tag-bruxelles","25":"product_tag-caoutchouc-2","26":"product_tag-composants-2","27":"product_tag-de","28":"product_tag-deutsland","29":"product_tag-elephant","30":"product_tag-elephant-2","31":"product_tag-elephants","32":"product_tag-elephants-2","33":"product_tag-epoxy","34":"product_tag-faire","35":"product_tag-france","36":"product_tag-gentilhomme","37":"product_tag-japon","38":"product_tag-lignes-dartisanat","39":"product_tag-luxembourg","40":"product_tag-melange","41":"product_tag-mini","42":"product_tag-modeles-4","43":"product_tag-moule-2","44":"product_tag-moule-6","45":"product_tag-moules-2","46":"product_tag-nailart","47":"product_tag-pays-bas","48":"product_tag-pont","49":"product_tag-pour","50":"product_tag-resine-2","51":"product_tag-silicone","52":"product_shipping_class-standard","54":"first","55":"instock","56":"taxable","57":"shipping-taxable","58":"purchasable","59":"product-type-simple"},"acf":[],"_links":{"self":[{"href":"https:\/\/esquell.eu\/fr\/wp-json\/wp\/v2\/product\/24821","targetHints":{"allow":["GET"]}}],"collection":[{"href":"https:\/\/esquell.eu\/fr\/wp-json\/wp\/v2\/product"}],"about":[{"href":"https:\/\/esquell.eu\/fr\/wp-json\/wp\/v2\/types\/product"}],"replies":[{"embeddable":true,"href":"https:\/\/esquell.eu\/fr\/wp-json\/wp\/v2\/comments?post=24821"}],"wp:featuredmedia":[{"embeddable":true,"href":"https:\/\/esquell.eu\/fr\/wp-json\/wp\/v2\/media\/31239"}],"wp:attachment":[{"href":"https:\/\/esquell.eu\/fr\/wp-json\/wp\/v2\/media?parent=24821"}],"wp:term":[{"taxonomy":"more","embeddable":true,"href":"https:\/\/esquell.eu\/fr\/wp-json\/wp\/v2\/more?post=24821"},{"taxonomy":"product_brand","embeddable":true,"href":"https:\/\/esquell.eu\/fr\/wp-json\/wp\/v2\/product_brand?post=24821"},{"taxonomy":"product_cat","embeddable":true,"href":"https:\/\/esquell.eu\/fr\/wp-json\/wp\/v2\/product_cat?post=24821"},{"taxonomy":"product_tag","embeddable":true,"href":"https:\/\/esquell.eu\/fr\/wp-json\/wp\/v2\/product_tag?post=24821"}],"curies":[{"name":"wp","href":"https:\/\/api.w.org\/{rel}","templated":true}]}}